{"id":6123,"date":"2018-08-31T10:57:18","date_gmt":"2018-08-31T10:57:18","guid":{"rendered":"https:\/\/www.bankweb.com\/de\/?page_id=6123"},"modified":"2019-03-01T11:50:10","modified_gmt":"2019-03-01T11:50:10","slug":"festgeldanlage","status":"publish","type":"page","link":"https:\/\/www.bankweb.com\/de\/festgeldanlage\/","title":{"rendered":"Festgeldanlage"},"content":{"rendered":"<h1 class=\"kredith1\">Festgeldanlage in Deutschland: Lohnt sich das?<\/h1>\n<p>Die Deutschen lieben das Sparen. Die klassische Geldanlage bei der Hausbank oder Internetbank ist dabei die sicherste Form, sein Geld f\u00fcr einen sp\u00e4teren Zeitpunkt zur\u00fcckzulegen.<br \/>\nEine Festgeldanlage bedeutet, einen festen Betrag von klassischerweise mindestens 1.000 Euro f\u00fcr einen Zeitraum von x Monaten oder x Jahren in Form eines Festgeldkontos anzulegen. Der Betrag ist in diesem Zeitraum f\u00fcr den Kunden nicht verf\u00fcgbar.<br \/>\n&nbsp;<br \/>\n<iframe onload=\"fa_iframeresize.do(this);\" src=\"https:\/\/tools.financeads.net\/festgeldrechner.php?tp=dif&#038;h=1&#038;wf=26741&#038;ntpl=responsive&#038;c=50\" scrolling=\"no\" width=\"100%\" style=\"padding:0px;margin:0px;border-width:0px;\" frameborder=\"0\"><\/iframe><script type=\"text\/javascript\" src=\"\/\/js.financeads.net\/iframeResizeMe.min.js.gz\"><\/script><br \/>\n&nbsp;<br \/>\nDaf\u00fcr wird entweder am Ende der Laufzeit oder am Ende jedes Sparjahres ein vorher vereinbarter Zinsbetrag festgeschrieben. Die Verzinsungen sind seit einem Jahrzehnt sehr niedrig in Deutschland. Von Zeit zu Zeit gibt es Sonderkonditionen, die zum Beispiel eine Verzinsung von drei Prozent pro Jahr (p.a.) garantieren, wenn ein Geldbetrag f\u00fcr ein Jahr oder mehrere Jahre festgelegt wird.<br \/>\n&nbsp;<br \/>\nH\u00e4ufig sind Verzinsungen aber noch niedriger mit 0,5 Prozent p.a. oder 0,75 Prozent p.a. Sparer fragen sich h\u00e4ufig, ob sich das <a href=\"https:\/\/www.bankweb.com\/de\/aktien\/\">Sparen<\/a> dann \u00fcberhaupt lohnt. Die Frage kann tats\u00e4chlich beantwortet werden. Es kommt n\u00e4mlich darauf an, was der Kunde mit dem Geldbetrag vorhat. Zum Beispiel kann es sein, dass der Kunde im n\u00e4chsten Jahr eine Weltreise plant und das Geld bereits zusammengespart hat. Da es erst im n\u00e4chsten Jahr ben\u00f6tigt wird und der Kunde es sicher mit kleiner Rendite verwahren m\u00f6chte, ist die Festgeldanlage eine sehr gute Alternative.<br \/>\n&nbsp;<br \/>\n<img loading=\"lazy\" decoding=\"async\" src=\"https:\/\/www.bankweb.com\/de\/wp-content\/uploads\/2018\/08\/festgeld-1-1024x682.jpg\" alt=\"Festgeldanlage\" width=\"580\" height=\"386\" class=\"alignnone size-large wp-image-6127\" srcset=\"https:\/\/www.bankweb.com\/de\/wp-content\/uploads\/2018\/08\/festgeld-1-1024x682.jpg 1024w, https:\/\/www.bankweb.com\/de\/wp-content\/uploads\/2018\/08\/festgeld-1-300x200.jpg 300w, https:\/\/www.bankweb.com\/de\/wp-content\/uploads\/2018\/08\/festgeld-1-768x512.jpg 768w, https:\/\/www.bankweb.com\/de\/wp-content\/uploads\/2018\/08\/festgeld-1.jpg 1280w\" sizes=\"auto, (max-width: 580px) 100vw, 580px\" \/><br \/>\n&nbsp;<br \/>\nDas <a href=\"\/de\">Geld<\/a>, das fest bei der Bank angelegt ist, kann nicht in der Zwischenzeit f\u00fcr einen anderen Wunsch ausgegeben werden. Die Anlage kann so terminiert werden, dass der Anlagebetrag direkt zum gew\u00fcnschten Zeitpunkt wieder frei wird.<br \/>\n&nbsp;<br \/>\nFestgeldanlagen sind auch f\u00fcr Kinder und Jugendliche sehr beliebt. Zu Kommunion oder Konfirmation werden gerne gr\u00f6\u00dfere Geldgeschenke gemacht, die dann mit drei Prozent Verzinsung f\u00fcr drei bis vier Jahre angelegt werden k\u00f6nnen. So hat der Jugendliche in der Zeit des F\u00fchrerscheins genug Geld zur Verf\u00fcgung, um eine Fahrschule zu besuchen oder ein Auto anzuschaffen.<br \/>\n&nbsp;<br \/>\nWenn Sie zum Beispiel eine j\u00e4hrliche Steuerr\u00fcckerstattung erwarten und sie das Geld zurzeit nicht unbedingt ben\u00f6tigen, dann ist das Festgeldsparen eine sehr gute M\u00f6glichkeit, um das Geld einfach schlafen zu lassen. Das hat den Vorteil, dass Sie ein Jahr oder zwei nicht an den Betrag denken m\u00fcssen und das Geld nicht in laufenden Ausgaben versickert.<br \/>\n&nbsp;<br \/>\nGeld ohne Sparziel anzulegen ist nicht sehr attraktiv. Wenn Sie einen Betrag von 2.000 Euro f\u00fcr drei Jahre f\u00fcr drei Prozent p.a. festlegen und der Vertrag eine j\u00e4hrliche Verzinsung ohne Mitverzinsung der Zinsen vorsieht, dann sind das in drei Jahren dreimal 60 \u20ac, also 180 \u20ac Verzinsung. Sieht der Vertrag eine Zinseszinsregelung vor, dann werden die Zinsen des ersten und zweiten Jahres mitverzinst und der Zinsertrag ist leicht erh\u00f6ht, n\u00e4mlich um 3,65 \u20ac mehr.<br \/>\n&nbsp;<br \/>\nAlso nur um des Verzinsungs- und R\u00fccklageeffekts wegen lohnt sich die Festgeldanlage nur eingeschr\u00e4nkt.<br \/>\n&nbsp;<br \/>\nEs kann aber sinnvoll sein, f\u00fcr sein \u00fcbriges Geld eine Festgeldanlage zu vereinbaren, weil sich dann von Zeit zu Zeit ein Konsumwunsch erf\u00fcllen l\u00e4sst. Es gibt zwar heute \u00fcberall Finanzierungsangebote, viel sch\u00f6ner ist es aber, mit dem eigenen Geld in der Tasche W\u00fcnsche zu erf\u00fcllen.<br \/>\n&nbsp;<br \/>\nWenn zum Beispiel aus den vorherigen beiden Jahren jeweils 2.500 Euro am Jahresende \u00fcbrig geblieben sind und diese f\u00fcr ein und zwei Jahren festgelegt wurden, dann werden nach zwei Jahren zeitgleich 5.000 \u20ac plus Verzinsung frei, die f\u00fcr den Kauf und die Renovierung einer neuen K\u00fcche genutzt werden k\u00f6nnen.<br \/>\n&nbsp;<br \/>\n<img loading=\"lazy\" decoding=\"async\" src=\"https:\/\/www.bankweb.com\/de\/wp-content\/uploads\/2018\/08\/festgeld-2-1024x567.jpg\" alt=\"Festgeld vergleich\" width=\"580\" height=\"321\" class=\"alignnone size-large wp-image-6129\" srcset=\"https:\/\/www.bankweb.com\/de\/wp-content\/uploads\/2018\/08\/festgeld-2-1024x567.jpg 1024w, https:\/\/www.bankweb.com\/de\/wp-content\/uploads\/2018\/08\/festgeld-2-300x166.jpg 300w, https:\/\/www.bankweb.com\/de\/wp-content\/uploads\/2018\/08\/festgeld-2-768x425.jpg 768w, https:\/\/www.bankweb.com\/de\/wp-content\/uploads\/2018\/08\/festgeld-2.jpg 1280w\" sizes=\"auto, (max-width: 580px) 100vw, 580px\" \/><br \/>\n&nbsp;<br \/>\nDurch vern\u00fcnftige Festgeldanlage lassen sich Tr\u00e4ume mit Verstand planen und dann auch zum passenden Zeitpunkt umsetzen.<br \/>\n&nbsp;<br \/>\nFestgeldangebote gibt es bei Ihrer Hausbank. Meistens locken aber bessere Konditionen im Internet. Da lohnt es sich, vor der Anlage die Augen offen zu haben. Es gibt von Zeit zu Zeit Angebote gro\u00dfer deutscher Banken, die besser verzinst sind. Hausbanken haben zwar auch Festgeldangebote, aber meistens nur zu 0,5 Prozent.<br \/>\n&nbsp;<br \/>\nDas besonders Gute am Festgeld ist, dass die angelegten Betr\u00e4ge nicht nur durch den abgeschlossenen Vertrag sicher wieder zur\u00fcckgezahlt werden, sondern auch noch durch den Finanzmarkstabilisierungsfonds staatlich abgesichert sind.<br \/>\n&nbsp;<br \/>\nEs handelt sich also um eine Anlageform, die Menschen w\u00e4hlen k\u00f6nnen, die sich wirklich eine 100 Prozent sichere Anlage ohne Risiko w\u00fcnschen.<br \/>\n&nbsp;<br \/>\nWenn man zurzeit auf dem deutschen Markt schaut, dann werden aber tats\u00e4chlich nur sehr wenige Zinsen gezahlt. Zumeist liegt die Verzinsung bei 0,5 Prozent. Aber der Gedanke, etwas mit Sparziel zur\u00fcckzulegen, bleibt trotzdem attraktiv.<br \/>\n&nbsp;<br \/>\n<img loading=\"lazy\" decoding=\"async\" src=\"https:\/\/www.bankweb.com\/de\/wp-content\/uploads\/2018\/08\/festgeld-3-1024x681.jpg\" alt=\"Festgeld in Deutschland\" width=\"580\" height=\"386\" class=\"alignnone size-large wp-image-6130\" srcset=\"https:\/\/www.bankweb.com\/de\/wp-content\/uploads\/2018\/08\/festgeld-3-1024x681.jpg 1024w, https:\/\/www.bankweb.com\/de\/wp-content\/uploads\/2018\/08\/festgeld-3-300x199.jpg 300w, https:\/\/www.bankweb.com\/de\/wp-content\/uploads\/2018\/08\/festgeld-3-768x511.jpg 768w, https:\/\/www.bankweb.com\/de\/wp-content\/uploads\/2018\/08\/festgeld-3.jpg 1280w\" sizes=\"auto, (max-width: 580px) 100vw, 580px\" \/><br \/>\n&nbsp;<br \/>\nWenn Sie sich nicht allzu lange von dem Geld trennen m\u00f6chten und einen t\u00e4glichen Zugriff auf Ihr Kapital haben m\u00f6chten, dann bietet sich noch eine Tagesgeldverzinsung an. Zeitweise gab es darauf auch ein bis zwei Prozent Zinsen, es kann aber auch bis zu null Prozent Zinsen gehen. <a href=\"https:\/\/www.bankweb.com\/de\/tagesgeld\/\">Tagesgeld<\/a> ist geeignet, um eine Abgrenzung zum laufenden Konto zu finden. Die Trennung von ben\u00f6tigtem und sp\u00e4ter ben\u00f6tigtem Geld ist hierbei eher ein psychologischer Effekt zur Verbesserung der \u00dcbersichtlichkeit.<\/p>\n","protected":false},"excerpt":{"rendered":"<p>Festgeldanlage in Deutschland: Lohnt sich das? Die Deutschen lieben das Sparen. Die klassische Geldanlage bei der Hausbank oder Internetbank ist dabei die sicherste Form, sein Geld f\u00fcr einen sp\u00e4teren Zeitpunkt zur\u00fcckzulegen. Eine Festgeldanlage bedeutet, einen festen Betrag von klassischerweise mindestens [&hellip;]<\/p>\n","protected":false},"author":4,"featured_media":0,"parent":0,"menu_order":0,"comment_status":"closed","ping_status":"closed","template":"","meta":{"footnotes":""},"class_list":["post-6123","page","type-page","status-publish","hentry"],"yoast_head":"<!-- This site is optimized with the Yoast SEO plugin v22.6 - https:\/\/yoast.com\/wordpress\/plugins\/seo\/ -->\n<title>Festgeld-Vergleich Deutschland 2019: \u00dcber 50 Banken mit Festgeld im Vergleich<\/title>\n<meta name=\"description\" content=\"Welche Banken bieten die h\u00f6chsten Zinsen aufs Festgeld? - Deutsche &amp; europ\u00e4ische Banken mit 100% Einlagensicherung - Tagesaktuell Zinsen f\u00fcr Festgeld vergleichen\" \/>\n<meta name=\"robots\" content=\"index, follow, max-snippet:-1, max-image-preview:large, max-video-preview:-1\" \/>\n<link rel=\"canonical\" href=\"https:\/\/www.bankweb.com\/de\/festgeldanlage\/\" \/>\n<meta name=\"twitter:card\" content=\"summary_large_image\" \/>\n<meta name=\"twitter:title\" content=\"Festgeld-Vergleich Deutschland 2019: \u00dcber 50 Banken mit Festgeld im Vergleich\" \/>\n<meta name=\"twitter:description\" content=\"Welche Banken bieten die h\u00f6chsten Zinsen aufs Festgeld? - Deutsche &amp; europ\u00e4ische Banken mit 100% Einlagensicherung - Tagesaktuell Zinsen f\u00fcr Festgeld vergleichen\" \/>\n<meta name=\"twitter:image\" content=\"https:\/\/www.bankweb.com\/de\/wp-content\/uploads\/2018\/08\/festgeld-1.jpg\" \/>\n<meta name=\"twitter:label1\" content=\"Ber\u00e4knad l\u00e4stid\" \/>\n\t<meta name=\"twitter:data1\" content=\"4 minuter\" \/>\n<script type=\"application\/ld+json\" class=\"yoast-schema-graph\">{\"@context\":\"https:\/\/schema.org\",\"@graph\":[{\"@type\":\"WebPage\",\"@id\":\"https:\/\/www.bankweb.com\/de\/festgeldanlage\/\",\"url\":\"https:\/\/www.bankweb.com\/de\/festgeldanlage\/\",\"name\":\"Festgeld-Vergleich Deutschland 2019: \u00dcber 50 Banken mit Festgeld im Vergleich\",\"isPartOf\":{\"@id\":\"https:\/\/www.bankweb.com\/de\/#website\"},\"primaryImageOfPage\":{\"@id\":\"https:\/\/www.bankweb.com\/de\/festgeldanlage\/#primaryimage\"},\"image\":{\"@id\":\"https:\/\/www.bankweb.com\/de\/festgeldanlage\/#primaryimage\"},\"thumbnailUrl\":\"https:\/\/www.bankweb.com\/de\/wp-content\/uploads\/2018\/08\/festgeld-1-1024x682.jpg\",\"datePublished\":\"2018-08-31T10:57:18+00:00\",\"dateModified\":\"2019-03-01T11:50:10+00:00\",\"description\":\"Welche Banken bieten die h\u00f6chsten Zinsen aufs Festgeld? - Deutsche & europ\u00e4ische Banken mit 100% Einlagensicherung - Tagesaktuell Zinsen f\u00fcr Festgeld vergleichen\",\"breadcrumb\":{\"@id\":\"https:\/\/www.bankweb.com\/de\/festgeldanlage\/#breadcrumb\"},\"inLanguage\":\"sv-SE\",\"potentialAction\":[{\"@type\":\"ReadAction\",\"target\":[\"https:\/\/www.bankweb.com\/de\/festgeldanlage\/\"]}]},{\"@type\":\"ImageObject\",\"inLanguage\":\"sv-SE\",\"@id\":\"https:\/\/www.bankweb.com\/de\/festgeldanlage\/#primaryimage\",\"url\":\"https:\/\/www.bankweb.com\/de\/wp-content\/uploads\/2018\/08\/festgeld-1.jpg\",\"contentUrl\":\"https:\/\/www.bankweb.com\/de\/wp-content\/uploads\/2018\/08\/festgeld-1.jpg\",\"width\":1280,\"height\":853,\"caption\":\"Festgeldanlage\"},{\"@type\":\"BreadcrumbList\",\"@id\":\"https:\/\/www.bankweb.com\/de\/festgeldanlage\/#breadcrumb\",\"itemListElement\":[{\"@type\":\"ListItem\",\"position\":1,\"name\":\"Hem\",\"item\":\"https:\/\/www.bankweb.com\/de\/\"},{\"@type\":\"ListItem\",\"position\":2,\"name\":\"Festgeldanlage\"}]},{\"@type\":\"WebSite\",\"@id\":\"https:\/\/www.bankweb.com\/de\/#website\",\"url\":\"https:\/\/www.bankweb.com\/de\/\",\"name\":\"Bankweb.com Germany\",\"description\":\"\",\"publisher\":{\"@id\":\"https:\/\/www.bankweb.com\/de\/#organization\"},\"potentialAction\":[{\"@type\":\"SearchAction\",\"target\":{\"@type\":\"EntryPoint\",\"urlTemplate\":\"https:\/\/www.bankweb.com\/de\/?s={search_term_string}\"},\"query-input\":\"required name=search_term_string\"}],\"inLanguage\":\"sv-SE\"},{\"@type\":\"Organization\",\"@id\":\"https:\/\/www.bankweb.com\/de\/#organization\",\"name\":\"Bankweb.com\",\"url\":\"https:\/\/www.bankweb.com\/de\/\",\"logo\":{\"@type\":\"ImageObject\",\"inLanguage\":\"sv-SE\",\"@id\":\"https:\/\/www.bankweb.com\/de\/#\/schema\/logo\/image\/\",\"url\":\"https:\/\/www.bankweb.com\/de\/wp-content\/uploads\/2019\/11\/245px_bankweb_logo.png\",\"contentUrl\":\"https:\/\/www.bankweb.com\/de\/wp-content\/uploads\/2019\/11\/245px_bankweb_logo.png\",\"width\":245,\"height\":49,\"caption\":\"Bankweb.com\"},\"image\":{\"@id\":\"https:\/\/www.bankweb.com\/de\/#\/schema\/logo\/image\/\"}}]}<\/script>\n<!-- \/ Yoast SEO plugin. -->","yoast_head_json":{"title":"Festgeld-Vergleich Deutschland 2019: \u00dcber 50 Banken mit Festgeld im Vergleich","description":"Welche Banken bieten die h\u00f6chsten Zinsen aufs Festgeld? - Deutsche & europ\u00e4ische Banken mit 100% Einlagensicherung - Tagesaktuell Zinsen f\u00fcr Festgeld vergleichen","robots":{"index":"index","follow":"follow","max-snippet":"max-snippet:-1","max-image-preview":"max-image-preview:large","max-video-preview":"max-video-preview:-1"},"canonical":"https:\/\/www.bankweb.com\/de\/festgeldanlage\/","twitter_card":"summary_large_image","twitter_title":"Festgeld-Vergleich Deutschland 2019: \u00dcber 50 Banken mit Festgeld im Vergleich","twitter_description":"Welche Banken bieten die h\u00f6chsten Zinsen aufs Festgeld? - Deutsche & europ\u00e4ische Banken mit 100% Einlagensicherung - Tagesaktuell Zinsen f\u00fcr Festgeld vergleichen","twitter_image":"https:\/\/www.bankweb.com\/de\/wp-content\/uploads\/2018\/08\/festgeld-1.jpg","twitter_misc":{"Ber\u00e4knad l\u00e4stid":"4 minuter"},"schema":{"@context":"https:\/\/schema.org","@graph":[{"@type":"WebPage","@id":"https:\/\/www.bankweb.com\/de\/festgeldanlage\/","url":"https:\/\/www.bankweb.com\/de\/festgeldanlage\/","name":"Festgeld-Vergleich Deutschland 2019: \u00dcber 50 Banken mit Festgeld im Vergleich","isPartOf":{"@id":"https:\/\/www.bankweb.com\/de\/#website"},"primaryImageOfPage":{"@id":"https:\/\/www.bankweb.com\/de\/festgeldanlage\/#primaryimage"},"image":{"@id":"https:\/\/www.bankweb.com\/de\/festgeldanlage\/#primaryimage"},"thumbnailUrl":"https:\/\/www.bankweb.com\/de\/wp-content\/uploads\/2018\/08\/festgeld-1-1024x682.jpg","datePublished":"2018-08-31T10:57:18+00:00","dateModified":"2019-03-01T11:50:10+00:00","description":"Welche Banken bieten die h\u00f6chsten Zinsen aufs Festgeld? - Deutsche & europ\u00e4ische Banken mit 100% Einlagensicherung - Tagesaktuell Zinsen f\u00fcr Festgeld vergleichen","breadcrumb":{"@id":"https:\/\/www.bankweb.com\/de\/festgeldanlage\/#breadcrumb"},"inLanguage":"sv-SE","potentialAction":[{"@type":"ReadAction","target":["https:\/\/www.bankweb.com\/de\/festgeldanlage\/"]}]},{"@type":"ImageObject","inLanguage":"sv-SE","@id":"https:\/\/www.bankweb.com\/de\/festgeldanlage\/#primaryimage","url":"https:\/\/www.bankweb.com\/de\/wp-content\/uploads\/2018\/08\/festgeld-1.jpg","contentUrl":"https:\/\/www.bankweb.com\/de\/wp-content\/uploads\/2018\/08\/festgeld-1.jpg","width":1280,"height":853,"caption":"Festgeldanlage"},{"@type":"BreadcrumbList","@id":"https:\/\/www.bankweb.com\/de\/festgeldanlage\/#breadcrumb","itemListElement":[{"@type":"ListItem","position":1,"name":"Hem","item":"https:\/\/www.bankweb.com\/de\/"},{"@type":"ListItem","position":2,"name":"Festgeldanlage"}]},{"@type":"WebSite","@id":"https:\/\/www.bankweb.com\/de\/#website","url":"https:\/\/www.bankweb.com\/de\/","name":"Bankweb.com Germany","description":"","publisher":{"@id":"https:\/\/www.bankweb.com\/de\/#organization"},"potentialAction":[{"@type":"SearchAction","target":{"@type":"EntryPoint","urlTemplate":"https:\/\/www.bankweb.com\/de\/?s={search_term_string}"},"query-input":"required name=search_term_string"}],"inLanguage":"sv-SE"},{"@type":"Organization","@id":"https:\/\/www.bankweb.com\/de\/#organization","name":"Bankweb.com","url":"https:\/\/www.bankweb.com\/de\/","logo":{"@type":"ImageObject","inLanguage":"sv-SE","@id":"https:\/\/www.bankweb.com\/de\/#\/schema\/logo\/image\/","url":"https:\/\/www.bankweb.com\/de\/wp-content\/uploads\/2019\/11\/245px_bankweb_logo.png","contentUrl":"https:\/\/www.bankweb.com\/de\/wp-content\/uploads\/2019\/11\/245px_bankweb_logo.png","width":245,"height":49,"caption":"Bankweb.com"},"image":{"@id":"https:\/\/www.bankweb.com\/de\/#\/schema\/logo\/image\/"}}]}},"_links":{"self":[{"href":"https:\/\/www.bankweb.com\/de\/wp-json\/wp\/v2\/pages\/6123","targetHints":{"allow":["GET"]}}],"collection":[{"href":"https:\/\/www.bankweb.com\/de\/wp-json\/wp\/v2\/pages"}],"about":[{"href":"https:\/\/www.bankweb.com\/de\/wp-json\/wp\/v2\/types\/page"}],"author":[{"embeddable":true,"href":"https:\/\/www.bankweb.com\/de\/wp-json\/wp\/v2\/users\/4"}],"replies":[{"embeddable":true,"href":"https:\/\/www.bankweb.com\/de\/wp-json\/wp\/v2\/comments?post=6123"}],"version-history":[{"count":0,"href":"https:\/\/www.bankweb.com\/de\/wp-json\/wp\/v2\/pages\/6123\/revisions"}],"wp:attachment":[{"href":"https:\/\/www.bankweb.com\/de\/wp-json\/wp\/v2\/media?parent=6123"}],"curies":[{"name":"wp","href":"https:\/\/api.w.org\/{rel}","templated":true}]}}