{"id":6112,"date":"2018-08-31T09:29:59","date_gmt":"2018-08-31T09:29:59","guid":{"rendered":"https:\/\/www.bankweb.com\/de\/?page_id=6112"},"modified":"2019-03-01T11:48:55","modified_gmt":"2019-03-01T11:48:55","slug":"rechtsschutzversicherung","status":"publish","type":"page","link":"https:\/\/www.bankweb.com\/de\/rechtsschutzversicherung\/","title":{"rendered":"Rechtsschutzversicherung"},"content":{"rendered":"<h1 class=\"kredith1\">Rechtsschutzversicherung \u2014 entspannt sein Recht durchsetzen<\/h1>\n<p>Die Rechtsschutzversicherung geh\u00f6rt mit zu den wichtigsten Versicherungen. Denn jeder noch so friedliebende Mensch kann in einen Rechtsstreit verwickelt werden. Daher sollte jedermann eine Rechtsschutzversicherung besitzen. Sie \u00fcbernimmt zum einen die Interessen des Versicherten.<br \/>\n&nbsp;<br \/>\n<center><a href=\"https:\/\/a.partner-versicherung.de\/click.php?partner_id=92094&#038;ad_id=787&#038;deep=rechtsschutzversicherung\"  target=\"_blank\" rel=\"noopener noreferrer\"><img decoding=\"async\" src=\"https:\/\/a.partner-versicherung.de\/view.php?partner_id=92094&#038;ad_id=787\" ><\/a><\/center><\/p>\n<div style=\"width: 100%\" id=\"tcpp-iframe-rs\"><\/div>\n<p><script src=\"https:\/\/form.partner-versicherung.de\/widgets\/92094\/tcpp-iframe-rs\/rs-iframe.js\"><\/script><br \/>\n<iframe src=\"https:\/\/a.partner-versicherung.de\/filestore\/ad\/1166\/index.php?partner_id=92094\" width=\"100%\" scrolling=\"no\" border=\"0\"><\/iframe><br \/>\n&nbsp;<br \/>\nZum anderen ber\u00e4t sie bei gerichtlichen Auseinandersetzungen und zahlt Rechtsanwaltskosten. Kommt es zu einem Gerichtsprozess, k\u00f6nnen schnell gro\u00dfe Summen auflaufen. Bereits vor einem Rechtsstreit unterst\u00fctzt die Rechtsschutzversicherung mit kompetenter Beratung und kl\u00e4rt den Kunden \u00fcber m\u00f6gliche Erfolgsaussichten und Kosten auf.<br \/>\n&nbsp;<br \/>\nIn vielen Rechtsschutzf\u00e4llen geht es um hohe Streitwerte, die die meisten Menschen oft nicht verkraften k\u00f6nnen. H\u00e4ufig sind Sachverst\u00e4ndige n\u00f6tig und Gutachten sind kostenintensiv. Ein Rechtsschutzfall kann zu einer Bedrohung der Existenz f\u00fchren.<br \/>\n&nbsp;<br \/>\n<img loading=\"lazy\" decoding=\"async\" src=\"https:\/\/www.bankweb.com\/de\/wp-content\/uploads\/2018\/08\/Rechtsschutzversicherung-1-1024x698.png\" alt=\"Rechtsschutzversicherung\" width=\"580\" height=\"395\" class=\"alignnone size-large wp-image-6118\" srcset=\"https:\/\/www.bankweb.com\/de\/wp-content\/uploads\/2018\/08\/Rechtsschutzversicherung-1-1024x698.png 1024w, https:\/\/www.bankweb.com\/de\/wp-content\/uploads\/2018\/08\/Rechtsschutzversicherung-1-300x204.png 300w, https:\/\/www.bankweb.com\/de\/wp-content\/uploads\/2018\/08\/Rechtsschutzversicherung-1-768x523.png 768w, https:\/\/www.bankweb.com\/de\/wp-content\/uploads\/2018\/08\/Rechtsschutzversicherung-1.png 1280w\" sizes=\"auto, (max-width: 580px) 100vw, 580px\" \/><br \/>\n&nbsp;<\/p>\n<h2>Recht haben bedeutet nicht immer Recht bekommen<\/h2>\n<p>Recht ist eine Interpretation. Es ist an der Tagesordnung, dass im Streitfall Gesch\u00e4digte um ihr Recht k\u00e4mpfen m\u00fcssen. Lange Prozesse und Nerven dabei lassen, sind nicht selten und bedeuten auch nicht, dass der Gesch\u00e4digte sein Recht bekommt. Aber mit der optimalen Rechtsschutzversicherung im Hintergrund kann ein Gesch\u00e4digter ebenb\u00fcrtig streiten.<br \/>\n&nbsp;<br \/>\nDenn um ihr Recht k\u00e4mpfen sollten Betroffene auf jeden Fall. Allgemein l\u00e4sst sich sagen, dass Menschen mit einer Rechtsschutzversicherung schneller zum Rechtsstreit bereit sind. Diejenigen, die ohne diese Absicherung dastehen, m\u00fcssen n\u00e4mlich die vollen Kosten aus eigener Tasche tragen.<br \/>\n&nbsp;<\/p>\n<h2>Privat-Beruf-Verkehr-Rechtsschutz<\/h2>\n<p>Der Privat-Berufs-Verkehrs-Rechtschutz ist ein Muss und sollte zum Standard im Privathaushalt geh\u00f6ren. Hierzu z\u00e4hlen alle privaten, beruflichen und verkehrsrechtlichen Streitigkeiten. Die Rechtsschutzversicherung leistet f\u00fcr eine telefonische Beratung, Strafkautionen, Gutachtenkosten und Anwalts- und Gerichtskosten. Einige Rechtsschutzversicherer bieten noch verschiedene Zus\u00e4tze, wie beispielsweise Mediationsrechtsschutz oder kinderfreundliche Regelungen an.<br \/>\n&nbsp;<\/p>\n<h3>Wohn- und Mietrechtsschutz<\/h3>\n<p>Damit Menschen unbeschwert in ihrem Zuhause leben k\u00f6nnen, sind sie mit dem Wohn- und Mietrechtsschutz rundum abgesichert. Dazu kommt f\u00fcr Eigent\u00fcmer noch die Absicherung von Haus und Grundst\u00fcck. Die Rechtsschutzversicherung sch\u00fctzt das Recht, sollte es zu Konflikten mit dem Vermieter oder den Nachbarn kommen.<br \/>\n&nbsp;<br \/>\nHier werden ebenfalls Anwalts- und Gerichtskosten sowie f\u00fcr Gutachten und die anwaltliche Beratung \u00fcbernommen.<br \/>\n&nbsp;<\/p>\n<h3>Vermieterrechtsschutz<\/h3>\n<p>Als Eigent\u00fcmer von Wohneinheiten ist der Vermieter nicht vor ausstehenden Mieten, Streit um Mietkautionen, Mietminderungen oder Zwangsr\u00e4umungen gefeit. Hier \u00fcbernimmt die Rechtsschutzversicherung ebenso Anwalts- und Gerichts- sowie Gutachterkosten.<br \/>\n&nbsp;<br \/>\n<img loading=\"lazy\" decoding=\"async\" src=\"https:\/\/www.bankweb.com\/de\/wp-content\/uploads\/2018\/08\/Rechtsschutzversicherung-2-1024x670.jpg\" alt=\"Recht durchsetzen\" width=\"580\" height=\"379\" class=\"alignnone size-large wp-image-6119\" srcset=\"https:\/\/www.bankweb.com\/de\/wp-content\/uploads\/2018\/08\/Rechtsschutzversicherung-2-1024x670.jpg 1024w, https:\/\/www.bankweb.com\/de\/wp-content\/uploads\/2018\/08\/Rechtsschutzversicherung-2-300x196.jpg 300w, https:\/\/www.bankweb.com\/de\/wp-content\/uploads\/2018\/08\/Rechtsschutzversicherung-2-768x502.jpg 768w, https:\/\/www.bankweb.com\/de\/wp-content\/uploads\/2018\/08\/Rechtsschutzversicherung-2.jpg 1280w\" sizes=\"auto, (max-width: 580px) 100vw, 580px\" \/><br \/>\n&nbsp;<\/p>\n<h3>Rechtsschutz f\u00fcr das Gewerbe und Flotte<\/h3>\n<p>Menschen, die ein Unternehmen leiten, haben eine gro\u00dfe Verantwortung f\u00fcr die Firma. Dazu kommen noch Angestellte und Firmenfahrzeuge. Ohne eine entsprechende Absicherung kann ein Rechtsstreit zur Existenzbedrohung werden.<br \/>\n&nbsp;<br \/>\nEine Flottenversicherung sch\u00fctzt alle Fahrzeuge der Firma vor rechtlichen sowie finanziellen Folgen. Die Kosten f\u00fcr Anwalt und Gericht sowie f\u00fcr Gutachten oder Strafkautionen werden ebenfalls von der Rechtsschutzversicherung \u00fcbernommen.<br \/>\n&nbsp;<br \/>\nEin Unternehmer ist ebenso Privatperson. Einige Rechtsschutzversicherer bieten daher Vertr\u00e4ge an, in denen beides versichert ist. Zum einen der Firmeninhaber als Selbst\u00e4ndiger und zum anderen als Privatperson mitsamt der ganzen Familie.<br \/>\n&nbsp;<\/p>\n<h3>Rechtschutz f\u00fcr Familien, Singles und Senioren<\/h3>\n<p>In der Familienversicherung ist der Versicherungsnehmer dessen Ehepartner oder Lebenspartner mitversichert. Kinder sind bis zum 25. Lebensjahr mitversichert, wenn sie bis dahin noch in einer Schul- und Berufsausbildung stehen.<br \/>\n&nbsp;<br \/>\nAlleinstehende Menschen k\u00f6nnen sich bei den meisten Rechtsschutzversicherern als Single versichern lassen und erhalten daf\u00fcr einen g\u00fcnstigeren Beitrag.<br \/>\nEbenso bieten die meisten Rechtsschutzversicherungen auch kosteng\u00fcnstige Seniorentarife an.<br \/>\n&nbsp;<\/p>\n<h3>Selbstbeteiligungen<\/h3>\n<p>Die Rechtsschutzversicherung ist keine <a href=\"https:\/\/www.bankweb.com\/de\/kfz\/\">g\u00fcnstige Versicherung<\/a>, denn Recht ist teuer. Viele Rechtsschutzversicherer bieten daher Tarife mit Selbstbeteiligungen in verschiedenen H\u00f6hen an. Und Menschen, die nicht zwingend auf Streit aus sind, k\u00f6nnen damit im Ernstfall gut leben und Versicherungspr\u00e4mie sparen.<br \/>\n&nbsp;<\/p>\n<h4>Wartezeiten<\/h4>\n<p>Manche Rechtsschutzversicherer installieren in ihren Vertr\u00e4gen Wartezeiten ein. Diese kann den kompletten Vertrag betreffen oder auch nur einzelne Bausteine. Wartezeiten k\u00f6nnen drei oder sechs Monate betragen. Der Baustein Verkehrsrechtsschutz beinhaltet meiste keine Wartezeit.<br \/>\n&nbsp;<br \/>\nKommt es w\u00e4hrend der Wartezeit zu einem Rechtsschutzfall, dann gilt der Versicherungsschutz f\u00fcr diesen Fall nicht. Der Betroffene kann dann keine Leistungen an den Rechtsschutzversicherer geltend machen.<br \/>\n&nbsp;<br \/>\n<img loading=\"lazy\" decoding=\"async\" src=\"https:\/\/www.bankweb.com\/de\/wp-content\/uploads\/2018\/08\/Rechtsschutzversicherung-1-1024x691.jpg\" alt=\"versicherung\" width=\"580\" height=\"391\" class=\"alignnone size-large wp-image-6120\" srcset=\"https:\/\/www.bankweb.com\/de\/wp-content\/uploads\/2018\/08\/Rechtsschutzversicherung-1-1024x691.jpg 1024w, https:\/\/www.bankweb.com\/de\/wp-content\/uploads\/2018\/08\/Rechtsschutzversicherung-1-300x203.jpg 300w, https:\/\/www.bankweb.com\/de\/wp-content\/uploads\/2018\/08\/Rechtsschutzversicherung-1-768x518.jpg 768w, https:\/\/www.bankweb.com\/de\/wp-content\/uploads\/2018\/08\/Rechtsschutzversicherung-1.jpg 1280w\" sizes=\"auto, (max-width: 580px) 100vw, 580px\" \/><br \/>\n&nbsp;<\/p>\n<h4>Das sollten Versicherte beachten<\/h4>\n<p>Der Weg zum Gericht kann f\u00fcr den Gesch\u00e4digten sehr kostspielig werden. Hier kann beispielsweise die erste Instanz schon die H\u00e4lfte und mehr vom Streitwert kosten. Und in der zweiten Instanz k\u00f6nnen die Kosten schon den Streitwert \u00fcberschreiten. Sachverst\u00e4ndigenkosten, Gutachterkosten und vieles mehr kommen auf den Betroffenen zu.<br \/>\n&nbsp;<br \/>\nWer eine Rechtsschutzversicherung abschlie\u00dft, sollte sich daher genau \u00fcber die Leistungen informieren. Denn sie sind letztendlich ausschlaggebend f\u00fcr die Leistung der Versicherung. Ist dem Kunden der Preis f\u00fcr seine gew\u00e4hlte Versicherungsleistung zu hoch, kann er wie schon angesprochen eine Selbstbeteiligung w\u00e4hlen. Dadurch wird die Versicherung g\u00fcnstiger.<br \/>\n&nbsp;<br \/>\nBeim Abschluss der Rechtsschutzversicherung muss sich der Versicherte dar\u00fcber klar sein, dass die abgeschlossene Versicherung nur f\u00fcr F\u00e4lle leistet, die nach Vertragsabschluss des abgeschlossenen Versicherungsvertrages eintreten. \u00c4rgernisse, die davor stattfanden, fallen nicht in diesen Leistungsbereich.<br \/>\n&nbsp;<br \/>\nOb eine Rechtsschutzversicherung leistet, h\u00e4ngt auch von den vorvertraglichen Anzeigepflichten ab, die wahrheitsgetreu dokumentiert sein m\u00fcssen.<br \/>\n&nbsp;<br \/>\nMit einer Rechtsschutzversicherung k\u00f6nnen Versicherte einem eventuellen Rechtsstreit entspannt entgegensehen und auf Nummer sicher gehen, zumindest, was die Kosten betrifft.<\/p>\n","protected":false},"excerpt":{"rendered":"<p>Rechtsschutzversicherung \u2014 entspannt sein Recht durchsetzen Die Rechtsschutzversicherung geh\u00f6rt mit zu den wichtigsten Versicherungen. Denn jeder noch so friedliebende Mensch kann in einen Rechtsstreit verwickelt werden. Daher sollte jedermann eine Rechtsschutzversicherung besitzen. Sie \u00fcbernimmt zum einen die Interessen des Versicherten. [&hellip;]<\/p>\n","protected":false},"author":4,"featured_media":0,"parent":0,"menu_order":0,"comment_status":"closed","ping_status":"closed","template":"","meta":{"footnotes":""},"class_list":["post-6112","page","type-page","status-publish","hentry"],"yoast_head":"<!-- This site is optimized with the Yoast SEO plugin v22.6 - https:\/\/yoast.com\/wordpress\/plugins\/seo\/ -->\n<title>Rechtsschutzversicherung Test &amp; Vergleich 2019 - Vergleich der Anbieter<\/title>\n<meta name=\"description\" content=\"Profitieren Sie von der gro\u00dfen Auswahl beim Testsieger und sparen Sie dabei bis zu 80% - Fairster Anbieter im Test - Bankweb.com\" \/>\n<meta name=\"robots\" content=\"index, follow, max-snippet:-1, max-image-preview:large, max-video-preview:-1\" \/>\n<link rel=\"canonical\" href=\"https:\/\/www.bankweb.com\/de\/rechtsschutzversicherung\/\" \/>\n<meta name=\"twitter:card\" content=\"summary_large_image\" \/>\n<meta name=\"twitter:title\" content=\"Rechtsschutzversicherung Test &amp; Vergleich 2019 - Vergleich der Anbieter\" \/>\n<meta name=\"twitter:description\" content=\"Profitieren Sie von der gro\u00dfen Auswahl beim Testsieger und sparen Sie dabei bis zu 80% - Fairster Anbieter im Test - Bankweb.com\" \/>\n<meta name=\"twitter:image\" content=\"https:\/\/a.partner-versicherung.de\/view.php?partner_id=92094&ad_id=787\" \/>\n<meta name=\"twitter:label1\" content=\"Ber\u00e4knad l\u00e4stid\" \/>\n\t<meta name=\"twitter:data1\" content=\"4 minuter\" \/>\n<script type=\"application\/ld+json\" class=\"yoast-schema-graph\">{\"@context\":\"https:\/\/schema.org\",\"@graph\":[{\"@type\":\"WebPage\",\"@id\":\"https:\/\/www.bankweb.com\/de\/rechtsschutzversicherung\/\",\"url\":\"https:\/\/www.bankweb.com\/de\/rechtsschutzversicherung\/\",\"name\":\"Rechtsschutzversicherung Test & Vergleich 2019 - Vergleich der Anbieter\",\"isPartOf\":{\"@id\":\"https:\/\/www.bankweb.com\/de\/#website\"},\"primaryImageOfPage\":{\"@id\":\"https:\/\/www.bankweb.com\/de\/rechtsschutzversicherung\/#primaryimage\"},\"image\":{\"@id\":\"https:\/\/www.bankweb.com\/de\/rechtsschutzversicherung\/#primaryimage\"},\"thumbnailUrl\":\"https:\/\/a.partner-versicherung.de\/view.php?partner_id=92094&ad_id=787\",\"datePublished\":\"2018-08-31T09:29:59+00:00\",\"dateModified\":\"2019-03-01T11:48:55+00:00\",\"description\":\"Profitieren Sie von der gro\u00dfen Auswahl beim Testsieger und sparen Sie dabei bis zu 80% - Fairster Anbieter im Test - Bankweb.com\",\"breadcrumb\":{\"@id\":\"https:\/\/www.bankweb.com\/de\/rechtsschutzversicherung\/#breadcrumb\"},\"inLanguage\":\"sv-SE\",\"potentialAction\":[{\"@type\":\"ReadAction\",\"target\":[\"https:\/\/www.bankweb.com\/de\/rechtsschutzversicherung\/\"]}]},{\"@type\":\"ImageObject\",\"inLanguage\":\"sv-SE\",\"@id\":\"https:\/\/www.bankweb.com\/de\/rechtsschutzversicherung\/#primaryimage\",\"url\":\"https:\/\/a.partner-versicherung.de\/view.php?partner_id=92094&ad_id=787\",\"contentUrl\":\"https:\/\/a.partner-versicherung.de\/view.php?partner_id=92094&ad_id=787\"},{\"@type\":\"BreadcrumbList\",\"@id\":\"https:\/\/www.bankweb.com\/de\/rechtsschutzversicherung\/#breadcrumb\",\"itemListElement\":[{\"@type\":\"ListItem\",\"position\":1,\"name\":\"Hem\",\"item\":\"https:\/\/www.bankweb.com\/de\/\"},{\"@type\":\"ListItem\",\"position\":2,\"name\":\"Rechtsschutzversicherung\"}]},{\"@type\":\"WebSite\",\"@id\":\"https:\/\/www.bankweb.com\/de\/#website\",\"url\":\"https:\/\/www.bankweb.com\/de\/\",\"name\":\"Bankweb.com Germany\",\"description\":\"\",\"publisher\":{\"@id\":\"https:\/\/www.bankweb.com\/de\/#organization\"},\"potentialAction\":[{\"@type\":\"SearchAction\",\"target\":{\"@type\":\"EntryPoint\",\"urlTemplate\":\"https:\/\/www.bankweb.com\/de\/?s={search_term_string}\"},\"query-input\":\"required name=search_term_string\"}],\"inLanguage\":\"sv-SE\"},{\"@type\":\"Organization\",\"@id\":\"https:\/\/www.bankweb.com\/de\/#organization\",\"name\":\"Bankweb.com\",\"url\":\"https:\/\/www.bankweb.com\/de\/\",\"logo\":{\"@type\":\"ImageObject\",\"inLanguage\":\"sv-SE\",\"@id\":\"https:\/\/www.bankweb.com\/de\/#\/schema\/logo\/image\/\",\"url\":\"https:\/\/www.bankweb.com\/de\/wp-content\/uploads\/2019\/11\/245px_bankweb_logo.png\",\"contentUrl\":\"https:\/\/www.bankweb.com\/de\/wp-content\/uploads\/2019\/11\/245px_bankweb_logo.png\",\"width\":245,\"height\":49,\"caption\":\"Bankweb.com\"},\"image\":{\"@id\":\"https:\/\/www.bankweb.com\/de\/#\/schema\/logo\/image\/\"}}]}<\/script>\n<!-- \/ Yoast SEO plugin. -->","yoast_head_json":{"title":"Rechtsschutzversicherung Test & Vergleich 2019 - Vergleich der Anbieter","description":"Profitieren Sie von der gro\u00dfen Auswahl beim Testsieger und sparen Sie dabei bis zu 80% - Fairster Anbieter im Test - Bankweb.com","robots":{"index":"index","follow":"follow","max-snippet":"max-snippet:-1","max-image-preview":"max-image-preview:large","max-video-preview":"max-video-preview:-1"},"canonical":"https:\/\/www.bankweb.com\/de\/rechtsschutzversicherung\/","twitter_card":"summary_large_image","twitter_title":"Rechtsschutzversicherung Test & Vergleich 2019 - Vergleich der Anbieter","twitter_description":"Profitieren Sie von der gro\u00dfen Auswahl beim Testsieger und sparen Sie dabei bis zu 80% - Fairster Anbieter im Test - Bankweb.com","twitter_image":"https:\/\/a.partner-versicherung.de\/view.php?partner_id=92094&ad_id=787","twitter_misc":{"Ber\u00e4knad l\u00e4stid":"4 minuter"},"schema":{"@context":"https:\/\/schema.org","@graph":[{"@type":"WebPage","@id":"https:\/\/www.bankweb.com\/de\/rechtsschutzversicherung\/","url":"https:\/\/www.bankweb.com\/de\/rechtsschutzversicherung\/","name":"Rechtsschutzversicherung Test & Vergleich 2019 - Vergleich der Anbieter","isPartOf":{"@id":"https:\/\/www.bankweb.com\/de\/#website"},"primaryImageOfPage":{"@id":"https:\/\/www.bankweb.com\/de\/rechtsschutzversicherung\/#primaryimage"},"image":{"@id":"https:\/\/www.bankweb.com\/de\/rechtsschutzversicherung\/#primaryimage"},"thumbnailUrl":"https:\/\/a.partner-versicherung.de\/view.php?partner_id=92094&ad_id=787","datePublished":"2018-08-31T09:29:59+00:00","dateModified":"2019-03-01T11:48:55+00:00","description":"Profitieren Sie von der gro\u00dfen Auswahl beim Testsieger und sparen Sie dabei bis zu 80% - Fairster Anbieter im Test - Bankweb.com","breadcrumb":{"@id":"https:\/\/www.bankweb.com\/de\/rechtsschutzversicherung\/#breadcrumb"},"inLanguage":"sv-SE","potentialAction":[{"@type":"ReadAction","target":["https:\/\/www.bankweb.com\/de\/rechtsschutzversicherung\/"]}]},{"@type":"ImageObject","inLanguage":"sv-SE","@id":"https:\/\/www.bankweb.com\/de\/rechtsschutzversicherung\/#primaryimage","url":"https:\/\/a.partner-versicherung.de\/view.php?partner_id=92094&ad_id=787","contentUrl":"https:\/\/a.partner-versicherung.de\/view.php?partner_id=92094&ad_id=787"},{"@type":"BreadcrumbList","@id":"https:\/\/www.bankweb.com\/de\/rechtsschutzversicherung\/#breadcrumb","itemListElement":[{"@type":"ListItem","position":1,"name":"Hem","item":"https:\/\/www.bankweb.com\/de\/"},{"@type":"ListItem","position":2,"name":"Rechtsschutzversicherung"}]},{"@type":"WebSite","@id":"https:\/\/www.bankweb.com\/de\/#website","url":"https:\/\/www.bankweb.com\/de\/","name":"Bankweb.com Germany","description":"","publisher":{"@id":"https:\/\/www.bankweb.com\/de\/#organization"},"potentialAction":[{"@type":"SearchAction","target":{"@type":"EntryPoint","urlTemplate":"https:\/\/www.bankweb.com\/de\/?s={search_term_string}"},"query-input":"required name=search_term_string"}],"inLanguage":"sv-SE"},{"@type":"Organization","@id":"https:\/\/www.bankweb.com\/de\/#organization","name":"Bankweb.com","url":"https:\/\/www.bankweb.com\/de\/","logo":{"@type":"ImageObject","inLanguage":"sv-SE","@id":"https:\/\/www.bankweb.com\/de\/#\/schema\/logo\/image\/","url":"https:\/\/www.bankweb.com\/de\/wp-content\/uploads\/2019\/11\/245px_bankweb_logo.png","contentUrl":"https:\/\/www.bankweb.com\/de\/wp-content\/uploads\/2019\/11\/245px_bankweb_logo.png","width":245,"height":49,"caption":"Bankweb.com"},"image":{"@id":"https:\/\/www.bankweb.com\/de\/#\/schema\/logo\/image\/"}}]}},"_links":{"self":[{"href":"https:\/\/www.bankweb.com\/de\/wp-json\/wp\/v2\/pages\/6112","targetHints":{"allow":["GET"]}}],"collection":[{"href":"https:\/\/www.bankweb.com\/de\/wp-json\/wp\/v2\/pages"}],"about":[{"href":"https:\/\/www.bankweb.com\/de\/wp-json\/wp\/v2\/types\/page"}],"author":[{"embeddable":true,"href":"https:\/\/www.bankweb.com\/de\/wp-json\/wp\/v2\/users\/4"}],"replies":[{"embeddable":true,"href":"https:\/\/www.bankweb.com\/de\/wp-json\/wp\/v2\/comments?post=6112"}],"version-history":[{"count":0,"href":"https:\/\/www.bankweb.com\/de\/wp-json\/wp\/v2\/pages\/6112\/revisions"}],"wp:attachment":[{"href":"https:\/\/www.bankweb.com\/de\/wp-json\/wp\/v2\/media?parent=6112"}],"curies":[{"name":"wp","href":"https:\/\/api.w.org\/{rel}","templated":true}]}}