{"id":6094,"date":"2018-08-31T06:29:49","date_gmt":"2018-08-31T06:29:49","guid":{"rendered":"https:\/\/www.bankweb.com\/de\/?page_id=6094"},"modified":"2020-01-08T12:08:15","modified_gmt":"2020-01-08T12:08:15","slug":"kfz","status":"publish","type":"page","link":"https:\/\/www.bankweb.com\/de\/kfz\/","title":{"rendered":"Kfz"},"content":{"rendered":"<h1 class=\"kredith1\">Kfz-Versicherungen in Deutschland<\/h1>\n<p>Sie brauchen eine neue Autoversicherung? Ein Neukauf steht an oder der Nachwuchs steht vor der F\u00fchrerscheinpr\u00fcfung?<br \/>\n&nbsp;<br \/>\n<center><a href=\"https:\/\/a.partner-versicherung.de\/click.php?partner_id=92094&#038;ad_id=442&#038;deep=kfz-versicherung\" target=\"_blank\" rel=\"noopener noreferrer\"><img decoding=\"async\" src=\"https:\/\/a.partner-versicherung.de\/view.php?partner_id=92094&#038;ad_id=442\" ><\/a><\/center><\/p>\n<div style=\"width: 100%\" id=\"tcpp-iframe-kfz\"><\/div>\n<p><script src=\"https:\/\/form.partner-versicherung.de\/widgets\/92094\/tcpp-iframe-kfz\/kfz-iframe.js\"><\/script><br \/>\n<iframe src=\"https:\/\/a.partner-versicherung.de\/filestore\/ad\/1166\/index.php?partner_id=92094\" width=\"100%\" scrolling=\"no\" border=\"0\"><\/iframe><\/p>\n<h2>Versicherungsmakler oder Vergleichsportal?<\/h2>\n<p>Prinzipiell gibt es zwei M\u00f6glichkeiten. Der klassische Versicherungsmakler kommt nach Hause und hilft beim Ausf\u00fcllen der Antragsformulare. Im Schadensfall kann man auf diesen pers\u00f6nlichen Service zur\u00fcckgreifen. Fast alle gro\u00dfen deutschen Versicherungsunternehmen betreiben ein Netz aus haupt- und nebenberuflichen Maklern. Die Fachleute kennen sich nicht nur mit dem Thema Kfz aus, sie sind auch Spezialisten f\u00fcr alle <a href=\"https:\/\/www.bankweb.com\/de\/krankenversicherung\/\">Versicherungsvarianten<\/a> ihres Arbeitgebers.<br \/>\n&nbsp;<br \/>\n<img loading=\"lazy\" decoding=\"async\" src=\"https:\/\/www.bankweb.com\/de\/wp-content\/uploads\/2018\/08\/kfz-1-1024x680.jpg\" alt=\"Kfz-Versicherungen in Deutschland\" width=\"580\" height=\"385\" class=\"alignnone size-large wp-image-6099\" srcset=\"https:\/\/www.bankweb.com\/de\/wp-content\/uploads\/2018\/08\/kfz-1-1024x680.jpg 1024w, https:\/\/www.bankweb.com\/de\/wp-content\/uploads\/2018\/08\/kfz-1-300x199.jpg 300w, https:\/\/www.bankweb.com\/de\/wp-content\/uploads\/2018\/08\/kfz-1-768x510.jpg 768w, https:\/\/www.bankweb.com\/de\/wp-content\/uploads\/2018\/08\/kfz-1.jpg 1280w\" sizes=\"auto, (max-width: 580px) 100vw, 580px\" \/><br \/>\n&nbsp;<br \/>\nImmer beliebter werden Vergleichsportale, bei denen man bequem online alle Anbieter der Branche im Zugriff hat. Ziel der meisten Kunden ist es, einen m\u00f6glichst g\u00fcnstigen Tarif zu finden und im Dschungel der Versicherungstarife ist es nicht leicht, den \u00dcberblick zu behalten. Check24 und Verivox sind derzeit die beiden gro\u00dfen Namen auf dem deutschen Markt. Und man ist nicht nur auf Versicherungen spezialisiert, auch Strom- und Gastarife, Handy-Tarife, <a href=\"https:\/\/www.bankweb.com\/de\/kreditvergleich\/\">Kredite<\/a>, Reisen und vieles mehr kann man hier vergleichen.<br \/>\n&nbsp;<\/p>\n<h3>Fragenkatalog<\/h3>\n<p>Aber auch im Portal gilt &#8221;Ohne Flei\u00df kein Preis!&#8221;. Will man die richtige Versicherung f\u00fcr sein Fahrzeug finden, muss man zuerst Informationen liefern. K\u00f6nnte es nicht ganz einfach sein, Name, Adresse, Fahrzeugtyp, sollten doch reichen? Weit gefehlt, die angebotenen Tarife sind komplex, es gilt erstmal, alle Fragen zu beantworten.<br \/>\n&nbsp;<br \/>\nViele Details haben auf den ersten Blick gar nichts mit dem Auto zu tun. Wohnen Sie im eigenen Haus? Oder besitzen Sie eine Monatskarte f\u00fcr die Bahn? F\u00fcr Sie als Endkunde sind diese Fragen vielleicht ein Buch mit sieben Siegeln. Aber in langj\u00e4hriger Kleinarbeit haben die Versicherungsmathematiker aus unz\u00e4hligen Statistiken herausgelesen, wer mehr Sch\u00e4den verursacht und daher h\u00f6here Pr\u00e4mien zahlen muss. Wer ein Profil mit geringerem Schadensrisiko hat, der kann sparen!<br \/>\n&nbsp;<\/p>\n<h3>Kerndaten<\/h3>\n<p>Die wichtigsten Informationen f\u00fcr die Berechnungen des Tarifs sind:<\/p>\n<ul>\n<li>Typenklasse des Fahrzeugs<\/li>\n<li>Regionalklasse des Wohnorts<\/li>\n<li>Schadensfreiheitsrabatte in Haftpflicht und Kasko (wer unfallfrei bleibt, bekommt Jahr f\u00fcr Jahr h\u00f6here Rabatte, im Schadensfall wird man zur\u00fcckgestuft)<\/li>\n<li>Art der Versicherung, Haftpflicht, Teil- oder Vollkasko und Selbstbeteiligung<\/li>\n<\/ul>\n<p>&nbsp;<\/p>\n<h3>Welche Versicherungsart soll es sen?<\/h3>\n<p>Was ist bei der Auswahl der Versicherungsart zu beachten?<br \/>\nEine Haftpflicht ist ein Muss, sie kommt f\u00fcr Sch\u00e4den auf, die Sie anderen zuf\u00fcgen.<br \/>\nDie Teilkasko deckt Sch\u00e4den am eigenen Auto, beispielsweise durch Diebstahl, Glasbruch etc. Eine Selbstbeteiligung bis 2.500 Euro ist m\u00f6glich.<br \/>\n&nbsp;<br \/>\n<img loading=\"lazy\" decoding=\"async\" src=\"https:\/\/www.bankweb.com\/de\/wp-content\/uploads\/2018\/08\/kfz-2-1024x682.jpg\" alt=\"Vergleichsportal\" width=\"580\" height=\"386\" class=\"alignnone size-large wp-image-6101\" srcset=\"https:\/\/www.bankweb.com\/de\/wp-content\/uploads\/2018\/08\/kfz-2-1024x682.jpg 1024w, https:\/\/www.bankweb.com\/de\/wp-content\/uploads\/2018\/08\/kfz-2-300x200.jpg 300w, https:\/\/www.bankweb.com\/de\/wp-content\/uploads\/2018\/08\/kfz-2-768x512.jpg 768w, https:\/\/www.bankweb.com\/de\/wp-content\/uploads\/2018\/08\/kfz-2.jpg 1280w\" sizes=\"auto, (max-width: 580px) 100vw, 580px\" \/><br \/>\n&nbsp;<br \/>\nDie Vollkasko erweitert die Teilkasko bei selbstverschuldeten Unf\u00e4llen und Vandalismus. Auch hier gibt es eine Selbstbeteiligung. Vollkasko empfiehlt sich f\u00fcr Neufahrzeuge, nach 3 bis 5 Jahren kann auch eine Teilkasko ausreichend sein.<br \/>\n&nbsp;<br \/>\nEine hohe Selbstbeteiligung reduziert die Pr\u00e4mien, im Schadensfall wird es aber teurer. Die Entscheidung sollte man vorher gut \u00fcberlegen. Eine moderate Selbstbeteiligung macht durchaus Sinn.<br \/>\n&nbsp;<br \/>\nEin Auszug aus dem Standard-Fragenkatalog<br \/>\nEine umfangreiche Liste an Zusatzfragen erwartet Sie, hier eine \u00dcbersicht ohne Anspruch auf Vollst\u00e4ndigkeit.<br \/>\n&nbsp;<\/p>\n<h3>Angaben zum Fahrzeug<\/h3>\n<ul>\n<li>Neuzulassung oder Versicherungswechsel?<\/li>\n<li>Ab wann soll die Versicherung gelten, wann war die Erstzulassung?<\/li>\n<li>Wem geh\u00f6rt das Auto, Ihnen oder Ihrem Partner?<\/li>\n<li>Wo wohnen Sie und nutzen Sie das Fahrzeug nur privat?<\/li>\n<\/ul>\n<p>&nbsp;<\/p>\n<h3>Angaben zum Fahrer<\/h3>\n<ul>\n<li>Wann sind Sie geboren und was ist Ihr Familienstand?<\/li>\n<li>Wo und wann haben Sie Ihren F\u00fchrerschein gemacht?<\/li>\n<li>Haben Sie Punkte in Flensburg?<\/li>\n<li>Was machen Sie beruflich?<\/li>\n<li>Fahren nur Sie alleine oder auch Ihr Partner?<\/li>\n<\/ul>\n<p>&nbsp;<\/p>\n<h3>Vorversicherung und Bonusoptionen<\/h3>\n<ul>\n<li>Ist das Ihr Erst- oder Zweitwagen?<\/li>\n<li>Wo waren Sie bisher versichert und wie lange? Wer hat gek\u00fcndigt? Gab es Unf\u00e4lle?<\/li>\n<li>Wo steht das Auto nachts?<\/li>\n<li>Wie haben Sie den Kauf finanziert und wieviele Kilometer fahren Sie im Jahr?<\/li>\n<li>Wer sucht bei Unf\u00e4llen die Werkstatt aus?<\/li>\n<li>Haben Sie ein eigenes Haus und Kinder, eine \u00d6PNV-Jahreskarte oder sind Sie Mitglied in einem Autoclub?<\/li>\n<\/ul>\n<p>&nbsp;<br \/>\n<img loading=\"lazy\" decoding=\"async\" src=\"https:\/\/www.bankweb.com\/de\/wp-content\/uploads\/2018\/08\/kfz-3-1024x682.jpg\" alt=\"Versicherungen spezialisiert\" width=\"580\" height=\"386\" class=\"alignnone size-large wp-image-6102\" srcset=\"https:\/\/www.bankweb.com\/de\/wp-content\/uploads\/2018\/08\/kfz-3-1024x682.jpg 1024w, https:\/\/www.bankweb.com\/de\/wp-content\/uploads\/2018\/08\/kfz-3-300x200.jpg 300w, https:\/\/www.bankweb.com\/de\/wp-content\/uploads\/2018\/08\/kfz-3-768x512.jpg 768w, https:\/\/www.bankweb.com\/de\/wp-content\/uploads\/2018\/08\/kfz-3.jpg 1280w\" sizes=\"auto, (max-width: 580px) 100vw, 580px\" \/><br \/>\n&nbsp;<\/p>\n<h4>Warum so viele Fragen?<\/h4>\n<p>Warum sind alle diese Informationen notwendig? Versicherer leben von ihren Statistiken und daher wissen Sie, dass mit einem VW Golf mehr Sch\u00e4den verursacht werden als mit einem vergleichbaren japanischen Modell. Oder, dass die Menschen im Bayerischen Wald vorsichtiger unterwegs sind als die Frankfurter. Wer wenig f\u00e4hrt, hat auch weniger Unf\u00e4lle. Steht das Auto nachts in der Garage, dann passiert weniger damit. Verheiratete Fahrer fahren besonnener.<br \/>\n&nbsp;<br \/>\nAlle diese Angaben machen aus Sicht der Versicherungsunternehmen Sinn. Mit Ihrem ganz pers\u00f6nlichen Profil, vergleichbar mit einem Fingerabdruck, werden Sie f\u00fcr das Versicherungsunternehmen kalkulierbar, und damit auch das Risiko, das man eingeht, wenn man Ihnen eine Police verkauft. Geringeres Risiko bedeutet g\u00fcnstigere Pr\u00e4mien. Oder wenn Sie dem Versicherer die Wahl der Werkstatt \u00fcberlassen, dann sparen Sie Pr\u00e4mien und die Reparatur im Schadensfall wird billiger. Das und nichts anderes steckt hinter diesem Fragenkatalog.<br \/>\n&nbsp;<\/p>\n<h4>Auswahl des Versicherungsunternehmens<\/h4>\n<p>Wenn Sie alle diese Fragen beantworten konnten, dann haben Sie es schon fast geschafft! Jetzt werden alle Daten, hoffentlich unter Beachtung der Datenschutzrichtlinien, durch die geheimen Algorithmen gejagt und nach wenigen Sekunden schon erfahren Sie, bei wem Sie Ihr Fahrzeug zu welchen Konditionen versichern k\u00f6nnen.<br \/>\n&nbsp;<br \/>\nVorgestellt wird Ihnen dann eine Liste der Versicherer und deren Angebot, meist gespickt mit etlichen Zusatzinformationen. Welche Konditionen verbergen sich hinter dem Tarif, welche Sonderleistungen bietet der Versicherer? Kundenbewertungen k\u00f6nnen eingesehen werden. Nehmen Sie sich ruhig etwas Zeit und vergleichen Sie ein paar Angebote. Wenn Sie sich dann entschieden haben, sind Sie nur noch wenige Klicks vom Vertragsabschluss entfernt.<br \/>\n&nbsp;<br \/>\nEin Tipp zum Schluss: Da die Versicherer immer wieder ihre Tarife \u00e4ndern, sollten Sie am Jahresende pr\u00fcfen, ob es vielleicht ein g\u00fcnstigeres Angebot gibt. Viel Spa\u00df dabei und Gute Fahrt!<\/p>\n","protected":false},"excerpt":{"rendered":"<p>Kfz-Versicherungen in Deutschland Sie brauchen eine neue Autoversicherung? Ein Neukauf steht an oder der Nachwuchs steht vor der F\u00fchrerscheinpr\u00fcfung? &nbsp; Versicherungsmakler oder Vergleichsportal? Prinzipiell gibt es zwei M\u00f6glichkeiten. Der klassische Versicherungsmakler kommt nach Hause und hilft beim Ausf\u00fcllen der Antragsformulare. [&hellip;]<\/p>\n","protected":false},"author":4,"featured_media":0,"parent":0,"menu_order":0,"comment_status":"closed","ping_status":"closed","template":"","meta":{"footnotes":""},"class_list":["post-6094","page","type-page","status-publish","hentry"],"yoast_head":"<!-- This site is optimized with the Yoast SEO plugin v22.6 - https:\/\/yoast.com\/wordpress\/plugins\/seo\/ -->\n<title>G\u00fcnstige Kfz-Versicherung Vergleich 2020 - Jetzt bis zu 50% sparen!<\/title>\n<meta name=\"description\" content=\"Kfz-Versicherung beim Testsieger - G\u00fcnstige Autoversicherung online vergleichen &amp; sicher wechseln! Kfz-Versicherung f\u00fcr Ihr Auto oder Motorrad\" \/>\n<meta name=\"robots\" content=\"index, follow, max-snippet:-1, max-image-preview:large, max-video-preview:-1\" \/>\n<link rel=\"canonical\" href=\"https:\/\/www.bankweb.com\/de\/kfz\/\" \/>\n<meta name=\"twitter:card\" content=\"summary_large_image\" \/>\n<meta name=\"twitter:title\" content=\"G\u00fcnstige Kfz-Versicherung Vergleich 2020 - Jetzt bis zu 50% sparen!\" \/>\n<meta name=\"twitter:description\" content=\"Kfz-Versicherung beim Testsieger - G\u00fcnstige Autoversicherung online vergleichen &amp; sicher wechseln! Kfz-Versicherung f\u00fcr Ihr Auto oder Motorrad\" \/>\n<meta name=\"twitter:image\" content=\"https:\/\/a.partner-versicherung.de\/view.php?partner_id=92094&ad_id=442\" \/>\n<meta name=\"twitter:label1\" content=\"Ber\u00e4knad l\u00e4stid\" \/>\n\t<meta name=\"twitter:data1\" content=\"5 minuter\" \/>\n<script type=\"application\/ld+json\" class=\"yoast-schema-graph\">{\"@context\":\"https:\/\/schema.org\",\"@graph\":[{\"@type\":\"WebPage\",\"@id\":\"https:\/\/www.bankweb.com\/de\/kfz\/\",\"url\":\"https:\/\/www.bankweb.com\/de\/kfz\/\",\"name\":\"G\u00fcnstige Kfz-Versicherung Vergleich 2020 - Jetzt bis zu 50% sparen!\",\"isPartOf\":{\"@id\":\"https:\/\/www.bankweb.com\/de\/#website\"},\"primaryImageOfPage\":{\"@id\":\"https:\/\/www.bankweb.com\/de\/kfz\/#primaryimage\"},\"image\":{\"@id\":\"https:\/\/www.bankweb.com\/de\/kfz\/#primaryimage\"},\"thumbnailUrl\":\"https:\/\/a.partner-versicherung.de\/view.php?partner_id=92094&ad_id=442\",\"datePublished\":\"2018-08-31T06:29:49+00:00\",\"dateModified\":\"2020-01-08T12:08:15+00:00\",\"description\":\"Kfz-Versicherung beim Testsieger - G\u00fcnstige Autoversicherung online vergleichen & sicher wechseln! Kfz-Versicherung f\u00fcr Ihr Auto oder Motorrad\",\"breadcrumb\":{\"@id\":\"https:\/\/www.bankweb.com\/de\/kfz\/#breadcrumb\"},\"inLanguage\":\"sv-SE\",\"potentialAction\":[{\"@type\":\"ReadAction\",\"target\":[\"https:\/\/www.bankweb.com\/de\/kfz\/\"]}]},{\"@type\":\"ImageObject\",\"inLanguage\":\"sv-SE\",\"@id\":\"https:\/\/www.bankweb.com\/de\/kfz\/#primaryimage\",\"url\":\"https:\/\/a.partner-versicherung.de\/view.php?partner_id=92094&ad_id=442\",\"contentUrl\":\"https:\/\/a.partner-versicherung.de\/view.php?partner_id=92094&ad_id=442\"},{\"@type\":\"BreadcrumbList\",\"@id\":\"https:\/\/www.bankweb.com\/de\/kfz\/#breadcrumb\",\"itemListElement\":[{\"@type\":\"ListItem\",\"position\":1,\"name\":\"Hem\",\"item\":\"https:\/\/www.bankweb.com\/de\/\"},{\"@type\":\"ListItem\",\"position\":2,\"name\":\"Kfz\"}]},{\"@type\":\"WebSite\",\"@id\":\"https:\/\/www.bankweb.com\/de\/#website\",\"url\":\"https:\/\/www.bankweb.com\/de\/\",\"name\":\"Bankweb.com Germany\",\"description\":\"\",\"publisher\":{\"@id\":\"https:\/\/www.bankweb.com\/de\/#organization\"},\"potentialAction\":[{\"@type\":\"SearchAction\",\"target\":{\"@type\":\"EntryPoint\",\"urlTemplate\":\"https:\/\/www.bankweb.com\/de\/?s={search_term_string}\"},\"query-input\":\"required name=search_term_string\"}],\"inLanguage\":\"sv-SE\"},{\"@type\":\"Organization\",\"@id\":\"https:\/\/www.bankweb.com\/de\/#organization\",\"name\":\"Bankweb.com\",\"url\":\"https:\/\/www.bankweb.com\/de\/\",\"logo\":{\"@type\":\"ImageObject\",\"inLanguage\":\"sv-SE\",\"@id\":\"https:\/\/www.bankweb.com\/de\/#\/schema\/logo\/image\/\",\"url\":\"https:\/\/www.bankweb.com\/de\/wp-content\/uploads\/2019\/11\/245px_bankweb_logo.png\",\"contentUrl\":\"https:\/\/www.bankweb.com\/de\/wp-content\/uploads\/2019\/11\/245px_bankweb_logo.png\",\"width\":245,\"height\":49,\"caption\":\"Bankweb.com\"},\"image\":{\"@id\":\"https:\/\/www.bankweb.com\/de\/#\/schema\/logo\/image\/\"}}]}<\/script>\n<!-- \/ Yoast SEO plugin. -->","yoast_head_json":{"title":"G\u00fcnstige Kfz-Versicherung Vergleich 2020 - Jetzt bis zu 50% sparen!","description":"Kfz-Versicherung beim Testsieger - G\u00fcnstige Autoversicherung online vergleichen & sicher wechseln! Kfz-Versicherung f\u00fcr Ihr Auto oder Motorrad","robots":{"index":"index","follow":"follow","max-snippet":"max-snippet:-1","max-image-preview":"max-image-preview:large","max-video-preview":"max-video-preview:-1"},"canonical":"https:\/\/www.bankweb.com\/de\/kfz\/","twitter_card":"summary_large_image","twitter_title":"G\u00fcnstige Kfz-Versicherung Vergleich 2020 - Jetzt bis zu 50% sparen!","twitter_description":"Kfz-Versicherung beim Testsieger - G\u00fcnstige Autoversicherung online vergleichen & sicher wechseln! Kfz-Versicherung f\u00fcr Ihr Auto oder Motorrad","twitter_image":"https:\/\/a.partner-versicherung.de\/view.php?partner_id=92094&ad_id=442","twitter_misc":{"Ber\u00e4knad l\u00e4stid":"5 minuter"},"schema":{"@context":"https:\/\/schema.org","@graph":[{"@type":"WebPage","@id":"https:\/\/www.bankweb.com\/de\/kfz\/","url":"https:\/\/www.bankweb.com\/de\/kfz\/","name":"G\u00fcnstige Kfz-Versicherung Vergleich 2020 - Jetzt bis zu 50% sparen!","isPartOf":{"@id":"https:\/\/www.bankweb.com\/de\/#website"},"primaryImageOfPage":{"@id":"https:\/\/www.bankweb.com\/de\/kfz\/#primaryimage"},"image":{"@id":"https:\/\/www.bankweb.com\/de\/kfz\/#primaryimage"},"thumbnailUrl":"https:\/\/a.partner-versicherung.de\/view.php?partner_id=92094&ad_id=442","datePublished":"2018-08-31T06:29:49+00:00","dateModified":"2020-01-08T12:08:15+00:00","description":"Kfz-Versicherung beim Testsieger - G\u00fcnstige Autoversicherung online vergleichen & sicher wechseln! Kfz-Versicherung f\u00fcr Ihr Auto oder Motorrad","breadcrumb":{"@id":"https:\/\/www.bankweb.com\/de\/kfz\/#breadcrumb"},"inLanguage":"sv-SE","potentialAction":[{"@type":"ReadAction","target":["https:\/\/www.bankweb.com\/de\/kfz\/"]}]},{"@type":"ImageObject","inLanguage":"sv-SE","@id":"https:\/\/www.bankweb.com\/de\/kfz\/#primaryimage","url":"https:\/\/a.partner-versicherung.de\/view.php?partner_id=92094&ad_id=442","contentUrl":"https:\/\/a.partner-versicherung.de\/view.php?partner_id=92094&ad_id=442"},{"@type":"BreadcrumbList","@id":"https:\/\/www.bankweb.com\/de\/kfz\/#breadcrumb","itemListElement":[{"@type":"ListItem","position":1,"name":"Hem","item":"https:\/\/www.bankweb.com\/de\/"},{"@type":"ListItem","position":2,"name":"Kfz"}]},{"@type":"WebSite","@id":"https:\/\/www.bankweb.com\/de\/#website","url":"https:\/\/www.bankweb.com\/de\/","name":"Bankweb.com Germany","description":"","publisher":{"@id":"https:\/\/www.bankweb.com\/de\/#organization"},"potentialAction":[{"@type":"SearchAction","target":{"@type":"EntryPoint","urlTemplate":"https:\/\/www.bankweb.com\/de\/?s={search_term_string}"},"query-input":"required name=search_term_string"}],"inLanguage":"sv-SE"},{"@type":"Organization","@id":"https:\/\/www.bankweb.com\/de\/#organization","name":"Bankweb.com","url":"https:\/\/www.bankweb.com\/de\/","logo":{"@type":"ImageObject","inLanguage":"sv-SE","@id":"https:\/\/www.bankweb.com\/de\/#\/schema\/logo\/image\/","url":"https:\/\/www.bankweb.com\/de\/wp-content\/uploads\/2019\/11\/245px_bankweb_logo.png","contentUrl":"https:\/\/www.bankweb.com\/de\/wp-content\/uploads\/2019\/11\/245px_bankweb_logo.png","width":245,"height":49,"caption":"Bankweb.com"},"image":{"@id":"https:\/\/www.bankweb.com\/de\/#\/schema\/logo\/image\/"}}]}},"_links":{"self":[{"href":"https:\/\/www.bankweb.com\/de\/wp-json\/wp\/v2\/pages\/6094","targetHints":{"allow":["GET"]}}],"collection":[{"href":"https:\/\/www.bankweb.com\/de\/wp-json\/wp\/v2\/pages"}],"about":[{"href":"https:\/\/www.bankweb.com\/de\/wp-json\/wp\/v2\/types\/page"}],"author":[{"embeddable":true,"href":"https:\/\/www.bankweb.com\/de\/wp-json\/wp\/v2\/users\/4"}],"replies":[{"embeddable":true,"href":"https:\/\/www.bankweb.com\/de\/wp-json\/wp\/v2\/comments?post=6094"}],"version-history":[{"count":0,"href":"https:\/\/www.bankweb.com\/de\/wp-json\/wp\/v2\/pages\/6094\/revisions"}],"wp:attachment":[{"href":"https:\/\/www.bankweb.com\/de\/wp-json\/wp\/v2\/media?parent=6094"}],"curies":[{"name":"wp","href":"https:\/\/api.w.org\/{rel}","templated":true}]}}