{"id":6030,"date":"2018-08-28T08:56:02","date_gmt":"2018-08-28T08:56:02","guid":{"rendered":"https:\/\/www.bankweb.com\/de\/?page_id=6030"},"modified":"2018-09-04T08:37:07","modified_gmt":"2018-09-04T08:37:07","slug":"aktien","status":"publish","type":"page","link":"https:\/\/www.bankweb.com\/de\/aktien\/","title":{"rendered":"Aktien"},"content":{"rendered":"<h1 class=\"kredith1\">Tipps f\u00fcr den erfolgreichen Einstieg ins Aktiengesch\u00e4ft Deutschland<\/h1>\n<p>Niedrige Zinsen und hohe Kosten f\u00fcr altbew\u00e4hrte Geldanlagen wie Spar- oder <a href=\"https:\/\/www.bankweb.com\/de\/festgeldanlage\/\">Festgeldkonten<\/a> haben dazu gef\u00fchrt, dass Anleger nach neuen Investitionsm\u00f6glichkeiten suchen. Viele verzichten lieber auf riskante Geldanlagen wie Kryptow\u00e4hrungen oder \u00e4hnliches, bei denen sie im schlimmsten Fall ihr gesamtes Verm\u00f6gen verlieren.<\/p>\n<p>&nbsp;<br \/>\n<iframe onload=\"fa_iframeresize.do(this);\" src=\"https:\/\/tools.financeads.net\/depotrechner.php?tp=dif&#038;h=1&#038;wf=26741&#038;ntpl=responsive&#038;c=20\" scrolling=\"no\" width=\"100%\" style=\"padding:0px;margin:0px;border-width:0px;\" frameborder=\"0\"><\/iframe><script type=\"text\/javascript\" src=\"\/\/js.financeads.net\/iframeResizeMe.min.js.gz\"><\/script><br \/>\n&nbsp;<br \/>\nAktien hingegen stellen seit vielen Jahren eine seri\u00f6se und vielerorts beliebte Geldanlage dar, die lukrativ, flexibel und effektiv ist. Doch wie gelingt der Einstieg an der B\u00f6rse? Ist diese Geldanlage f\u00fcr jedermann geeignet? Was ist grunds\u00e4tzlich zu beachten beim Einstieg an der B\u00f6rse?<br \/>\n&nbsp;<\/p>\n<h2>Voraussetzungen f\u00fcr den Handel mit Wertpapieren<\/h2>\n<p>Eine Voraussetzung f\u00fcr den <a href=\"https:\/\/www.bankweb.com\/de\/robo-advisor\/\">Handel<\/a> mit Aktien ist, starke Nerven zu bewahren. Es kommt in vielen F\u00e4llen zu starken Schwankungen der Aktienkurse und hohe Renditen steigern das Verlustrisiko. Voraussetzung ist, sich freiwillig mit Begriffen wie Dax, M\u00e4rkten und Kennzahlen sowie Dividendenrenditen und \u00e4hnlichem zu befassen.<br \/>\n&nbsp;<br \/>\n<img loading=\"lazy\" decoding=\"async\" src=\"https:\/\/www.bankweb.com\/de\/wp-content\/uploads\/2018\/08\/aktien-1024x678.jpg\" alt=\"Aktiengesch\u00e4ft Deutschland\" width=\"580\" height=\"384\" class=\"alignnone size-large wp-image-6034\" srcset=\"https:\/\/www.bankweb.com\/de\/wp-content\/uploads\/2018\/08\/aktien-1024x678.jpg 1024w, https:\/\/www.bankweb.com\/de\/wp-content\/uploads\/2018\/08\/aktien-300x199.jpg 300w, https:\/\/www.bankweb.com\/de\/wp-content\/uploads\/2018\/08\/aktien-768x508.jpg 768w, https:\/\/www.bankweb.com\/de\/wp-content\/uploads\/2018\/08\/aktien.jpg 1280w\" sizes=\"auto, (max-width: 580px) 100vw, 580px\" \/><br \/>\n&nbsp;<br \/>\nWer sich noch einen guten Finanzberater holt, hat noch bessere Chancen auf einen satten Gewinn. Doch sind Aktien die richtige Geldanlage f\u00fcr jedermann? Wichtigster Entscheidungsfaktor ist die eigene finanzielle Situation, unabh\u00e4ngig davon, wie risikobereit Sie sind und wie viel Gewinn Sie sich vom Aktiengesch\u00e4ft erhoffen.<br \/>\n&nbsp;<br \/>\nDaf\u00fcr ist es unabdingbar, dass Sie zun\u00e4chst ihre finanziellen Verh\u00e4ltnisse kl\u00e4ren. Jeder, der in Aktien investiert, sollte mindestens drei Monatsgeh\u00e4lter zur Verf\u00fcgung haben, um auch in unvorhergesehenen Situationen \u00fcber die Runden zu kommen.<br \/>\n&nbsp;<br \/>\n<a href=\"https:\/\/www.bankweb.com\/de\/robo-advisor\/\">Die Investition in Aktien<\/a> lohnt sich aus diesem Grund nicht f\u00fcr Anleger, die auf dem letzten Pfennig sitzen und sich aus der Schuldenfalle retten m\u00f6chten. Die Investition in Aktien ist nur dann lukrativ, wenn Sie Ersparnisse haben. Zur Investition eignet sich <a href=\"https:\/\/www.bankweb.com\/de\/kreditvergleich\/\">Geld<\/a>, das Sie in den n\u00e4chsten drei, f\u00fcnf oder noch mehr Jahren nicht ben\u00f6tigen werden.<br \/>\n&nbsp;<br \/>\nSind Sie verschuldet, tilgen Sie zun\u00e4chst besser Ihre Schulden und investieren nicht in Wertpapiere. Das Risiko, dass die Kurse fallen, Sie Verlust machen und anschlie\u00dfend noch h\u00f6here Schulden haben, ist einfach zu gro\u00df. Erf\u00fcllen Sie die Voraussetzungen, kann es losgehen. Doch welche Aktien gibt es auf dem Markt zu kaufen?<br \/>\n&nbsp;<\/p>\n<h2>Arten von Aktien auf dem Markt<\/h2>\n<p>Nur ein geringer Teil der deutschen Bev\u00f6lkerung investiert offiziellen Angaben zufolge in Aktien. Dabei sind die Voraussetzungen gering und die verschiedenen Aktienformen \u00fcberschaubar. Wir m\u00f6chten Ihnen hier die wichtigsten vorstellen. Welche Art von Aktie ist die passende? Das Aktienrecht von heute \u00fcberl\u00e4sst die Entscheidung dem Unternehmen, ob alle Aktion\u00e4re dieselbe Art von Aktien erhalten oder unterschiedlich behandelt werden.<br \/>\n&nbsp;<br \/>\n<img loading=\"lazy\" decoding=\"async\" src=\"https:\/\/www.bankweb.com\/de\/wp-content\/uploads\/2018\/08\/stock-exchange-1024x685.jpg\" alt=\"Handel mit Wertpapieren\" width=\"580\" height=\"388\" class=\"alignnone size-large wp-image-6035\" srcset=\"https:\/\/www.bankweb.com\/de\/wp-content\/uploads\/2018\/08\/stock-exchange-1024x685.jpg 1024w, https:\/\/www.bankweb.com\/de\/wp-content\/uploads\/2018\/08\/stock-exchange-300x201.jpg 300w, https:\/\/www.bankweb.com\/de\/wp-content\/uploads\/2018\/08\/stock-exchange-768x514.jpg 768w, https:\/\/www.bankweb.com\/de\/wp-content\/uploads\/2018\/08\/stock-exchange.jpg 1280w\" sizes=\"auto, (max-width: 580px) 100vw, 580px\" \/><br \/>\n&nbsp;<br \/>\nDie Wertpapiere eines Unternehmens unterscheiden sich nach Stimmrecht, Anteil am Unternehmen, \u00dcbertragbarkeit und Zeitpunkt der Ausgabe. Wer eine Stammaktie kauft, hat automatisch ein Stimmrecht bei der Hauptversammlung des Unternehmens. Somit kann er den Kurs des Unternehmens zumindest einmal pro Jahr ein kleines bisschen mitbestimmen.<br \/>\n&nbsp;<br \/>\nBeim Kauf einer Vorzugsaktie verzichten die Anleger auf das Stimmrecht und haben damit keinen Einfluss auf den Kurs des Unternehmens. Sie haben den Vorteil, dass sie im Gegensatz zu den anderen Anlegern bevorzugt Anspr\u00fcche auf Dividenden erhalten.<br \/>\n&nbsp;<br \/>\nInhaberaktien laufen auf den jeweiligen Namen des Inhabers, der seine Rechte daraus geltend machen kann. Das Unternehmen erf\u00e4hrt nicht, wer die Aktie kauft. Aus diesem Grund ist sie einfach von einem Besitzer auf den n\u00e4chsten zu \u00fcbertragen. Beim Kauf von Namensaktien m\u00fcssen sich die Anleger ins Aktienregister eintragen.<br \/>\n&nbsp;<br \/>\nDadurch kann ein Unternehmen die Bonit\u00e4t des Aktion\u00e4rs leichter pr\u00fcfen und beh\u00e4lt den \u00dcberblick, wer wie viele Wertpapiere besitzt. In bestimmten F\u00e4llen muss die Aktiengesellschaft beim Verkauf von Wertpapieren erst zustimmen. Wichtig zu unterscheiden ist dar\u00fcber hinaus zwischen Nennwert- und St\u00fcckaktien.<br \/>\n&nbsp;<br \/>\nNennwertaktien erhalten einen bestimmten Wert, der bei mindestens einem Euro liegen muss. St\u00fcckaktien stellen einen Prozentsatz des Grundkapitals dar, den der Anleger kauft. Das Unternehmen muss sich zwischen letzten beiden Formen entscheiden und kann nicht beide Arten gleichzeitig f\u00fchren.<br \/>\n&nbsp;<br \/>\nDar\u00fcber hinaus ist zwischen jungen und alten Aktien zu unterscheiden. Beim Kauf von jungen Aktien gibt das Unternehmen zus\u00e4tzlich zu den bisherigen Aktien neue Wertpapiere aus. Alten Anlegern kann das Unternehmen Bezugsrechte einr\u00e4umen, d.h. sie erhalten beim Kauf der neuen Aktien einen Spezialpreis.<br \/>\n&nbsp;<br \/>\n<img loading=\"lazy\" decoding=\"async\" src=\"https:\/\/www.bankweb.com\/de\/wp-content\/uploads\/2018\/08\/aktien1-1024x720.jpg\" alt=\"Verkauf von Aktien\" width=\"580\" height=\"408\" class=\"alignnone size-large wp-image-6036\" srcset=\"https:\/\/www.bankweb.com\/de\/wp-content\/uploads\/2018\/08\/aktien1-1024x720.jpg 1024w, https:\/\/www.bankweb.com\/de\/wp-content\/uploads\/2018\/08\/aktien1-300x211.jpg 300w, https:\/\/www.bankweb.com\/de\/wp-content\/uploads\/2018\/08\/aktien1-768x540.jpg 768w, https:\/\/www.bankweb.com\/de\/wp-content\/uploads\/2018\/08\/aktien1.jpg 1280w\" sizes=\"auto, (max-width: 580px) 100vw, 580px\" \/><br \/>\n&nbsp;<\/p>\n<h3>Anlegestrategien und Kauf bzw. Verkauf von Aktien<\/h3>\n<p>Wer auf dem Aktienmarkt erfolgreich sein m\u00f6chte, kann unterschiedliche Strategien einsetzen. Zu unterscheiden ist zwischen der j\u00e4hrlichen Gewinnbeteiligung und der kurz- oder langfristigen Steigerung des Wertes eines Unternehmens. Der Vorteil einer Gewinnbeteiligung und der Auszahlung der sogenannten Dividende ist, dass das Verlustrisiko gering bleibt.<br \/>\n&nbsp;<br \/>\nDer Aktion\u00e4r ist nicht an den Verlusten des Unternehmens beteiligt. M\u00f6glich ist, dass das Unternehmen die Dividende in Krisenzeiten nicht auszahlt. Wer auf die Wertsteigerung oder den Wertverlust eines Unternehmens setzt, kauft die Aktien potentiell erfolgreicher Unternehmen an der B\u00f6rse.<br \/>\n&nbsp;<br \/>\nDer Anleger verkauft die Wertpapiere, wenn es scheint, als ob die Aktien in der Zukunft an Wert verlieren. Steigt der Aktienkurs rapide an, so springt f\u00fcr den Anleger ein gr\u00f6\u00dferer Gewinn heraus.<br \/>\n&nbsp;<br \/>\nWenn Sie sich f\u00fcr eine bestimmte Art von Wertpapieren entschieden haben und wissen, welche Strategie Sie verfolgen m\u00f6chten, kann es direkt mit dem Wertpapierkauf losgehen. Hierf\u00fcr ben\u00f6tigen Sie ein Depot bei einer Bank, wo die Aktien elektronisch gelagert werden. W\u00e4hrend die Anlage bei Gesch\u00e4ftsbanken teuer ist, bieten Direktbanken und Discountbroker billigere Alternativen.<br \/>\n&nbsp;<br \/>\nAllerdings f\u00e4llt beim Discountbroker die Beratung weg, die Sie bei Gesch\u00e4fts- oder Direktbanken erhalten. Je weniger Leistungen Sie erhalten, desto g\u00fcnstiger ist das Angebot. Wechseln ist jederzeit m\u00f6glich und in vielen F\u00e4llen notwendig, wenn die Kosten f\u00fcr Transaktionen zu teuer werden.<br \/>\n&nbsp;<br \/>\nNun haben Sie einen \u00dcberblick, was f\u00fcr Ihren erfolgreichen Start an der B\u00f6rse notwendig ist. Mit starken Nerven und ausreichendem Kapital finden Sie garantiert die richtige Aktie, die zu Ihnen passt und zugleich die richtige Strategie, damit sich Ihr Kapital ohne gro\u00dfes Risiko schnell vermehren kann. Wir w\u00fcnschen Ihnen viel Gl\u00fcck dabei!<\/p>\n","protected":false},"excerpt":{"rendered":"<p>Tipps f\u00fcr den erfolgreichen Einstieg ins Aktiengesch\u00e4ft Deutschland Niedrige Zinsen und hohe Kosten f\u00fcr altbew\u00e4hrte Geldanlagen wie Spar- oder Festgeldkonten haben dazu gef\u00fchrt, dass Anleger nach neuen Investitionsm\u00f6glichkeiten suchen. Viele verzichten lieber auf riskante Geldanlagen wie Kryptow\u00e4hrungen oder \u00e4hnliches, bei [&hellip;]<\/p>\n","protected":false},"author":4,"featured_media":0,"parent":0,"menu_order":0,"comment_status":"closed","ping_status":"closed","template":"","meta":{"footnotes":""},"class_list":["post-6030","page","type-page","status-publish","hentry"],"yoast_head":"<!-- This site is optimized with the Yoast SEO plugin v22.6 - https:\/\/yoast.com\/wordpress\/plugins\/seo\/ -->\n<title>Aktien kaufen und Wertpapiere kaufen - Die g\u00fcnstigsten Aktiendepots<\/title>\n<meta name=\"description\" content=\"Wie funktioniert der Aktienhandel? Grundlagenwissen &amp; Tipps - Aktiendepot Vergleich 2018: Wir bringen Sie in wenigen Minuten zum besten Depot f\u00fcr Ihre Bed\u00fcrfnisse\" \/>\n<meta name=\"robots\" content=\"index, follow, max-snippet:-1, max-image-preview:large, max-video-preview:-1\" \/>\n<link rel=\"canonical\" href=\"https:\/\/www.bankweb.com\/de\/aktien\/\" \/>\n<meta name=\"twitter:card\" content=\"summary_large_image\" \/>\n<meta name=\"twitter:title\" content=\"Aktien kaufen und Wertpapiere kaufen - Die g\u00fcnstigsten Aktiendepots\" \/>\n<meta name=\"twitter:description\" content=\"Wie funktioniert der Aktienhandel? Grundlagenwissen &amp; Tipps - Aktiendepot Vergleich 2018: Wir bringen Sie in wenigen Minuten zum besten Depot f\u00fcr Ihre Bed\u00fcrfnisse\" \/>\n<meta name=\"twitter:image\" content=\"https:\/\/www.bankweb.com\/de\/wp-content\/uploads\/2018\/08\/aktien.jpg\" \/>\n<meta name=\"twitter:label1\" content=\"Ber\u00e4knad l\u00e4stid\" \/>\n\t<meta name=\"twitter:data1\" content=\"5 minuter\" \/>\n<script type=\"application\/ld+json\" class=\"yoast-schema-graph\">{\"@context\":\"https:\/\/schema.org\",\"@graph\":[{\"@type\":\"WebPage\",\"@id\":\"https:\/\/www.bankweb.com\/de\/aktien\/\",\"url\":\"https:\/\/www.bankweb.com\/de\/aktien\/\",\"name\":\"Aktien kaufen und Wertpapiere kaufen - Die g\u00fcnstigsten Aktiendepots\",\"isPartOf\":{\"@id\":\"https:\/\/www.bankweb.com\/de\/#website\"},\"primaryImageOfPage\":{\"@id\":\"https:\/\/www.bankweb.com\/de\/aktien\/#primaryimage\"},\"image\":{\"@id\":\"https:\/\/www.bankweb.com\/de\/aktien\/#primaryimage\"},\"thumbnailUrl\":\"https:\/\/www.bankweb.com\/de\/wp-content\/uploads\/2018\/08\/aktien-1024x678.jpg\",\"datePublished\":\"2018-08-28T08:56:02+00:00\",\"dateModified\":\"2018-09-04T08:37:07+00:00\",\"description\":\"Wie funktioniert der Aktienhandel? Grundlagenwissen & Tipps - Aktiendepot Vergleich 2018: Wir bringen Sie in wenigen Minuten zum besten Depot f\u00fcr Ihre Bed\u00fcrfnisse\",\"breadcrumb\":{\"@id\":\"https:\/\/www.bankweb.com\/de\/aktien\/#breadcrumb\"},\"inLanguage\":\"sv-SE\",\"potentialAction\":[{\"@type\":\"ReadAction\",\"target\":[\"https:\/\/www.bankweb.com\/de\/aktien\/\"]}]},{\"@type\":\"ImageObject\",\"inLanguage\":\"sv-SE\",\"@id\":\"https:\/\/www.bankweb.com\/de\/aktien\/#primaryimage\",\"url\":\"https:\/\/www.bankweb.com\/de\/wp-content\/uploads\/2018\/08\/aktien.jpg\",\"contentUrl\":\"https:\/\/www.bankweb.com\/de\/wp-content\/uploads\/2018\/08\/aktien.jpg\",\"width\":1280,\"height\":847,\"caption\":\"Aktiengesch\u00e4ft Deutschland\"},{\"@type\":\"BreadcrumbList\",\"@id\":\"https:\/\/www.bankweb.com\/de\/aktien\/#breadcrumb\",\"itemListElement\":[{\"@type\":\"ListItem\",\"position\":1,\"name\":\"Hem\",\"item\":\"https:\/\/www.bankweb.com\/de\/\"},{\"@type\":\"ListItem\",\"position\":2,\"name\":\"Aktien\"}]},{\"@type\":\"WebSite\",\"@id\":\"https:\/\/www.bankweb.com\/de\/#website\",\"url\":\"https:\/\/www.bankweb.com\/de\/\",\"name\":\"Bankweb.com Germany\",\"description\":\"\",\"publisher\":{\"@id\":\"https:\/\/www.bankweb.com\/de\/#organization\"},\"potentialAction\":[{\"@type\":\"SearchAction\",\"target\":{\"@type\":\"EntryPoint\",\"urlTemplate\":\"https:\/\/www.bankweb.com\/de\/?s={search_term_string}\"},\"query-input\":\"required name=search_term_string\"}],\"inLanguage\":\"sv-SE\"},{\"@type\":\"Organization\",\"@id\":\"https:\/\/www.bankweb.com\/de\/#organization\",\"name\":\"Bankweb.com\",\"url\":\"https:\/\/www.bankweb.com\/de\/\",\"logo\":{\"@type\":\"ImageObject\",\"inLanguage\":\"sv-SE\",\"@id\":\"https:\/\/www.bankweb.com\/de\/#\/schema\/logo\/image\/\",\"url\":\"https:\/\/www.bankweb.com\/de\/wp-content\/uploads\/2019\/11\/245px_bankweb_logo.png\",\"contentUrl\":\"https:\/\/www.bankweb.com\/de\/wp-content\/uploads\/2019\/11\/245px_bankweb_logo.png\",\"width\":245,\"height\":49,\"caption\":\"Bankweb.com\"},\"image\":{\"@id\":\"https:\/\/www.bankweb.com\/de\/#\/schema\/logo\/image\/\"}}]}<\/script>\n<!-- \/ Yoast SEO plugin. -->","yoast_head_json":{"title":"Aktien kaufen und Wertpapiere kaufen - Die g\u00fcnstigsten Aktiendepots","description":"Wie funktioniert der Aktienhandel? Grundlagenwissen & Tipps - Aktiendepot Vergleich 2018: Wir bringen Sie in wenigen Minuten zum besten Depot f\u00fcr Ihre Bed\u00fcrfnisse","robots":{"index":"index","follow":"follow","max-snippet":"max-snippet:-1","max-image-preview":"max-image-preview:large","max-video-preview":"max-video-preview:-1"},"canonical":"https:\/\/www.bankweb.com\/de\/aktien\/","twitter_card":"summary_large_image","twitter_title":"Aktien kaufen und Wertpapiere kaufen - Die g\u00fcnstigsten Aktiendepots","twitter_description":"Wie funktioniert der Aktienhandel? Grundlagenwissen & Tipps - Aktiendepot Vergleich 2018: Wir bringen Sie in wenigen Minuten zum besten Depot f\u00fcr Ihre Bed\u00fcrfnisse","twitter_image":"https:\/\/www.bankweb.com\/de\/wp-content\/uploads\/2018\/08\/aktien.jpg","twitter_misc":{"Ber\u00e4knad l\u00e4stid":"5 minuter"},"schema":{"@context":"https:\/\/schema.org","@graph":[{"@type":"WebPage","@id":"https:\/\/www.bankweb.com\/de\/aktien\/","url":"https:\/\/www.bankweb.com\/de\/aktien\/","name":"Aktien kaufen und Wertpapiere kaufen - Die g\u00fcnstigsten Aktiendepots","isPartOf":{"@id":"https:\/\/www.bankweb.com\/de\/#website"},"primaryImageOfPage":{"@id":"https:\/\/www.bankweb.com\/de\/aktien\/#primaryimage"},"image":{"@id":"https:\/\/www.bankweb.com\/de\/aktien\/#primaryimage"},"thumbnailUrl":"https:\/\/www.bankweb.com\/de\/wp-content\/uploads\/2018\/08\/aktien-1024x678.jpg","datePublished":"2018-08-28T08:56:02+00:00","dateModified":"2018-09-04T08:37:07+00:00","description":"Wie funktioniert der Aktienhandel? Grundlagenwissen & Tipps - Aktiendepot Vergleich 2018: Wir bringen Sie in wenigen Minuten zum besten Depot f\u00fcr Ihre Bed\u00fcrfnisse","breadcrumb":{"@id":"https:\/\/www.bankweb.com\/de\/aktien\/#breadcrumb"},"inLanguage":"sv-SE","potentialAction":[{"@type":"ReadAction","target":["https:\/\/www.bankweb.com\/de\/aktien\/"]}]},{"@type":"ImageObject","inLanguage":"sv-SE","@id":"https:\/\/www.bankweb.com\/de\/aktien\/#primaryimage","url":"https:\/\/www.bankweb.com\/de\/wp-content\/uploads\/2018\/08\/aktien.jpg","contentUrl":"https:\/\/www.bankweb.com\/de\/wp-content\/uploads\/2018\/08\/aktien.jpg","width":1280,"height":847,"caption":"Aktiengesch\u00e4ft Deutschland"},{"@type":"BreadcrumbList","@id":"https:\/\/www.bankweb.com\/de\/aktien\/#breadcrumb","itemListElement":[{"@type":"ListItem","position":1,"name":"Hem","item":"https:\/\/www.bankweb.com\/de\/"},{"@type":"ListItem","position":2,"name":"Aktien"}]},{"@type":"WebSite","@id":"https:\/\/www.bankweb.com\/de\/#website","url":"https:\/\/www.bankweb.com\/de\/","name":"Bankweb.com Germany","description":"","publisher":{"@id":"https:\/\/www.bankweb.com\/de\/#organization"},"potentialAction":[{"@type":"SearchAction","target":{"@type":"EntryPoint","urlTemplate":"https:\/\/www.bankweb.com\/de\/?s={search_term_string}"},"query-input":"required name=search_term_string"}],"inLanguage":"sv-SE"},{"@type":"Organization","@id":"https:\/\/www.bankweb.com\/de\/#organization","name":"Bankweb.com","url":"https:\/\/www.bankweb.com\/de\/","logo":{"@type":"ImageObject","inLanguage":"sv-SE","@id":"https:\/\/www.bankweb.com\/de\/#\/schema\/logo\/image\/","url":"https:\/\/www.bankweb.com\/de\/wp-content\/uploads\/2019\/11\/245px_bankweb_logo.png","contentUrl":"https:\/\/www.bankweb.com\/de\/wp-content\/uploads\/2019\/11\/245px_bankweb_logo.png","width":245,"height":49,"caption":"Bankweb.com"},"image":{"@id":"https:\/\/www.bankweb.com\/de\/#\/schema\/logo\/image\/"}}]}},"_links":{"self":[{"href":"https:\/\/www.bankweb.com\/de\/wp-json\/wp\/v2\/pages\/6030","targetHints":{"allow":["GET"]}}],"collection":[{"href":"https:\/\/www.bankweb.com\/de\/wp-json\/wp\/v2\/pages"}],"about":[{"href":"https:\/\/www.bankweb.com\/de\/wp-json\/wp\/v2\/types\/page"}],"author":[{"embeddable":true,"href":"https:\/\/www.bankweb.com\/de\/wp-json\/wp\/v2\/users\/4"}],"replies":[{"embeddable":true,"href":"https:\/\/www.bankweb.com\/de\/wp-json\/wp\/v2\/comments?post=6030"}],"version-history":[{"count":0,"href":"https:\/\/www.bankweb.com\/de\/wp-json\/wp\/v2\/pages\/6030\/revisions"}],"wp:attachment":[{"href":"https:\/\/www.bankweb.com\/de\/wp-json\/wp\/v2\/media?parent=6030"}],"curies":[{"name":"wp","href":"https:\/\/api.w.org\/{rel}","templated":true}]}}