{"id":5989,"date":"2018-08-13T11:17:23","date_gmt":"2018-08-13T11:17:23","guid":{"rendered":"https:\/\/www.bankweb.com\/de\/?page_id=5989"},"modified":"2018-08-30T09:30:08","modified_gmt":"2018-08-30T09:30:08","slug":"robo-advisor","status":"publish","type":"page","link":"https:\/\/www.bankweb.com\/de\/robo-advisor\/","title":{"rendered":"Robo-Advisor"},"content":{"rendered":"<h1 class=\"kredith1\">Robo-Advisor in Deutschland<\/h1>\n<p>Wer sich in der Finanzwelt und der entsprechenden Fachpresse umschaut, der wird immer h\u00e4ufiger \u00fcber das Wort Robo-Advisor stolpern. Doch was versteht man unter einem solchen Robo-Advisor? Was leistet er? Wer bietet den Service an und was sind die rechtlichen Grundlagen? Wir haben f\u00fcr Sie die wichtigsten Informationen zu diesem hei\u00dfen Thema zusammengetragen.<br \/>\n&nbsp;<br \/>\n<iframe onload=\"fa_iframeresize.do(this);\" src=\"https:\/\/tools.financeads.net\/roboadvisorrechner.php?tp=dif&#038;h=1&#038;wf=26741&#038;ntpl=responsive&#038;c=20\" scrolling=\"no\" width=\"100%\" style=\"padding:0px;margin:0px;border-width:0px;\" frameborder=\"0\"><\/iframe><script type=\"text\/javascript\" src=\"\/\/js.financeads.net\/iframeResizeMe.min.js.gz\"><\/script><\/p>\n<p>&nbsp;<\/p>\n<h2>Was ist ein Robo-Advisor?<\/h2>\n<p>Wie der Name schon vermuten l\u00e4sst, handelt es sich bei einem Robo-Advisor um einen Roboter, also ein automatisiertes System, welches Beraterservices anbietet. Eingesetzt werden die Robo-Advisor in der Finanzindustrie. Dort Beraten sie, ohne oder mit wenig menschlichem Zutun, Kunden. Die meisten Finanzdienstleister verwenden die Robo-Advisor zur automatischen Beratung von externen Kunden, es gibt jedoch auch Unternehmen, die sich f\u00fcr ihre eigenen <a href=\"https:\/\/www.bankweb.com\/de\/aktien\/\">Investitionen<\/a> auf ihre eigenen Robo-Advisor verlassen.<br \/>\n&nbsp;<br \/>\n<img loading=\"lazy\" decoding=\"async\" src=\"https:\/\/www.bankweb.com\/de\/wp-content\/uploads\/2018\/08\/roboadvisor1-1024x683.jpg\" alt=\"Robo-advisor\" width=\"580\" height=\"387\" class=\"alignnone size-large wp-image-5993\" srcset=\"https:\/\/www.bankweb.com\/de\/wp-content\/uploads\/2018\/08\/roboadvisor1-1024x683.jpg 1024w, https:\/\/www.bankweb.com\/de\/wp-content\/uploads\/2018\/08\/roboadvisor1-300x200.jpg 300w, https:\/\/www.bankweb.com\/de\/wp-content\/uploads\/2018\/08\/roboadvisor1-768x512.jpg 768w\" sizes=\"auto, (max-width: 580px) 100vw, 580px\" \/><br \/>\n&nbsp;<\/p>\n<h3>Wie funktioniert ein Robo-Advisor?<\/h3>\n<p>Das exakte Funktionsprinzip eines spezifischen Robo-Advisors ist ein Betriebsgeheimnis des jeweiligen Betreibers. Grunds\u00e4tzlich handelt es sich aber um Algorithmen, die Finanzinformationen wie Marktverl\u00e4ufe, Finanzberichte und andere Nachrichten sammeln und daraus Prognosen f\u00fcr die weitere Marktentwicklung erstellen. Das Sammeln der Informationen geschieht in der Regel automatisch und autonom \u00fcber das Internet, es gibt aber auch Robo-Advisor, die zus\u00e4tzlich mit manuellen Eingaben gef\u00fcttert werden k\u00f6nnen.<br \/>\n&nbsp;<\/p>\n<h3>Seit wann gibt es Robo-Advisor?<\/h3>\n<p>Robo-Advisor sind ein relativ neues Angebot. Um das Jahr 2000 tauchten die ersten Programme auf, die Marktvorhersagen aufgrund von Finanzdaten erstellen konnten. Diese ersten Programme waren aber noch auf manuelle Eingaben angewiesen und fanden in der Folge nur sehr geringe Verbreitung.<br \/>\n&nbsp;<br \/>\nDies \u00e4nderte sich gegen Ende der ersten Dekade des 21. Jahrhunderts, als immer mehr Finanzinformationen online verf\u00fcgbar wurden. Durch die rasanten Fortschritte in den Bereichen k\u00fcnstliche Intelligenz und maschinelles Lernen haben die Robo-Advisor in den letzten Jahren massiv an Popularit\u00e4t und Verbreitung gewonnen.<br \/>\n&nbsp;<\/p>\n<h4>Was sind die Vorteile der Robo-Advisor?<\/h4>\n<p>Die Vorteile der Robo-Advisor sind in erster Linie finanzieller Natur. Klassische, menschliche Finanzberater sind sehr teuer und lohnen sich aus diesem Grund nur bei gro\u00dfen Investitionen. Kleininvestoren bieten die meisten menschlichen Berater ihre Dienste gar nicht erst an.<br \/>\n&nbsp;<br \/>\nAuch wenn ein Robo-Advisor einen wirklich erfahrenen Berater wohl nie ganz ersetzen kann, ist eine automatische Beratung schon heute viel effektiver als eine Investition ganz ohne Berater. In letzter Zeit haben die Robo-Advisor sogar schon solch gro\u00dfe Fortschritte gemacht, dass ihre Beratung mit der eines durchschnittlichen menschlichen Beraters mithalten kann. Dies wohlgemerkt zum Bruchteil des Preises.<br \/>\n&nbsp;<br \/>\n<img loading=\"lazy\" decoding=\"async\" src=\"https:\/\/www.bankweb.com\/de\/wp-content\/uploads\/2018\/08\/roboadvisor-1024x958.jpg\" alt=\"Robo-Advisor in Deutschland\" width=\"580\" height=\"543\" class=\"alignnone size-large wp-image-5994\" srcset=\"https:\/\/www.bankweb.com\/de\/wp-content\/uploads\/2018\/08\/roboadvisor-1024x958.jpg 1024w, https:\/\/www.bankweb.com\/de\/wp-content\/uploads\/2018\/08\/roboadvisor-300x281.jpg 300w, https:\/\/www.bankweb.com\/de\/wp-content\/uploads\/2018\/08\/roboadvisor-768x719.jpg 768w\" sizes=\"auto, (max-width: 580px) 100vw, 580px\" \/><br \/>\n&nbsp;<\/p>\n<h4>Was sind die Nachteile der Robo-Advisor?<\/h4>\n<p>Die Robo-Advisor sind der Erfahrung eines Menschen noch immer unterlegten. Der Hauptgrund daf\u00fcr liegt in der Tatsache, das ein Mensch auch sehr komplizierte Sachverhalte und ihre Auswirkungen auf den Markt nachvollziehen kann.<br \/>\n&nbsp;<br \/>\nEr kann zum Beispiel voraussagen, dass eine bestimmte Erfindung zu einem Einbruch der Nachfrage in einer bestimmten Branche f\u00fchren kann und zu einem Anstieg in einer anderen. Solche komplexen Verh\u00e4ltnisse sind, zumindest in der absehbaren Zukunft, f\u00fcr einen Computer nicht nachvollziehbar. Auch kann eine Software menschliche Irrationalit\u00e4t nie voraussagen und auch nur beschr\u00e4nkt auf sie reagieren. Gerade an den Finanzm\u00e4rten ist irrationales Verhalten jedoch keine Seltenheit.<br \/>\n&nbsp;<br \/>\nIn Deutschland gibt es weiter auch einige juristischen Nachteile. So d\u00fcrfen die meisten Robo-Advisor zum Beispiel keine Finanzgesch\u00e4fte ohne das manuelle Eingreifen des Kunden t\u00e4tigen. Eine schnelle Reaktion auf aktuelle Entwicklungen ist so in der Regel nicht m\u00f6glich.<br \/>\n&nbsp;<\/p>\n<h4>Was sind die rechtlichen Grundlagen f\u00fcr den Betrieb eines Robo-Advisors?<\/h4>\n<p>Finanzielle Dienstleistungen, dazu geh\u00f6rt auch die Finanzberatung, sind in der Bundesrepublik Deutschland streng reglementiert. Unternehmen, die eine solche Dienstleistung anbieten, werden von der Bundesanstalt f\u00fcr Finanzdienstleistungsaufsicht \u00fcberwacht. Dabei spielt es keine Rolle, ob die Beratung durch einen menschlichen Berater oder einen Robo-Advisor geschieht.<br \/>\n&nbsp;<br \/>\n<img loading=\"lazy\" decoding=\"async\" src=\"https:\/\/www.bankweb.com\/de\/wp-content\/uploads\/2018\/08\/roboadvisor2-1024x683.jpg\" alt=\"robo-advisor vergleich \" width=\"580\" height=\"387\" class=\"alignnone size-large wp-image-5995\" srcset=\"https:\/\/www.bankweb.com\/de\/wp-content\/uploads\/2018\/08\/roboadvisor2-1024x683.jpg 1024w, https:\/\/www.bankweb.com\/de\/wp-content\/uploads\/2018\/08\/roboadvisor2-300x200.jpg 300w, https:\/\/www.bankweb.com\/de\/wp-content\/uploads\/2018\/08\/roboadvisor2-768x512.jpg 768w\" sizes=\"auto, (max-width: 580px) 100vw, 580px\" \/><br \/>\n&nbsp;<br \/>\nJe nach Art der Beratung die von einem Robo-Advisor angeboten wird, untersteht dieser au\u00dferdem unterschiedlichen gesetzlichen Regelungen. Die meisten Robo-Advisor \u00fcbernehem die Aufgabe eines Finanzanlagenvermittlers oder eines Honorar-Finanzanlageberaters. Als solche unterstehen sie dem \u00a7 34 der Gewerbeordnung.<br \/>\n&nbsp;<\/p>\n<h4>Wer bietet Robo-Advisor in Deutschland an?<\/h4>\n<p>Zur Zeit bieten in erster Linie neu gegr\u00fcndete Unternehmen, welche zum Teil exklusiv die Beratung durch einen Robo-Advisor anbieten, die Dienstleistungen an. Zu ihnen z\u00e4hlen unter anderen Easyfolio, Ginmon oder Whitebox. Auch etablierte Banken bieten den Service mehr und mehr an. Zur Zeit existieren zum Beispiel Angebote der Commerzbank, von W\u00fcstenrot und von der Quirin Privatbank.<br \/>\n&nbsp;<br \/>\nEs existieren in Deutschland aber auch zahlreiche Unternehmen, welche einen Robo-Advisor ausschlie\u00dflich an gesch\u00e4ftliche Kunden anbieten. Diese k\u00f6nnen den Service entweder f\u00fcr ihre eigenen Investitionen oder f\u00fcr die Beratung von Kunden verwenden. Zu diesen Business-to-Business Anbietern geh\u00f6ren unter anderen Fincite und WeAdvise.<\/p>\n","protected":false},"excerpt":{"rendered":"<p>Robo-Advisor in Deutschland Wer sich in der Finanzwelt und der entsprechenden Fachpresse umschaut, der wird immer h\u00e4ufiger \u00fcber das Wort Robo-Advisor stolpern. Doch was versteht man unter einem solchen Robo-Advisor? Was leistet er? Wer bietet den Service an und was [&hellip;]<\/p>\n","protected":false},"author":4,"featured_media":0,"parent":0,"menu_order":0,"comment_status":"closed","ping_status":"closed","template":"","meta":{"footnotes":""},"class_list":["post-5989","page","type-page","status-publish","hentry"],"yoast_head":"<!-- This site is optimized with the Yoast SEO plugin v22.6 - https:\/\/yoast.com\/wordpress\/plugins\/seo\/ -->\n<title>Robo-Advisor Vergleich in Deutschland - Bankweb.com<\/title>\n<meta name=\"description\" content=\"Robo-Advisor Vergleich: \u2713Alle Anbieter im Test \u2713Angebot &amp; Kosten \u2713Sicherheit ... Alle Robo-advisor aus Deutschland im test - Deutsche Robo-Adviser\" \/>\n<meta name=\"robots\" content=\"index, follow, max-snippet:-1, max-image-preview:large, max-video-preview:-1\" \/>\n<link rel=\"canonical\" href=\"https:\/\/www.bankweb.com\/de\/robo-advisor\/\" \/>\n<meta name=\"twitter:card\" content=\"summary_large_image\" \/>\n<meta name=\"twitter:title\" content=\"Robo-Advisor Vergleich in Deutschland - Bankweb.com\" \/>\n<meta name=\"twitter:description\" content=\"Robo-Advisor Vergleich: \u2713Alle Anbieter im Test \u2713Angebot &amp; Kosten \u2713Sicherheit ... Alle Robo-advisor aus Deutschland im test - Deutsche Robo-Adviser\" \/>\n<meta name=\"twitter:image\" content=\"https:\/\/www.bankweb.com\/de\/wp-content\/uploads\/2018\/08\/roboadvisor1.jpg\" \/>\n<meta name=\"twitter:label1\" content=\"Ber\u00e4knad l\u00e4stid\" \/>\n\t<meta name=\"twitter:data1\" content=\"4 minuter\" \/>\n<script type=\"application\/ld+json\" class=\"yoast-schema-graph\">{\"@context\":\"https:\/\/schema.org\",\"@graph\":[{\"@type\":\"WebPage\",\"@id\":\"https:\/\/www.bankweb.com\/de\/robo-advisor\/\",\"url\":\"https:\/\/www.bankweb.com\/de\/robo-advisor\/\",\"name\":\"Robo-Advisor Vergleich in Deutschland - Bankweb.com\",\"isPartOf\":{\"@id\":\"https:\/\/www.bankweb.com\/de\/#website\"},\"primaryImageOfPage\":{\"@id\":\"https:\/\/www.bankweb.com\/de\/robo-advisor\/#primaryimage\"},\"image\":{\"@id\":\"https:\/\/www.bankweb.com\/de\/robo-advisor\/#primaryimage\"},\"thumbnailUrl\":\"https:\/\/www.bankweb.com\/de\/wp-content\/uploads\/2018\/08\/roboadvisor1-1024x683.jpg\",\"datePublished\":\"2018-08-13T11:17:23+00:00\",\"dateModified\":\"2018-08-30T09:30:08+00:00\",\"description\":\"Robo-Advisor Vergleich: \u2713Alle Anbieter im Test \u2713Angebot & Kosten \u2713Sicherheit ... Alle Robo-advisor aus Deutschland im test - Deutsche Robo-Adviser\",\"breadcrumb\":{\"@id\":\"https:\/\/www.bankweb.com\/de\/robo-advisor\/#breadcrumb\"},\"inLanguage\":\"sv-SE\",\"potentialAction\":[{\"@type\":\"ReadAction\",\"target\":[\"https:\/\/www.bankweb.com\/de\/robo-advisor\/\"]}]},{\"@type\":\"ImageObject\",\"inLanguage\":\"sv-SE\",\"@id\":\"https:\/\/www.bankweb.com\/de\/robo-advisor\/#primaryimage\",\"url\":\"https:\/\/www.bankweb.com\/de\/wp-content\/uploads\/2018\/08\/roboadvisor1.jpg\",\"contentUrl\":\"https:\/\/www.bankweb.com\/de\/wp-content\/uploads\/2018\/08\/roboadvisor1.jpg\",\"width\":5472,\"height\":3648,\"caption\":\"Robo-advisor\"},{\"@type\":\"BreadcrumbList\",\"@id\":\"https:\/\/www.bankweb.com\/de\/robo-advisor\/#breadcrumb\",\"itemListElement\":[{\"@type\":\"ListItem\",\"position\":1,\"name\":\"Hem\",\"item\":\"https:\/\/www.bankweb.com\/de\/\"},{\"@type\":\"ListItem\",\"position\":2,\"name\":\"Robo-Advisor\"}]},{\"@type\":\"WebSite\",\"@id\":\"https:\/\/www.bankweb.com\/de\/#website\",\"url\":\"https:\/\/www.bankweb.com\/de\/\",\"name\":\"Bankweb.com Germany\",\"description\":\"\",\"publisher\":{\"@id\":\"https:\/\/www.bankweb.com\/de\/#organization\"},\"potentialAction\":[{\"@type\":\"SearchAction\",\"target\":{\"@type\":\"EntryPoint\",\"urlTemplate\":\"https:\/\/www.bankweb.com\/de\/?s={search_term_string}\"},\"query-input\":\"required name=search_term_string\"}],\"inLanguage\":\"sv-SE\"},{\"@type\":\"Organization\",\"@id\":\"https:\/\/www.bankweb.com\/de\/#organization\",\"name\":\"Bankweb.com\",\"url\":\"https:\/\/www.bankweb.com\/de\/\",\"logo\":{\"@type\":\"ImageObject\",\"inLanguage\":\"sv-SE\",\"@id\":\"https:\/\/www.bankweb.com\/de\/#\/schema\/logo\/image\/\",\"url\":\"https:\/\/www.bankweb.com\/de\/wp-content\/uploads\/2019\/11\/245px_bankweb_logo.png\",\"contentUrl\":\"https:\/\/www.bankweb.com\/de\/wp-content\/uploads\/2019\/11\/245px_bankweb_logo.png\",\"width\":245,\"height\":49,\"caption\":\"Bankweb.com\"},\"image\":{\"@id\":\"https:\/\/www.bankweb.com\/de\/#\/schema\/logo\/image\/\"}}]}<\/script>\n<!-- \/ Yoast SEO plugin. -->","yoast_head_json":{"title":"Robo-Advisor Vergleich in Deutschland - Bankweb.com","description":"Robo-Advisor Vergleich: \u2713Alle Anbieter im Test \u2713Angebot & Kosten \u2713Sicherheit ... Alle Robo-advisor aus Deutschland im test - Deutsche Robo-Adviser","robots":{"index":"index","follow":"follow","max-snippet":"max-snippet:-1","max-image-preview":"max-image-preview:large","max-video-preview":"max-video-preview:-1"},"canonical":"https:\/\/www.bankweb.com\/de\/robo-advisor\/","twitter_card":"summary_large_image","twitter_title":"Robo-Advisor Vergleich in Deutschland - Bankweb.com","twitter_description":"Robo-Advisor Vergleich: \u2713Alle Anbieter im Test \u2713Angebot & Kosten \u2713Sicherheit ... Alle Robo-advisor aus Deutschland im test - Deutsche Robo-Adviser","twitter_image":"https:\/\/www.bankweb.com\/de\/wp-content\/uploads\/2018\/08\/roboadvisor1.jpg","twitter_misc":{"Ber\u00e4knad l\u00e4stid":"4 minuter"},"schema":{"@context":"https:\/\/schema.org","@graph":[{"@type":"WebPage","@id":"https:\/\/www.bankweb.com\/de\/robo-advisor\/","url":"https:\/\/www.bankweb.com\/de\/robo-advisor\/","name":"Robo-Advisor Vergleich in Deutschland - Bankweb.com","isPartOf":{"@id":"https:\/\/www.bankweb.com\/de\/#website"},"primaryImageOfPage":{"@id":"https:\/\/www.bankweb.com\/de\/robo-advisor\/#primaryimage"},"image":{"@id":"https:\/\/www.bankweb.com\/de\/robo-advisor\/#primaryimage"},"thumbnailUrl":"https:\/\/www.bankweb.com\/de\/wp-content\/uploads\/2018\/08\/roboadvisor1-1024x683.jpg","datePublished":"2018-08-13T11:17:23+00:00","dateModified":"2018-08-30T09:30:08+00:00","description":"Robo-Advisor Vergleich: \u2713Alle Anbieter im Test \u2713Angebot & Kosten \u2713Sicherheit ... Alle Robo-advisor aus Deutschland im test - Deutsche Robo-Adviser","breadcrumb":{"@id":"https:\/\/www.bankweb.com\/de\/robo-advisor\/#breadcrumb"},"inLanguage":"sv-SE","potentialAction":[{"@type":"ReadAction","target":["https:\/\/www.bankweb.com\/de\/robo-advisor\/"]}]},{"@type":"ImageObject","inLanguage":"sv-SE","@id":"https:\/\/www.bankweb.com\/de\/robo-advisor\/#primaryimage","url":"https:\/\/www.bankweb.com\/de\/wp-content\/uploads\/2018\/08\/roboadvisor1.jpg","contentUrl":"https:\/\/www.bankweb.com\/de\/wp-content\/uploads\/2018\/08\/roboadvisor1.jpg","width":5472,"height":3648,"caption":"Robo-advisor"},{"@type":"BreadcrumbList","@id":"https:\/\/www.bankweb.com\/de\/robo-advisor\/#breadcrumb","itemListElement":[{"@type":"ListItem","position":1,"name":"Hem","item":"https:\/\/www.bankweb.com\/de\/"},{"@type":"ListItem","position":2,"name":"Robo-Advisor"}]},{"@type":"WebSite","@id":"https:\/\/www.bankweb.com\/de\/#website","url":"https:\/\/www.bankweb.com\/de\/","name":"Bankweb.com Germany","description":"","publisher":{"@id":"https:\/\/www.bankweb.com\/de\/#organization"},"potentialAction":[{"@type":"SearchAction","target":{"@type":"EntryPoint","urlTemplate":"https:\/\/www.bankweb.com\/de\/?s={search_term_string}"},"query-input":"required name=search_term_string"}],"inLanguage":"sv-SE"},{"@type":"Organization","@id":"https:\/\/www.bankweb.com\/de\/#organization","name":"Bankweb.com","url":"https:\/\/www.bankweb.com\/de\/","logo":{"@type":"ImageObject","inLanguage":"sv-SE","@id":"https:\/\/www.bankweb.com\/de\/#\/schema\/logo\/image\/","url":"https:\/\/www.bankweb.com\/de\/wp-content\/uploads\/2019\/11\/245px_bankweb_logo.png","contentUrl":"https:\/\/www.bankweb.com\/de\/wp-content\/uploads\/2019\/11\/245px_bankweb_logo.png","width":245,"height":49,"caption":"Bankweb.com"},"image":{"@id":"https:\/\/www.bankweb.com\/de\/#\/schema\/logo\/image\/"}}]}},"_links":{"self":[{"href":"https:\/\/www.bankweb.com\/de\/wp-json\/wp\/v2\/pages\/5989","targetHints":{"allow":["GET"]}}],"collection":[{"href":"https:\/\/www.bankweb.com\/de\/wp-json\/wp\/v2\/pages"}],"about":[{"href":"https:\/\/www.bankweb.com\/de\/wp-json\/wp\/v2\/types\/page"}],"author":[{"embeddable":true,"href":"https:\/\/www.bankweb.com\/de\/wp-json\/wp\/v2\/users\/4"}],"replies":[{"embeddable":true,"href":"https:\/\/www.bankweb.com\/de\/wp-json\/wp\/v2\/comments?post=5989"}],"version-history":[{"count":0,"href":"https:\/\/www.bankweb.com\/de\/wp-json\/wp\/v2\/pages\/5989\/revisions"}],"wp:attachment":[{"href":"https:\/\/www.bankweb.com\/de\/wp-json\/wp\/v2\/media?parent=5989"}],"curies":[{"name":"wp","href":"https:\/\/api.w.org\/{rel}","templated":true}]}}