{"id":5957,"date":"2018-07-06T08:05:43","date_gmt":"2018-07-06T08:05:43","guid":{"rendered":"https:\/\/www.bankweb.com\/de\/?page_id=5957"},"modified":"2021-01-15T10:57:17","modified_gmt":"2021-01-15T10:57:17","slug":"girokonto","status":"publish","type":"page","link":"https:\/\/www.bankweb.com\/de\/girokonto\/","title":{"rendered":"Girokonto"},"content":{"rendered":"<h1 class=\"kredith1\">Das Girokonto in Deutschland<\/h1>\n<p>Um am Gesch\u00e4ftsleben in Deutschland teilzunehmen ist es fast unerl\u00e4sslich. Ein Bankkonto bei einer Bank oder Sparkasse ist f\u00fcr die meisten Menschen der Dreh- und Angelpunkt ihrer pers\u00f6nlichen Finanzen. Lohn- und Gehaltszahlungen gehen hier ebenso ein wie Sozialleistungen, Dividendenertr\u00e4ge und die j\u00e4hrliche R\u00fcckzahlung vom Finanzamt.<br \/>\n<strong>Girokonto Vergleich &#8211; bestes Konto finden<\/strong><br \/>\n&nbsp;<br \/>\n<em>Bestes Girokonto jetzt im Test schon ab 0 Euro Geb\u00fchr<\/em><br \/>\n&nbsp;<br \/>\n<iframe onload=\"fa_iframeresize.do(this);\" src=\"https:\/\/tools.financeads.net\/girokontorechner.php?tp=dif&#038;h=1&#038;wf=26741&#038;ntpl=responsive&#038;c=25&#038;subid=. $gclid;\" scrolling=\"no\" width=\"100%\" style=\"padding:0px;margin:0px;border-width:0px;\" frameborder=\"0\"><\/iframe><script type=\"text\/javascript\" src=\"\/\/js.financeads.net\/iframeResizeMe.min.js.gz\"><\/script><br \/>\n&nbsp;<br \/>\n<center><!-- From https:\/\/www.financeads.net\/-Code --><a href=\"https:\/\/www.financeads.net\/tc.php?t=26741C10710504B\" target=\"_blank\" rel=\"noopener noreferrer\"><img loading=\"lazy\" decoding=\"async\" src=\"https:\/\/www.financeads.net\/tb.php?t=26741V10710504B&#038;https=1\" alt=\"1822direkt\" border=\"0\" width=\"728\" height=\"90\"><\/a><!-- To https:\/\/www.financeads.net\/-Code --><\/center><br \/>\n&nbsp;<br \/>\nEin Girokonto erm\u00f6glicht es dem Verbraucher aber auch seine Zahlungen abzuwickeln. Dazu stehen eine Reihe verschiedener Zahlungsmethoden zur Verf\u00fcgung, die alle direkt mit dem Girokonto verbunden sind. Wegen der Wichtigkeit des Girokontos, bzw. dem Kontokorrentkonto wie es im Bankendeutsch hei\u00dft, f\u00fcr den Wirtschaftskreislauf in Deutschland, hat die Regierung hier zahlreiche Gesetze und Regelungen erlassen, die viele Aspekte des Girokontos regeln.<br \/>\n&nbsp;<\/p>\n<h2>Was genau ist ein Girokonto<\/h2>\n<p>Bei einem Girokonto handelt es sich um ein Kontokorrentkonto, welches bei einer Bank oder einer anderen Finanzinstitution gef\u00fchrt wird und welches die Aufgabe erf\u00fcllt, den Zahlungsverkehr des Kontoinhabers abzuwickeln. Daher wird es auch oft Zahlungskonto genannt, andere Bezeichnungen sind aber auch Sichtkonto, oder eben Girokonto.<br \/>\n&nbsp;<br \/>\n<img loading=\"lazy\" decoding=\"async\" src=\"https:\/\/www.bankweb.com\/de\/wp-content\/uploads\/2018\/07\/girokonto-1024x683.jpg\" alt=\"Girokonto\" width=\"580\" height=\"387\" class=\"alignnone size-large wp-image-5958\" srcset=\"https:\/\/www.bankweb.com\/de\/wp-content\/uploads\/2018\/07\/girokonto-1024x683.jpg 1024w, https:\/\/www.bankweb.com\/de\/wp-content\/uploads\/2018\/07\/girokonto-300x200.jpg 300w, https:\/\/www.bankweb.com\/de\/wp-content\/uploads\/2018\/07\/girokonto-768x512.jpg 768w, https:\/\/www.bankweb.com\/de\/wp-content\/uploads\/2018\/07\/girokonto.jpg 1920w\" sizes=\"auto, (max-width: 580px) 100vw, 580px\" \/><br \/>\n&nbsp;<br \/>\nVorl\u00e4ufer des Girokontos, die genau diesen Zweck erf\u00fcllten, sind bereits seit dem 11. Jahrhundert in Europa nachweisbar, waren damals jedoch nur Gesch\u00e4ften und sehr wohlhabenden Privatkunden vorbehalten.<br \/>\n&nbsp;<\/p>\n<h3>Wer f\u00fchrt ein Girokonto in Deutschland<\/h3>\n<p>Girokonten f\u00fcr Privatleute in Deutschland werden von den meisten <a href=\"https:\/\/www.bankweb.com\/de\/kreditvergleich\/\">Privatbanken<\/a> gef\u00fchrt, die genossenschaftlich organisierten Banken f\u00fchren solche Konten und die Sparkassen und Landesbanken sind in diesem Markt aktiv. Traditionell ist es auch m\u00f6glich, bei bestimmten Bausparkassen ein Girokonto zu er\u00f6ffnen und zu f\u00fchren.<br \/>\n&nbsp;<br \/>\nIn den letzten Jahren hat sich das Spektrum der Kreditinstitutionen, die in Deutschland Girokonten f\u00fchren, erweitert. So sind heute auch neuartige Finanzdienstleister in diesem Markt aktiv, einige Kreditkartengesellschaften haben ihr Produktangebot um Girokonten erweitert und internetbasierte Direktbanken bieten den Verbrauchern ihre Dienste an.<br \/>\n&nbsp;<\/p>\n<h3>Was sind die gr\u00f6\u00dften Vorteile des Girokonto-Systems in Deutschland?<\/h3>\n<p>F\u00fcr den Verbraucher ist das bei einer Bank gef\u00fchrte Girokonto oft seine zentrale Geldverwaltung. F\u00fcr Endkunden besteht der gr\u00f6\u00dfte Vorteil darin, dass hier bargeldlose Zahlungen empfangen und gesendet werden k\u00f6nnen und dass das Girokonto der meisten Banken auch die M\u00f6glichkeit bietet bare Ein- und Auszahlungen vorzunehmen.<br \/>\n&nbsp;<br \/>\nDer gr\u00f6\u00dfte Vorteil am Girokonto-System in Deutschland selbst ist die M\u00f6glichkeit, bargeldlose Transaktionen zwischen allen Banken durchzuf\u00fchren. Eine Buchung vom Girokonto einer Privatbank in M\u00fcnchen zu einem Girokonto bei einer Genossenschaftsbank in Hamburg kann also ohne Probleme durchgef\u00fchrt werden.<br \/>\n&nbsp;<br \/>\nMit einem Girokonto kann der Kontoinhaber am gesamten Girosystem aller Banken teilnehmen und von jedem anderen Girokonto Zahlungen empfangen und Zahlungen dorthin senden.<br \/>\n&nbsp;<\/p>\n<h4>Die Funktionen eines Girokontos in Deutschland<\/h4>\n<p>Die Basisfunktionen eines Girokontos sind der Empfang und die Sendung von bargeldlosen Geldbetr\u00e4gen. Dies wird meist \u00fcber die sogenannte Bank\u00fcberweisung abgewickelt. Regelm\u00e4\u00dfige Zahlungen lassen sich mit einem sogenannten Dauerauftrag automatisieren. Hierbei wird z.B. jeden Monat automatisch ein festgelegter Betrag auf ein anderes Girokonto \u00fcberwiesen.<br \/>\n&nbsp;<br \/>\nEine weitere Standardfunktion eines Girokontos, bei Banken die \u00fcber Filialen verf\u00fcgen, ist die M\u00f6glichkeit dort Bargeld einzuzahlen und auszahlen zu lassen. Ein Girokonto erlaubt es dem Kontoinhaber ebenfalls, Schecks auszustellen und empfangene Schecks bei seiner Bank zur Gutschrift einzureichen.<br \/>\n&nbsp;<br \/>\nDiese klassischen Funktionen des Girokontos wurden in den letzten Jahrzehnten um einige weitere Zahlungsoptionen erweitert. So ist es mittels des sogenannten Lastschriftverfahrens m\u00f6glich, einem Zahlungsempf\u00e4nger die Genehmigung zu erteilen bestimmte Geldbetr\u00e4ge vom eigenen Girokonto bei F\u00e4lligkeit abzubuchen.<br \/>\n&nbsp;<br \/>\nDies ist besonders bei monatlich wechselnden Rechnungsbetr\u00e4gen sinnvoll. Im Zusammenhang mit verschiedenen Kontokarten, die Banken zum Girokonto ausgeben k\u00f6nnen, sind weitere Funktionen m\u00f6glich. Eine Bezahlung per Karte wird oft angeboten.<br \/>\n&nbsp;<br \/>\n<img loading=\"lazy\" decoding=\"async\" src=\"https:\/\/www.bankweb.com\/de\/wp-content\/uploads\/2018\/07\/kostenlos-1024x682.jpg\" alt=\"Kostenlos girokonto\" width=\"580\" height=\"386\" class=\"alignnone size-large wp-image-5959\" srcset=\"https:\/\/www.bankweb.com\/de\/wp-content\/uploads\/2018\/07\/kostenlos-1024x682.jpg 1024w, https:\/\/www.bankweb.com\/de\/wp-content\/uploads\/2018\/07\/kostenlos-300x200.jpg 300w, https:\/\/www.bankweb.com\/de\/wp-content\/uploads\/2018\/07\/kostenlos-768x512.jpg 768w, https:\/\/www.bankweb.com\/de\/wp-content\/uploads\/2018\/07\/kostenlos.jpg 1920w\" sizes=\"auto, (max-width: 580px) 100vw, 580px\" \/><br \/>\n&nbsp;<\/p>\n<h4>Welche anderen Vorteile bietet das Girokonto<\/h4>\n<p>Neben dem offensichtlichen Nutzen der Zahlungsabwicklung bietet das Girokonto den Kontoinhabern ein paar weitere Vorteile. So sind andere Bankprodukte oft daran gebunden, dass der Kunde bereits ein Girokonto sein Eigen nennt, selbst wenn dies nicht zwangsl\u00e4ufig bei derselben Bank sein muss.<br \/>\n&nbsp;<br \/>\nEin Girokonto er\u00f6ffnet dem Kontoinhaber z. B. die M\u00f6glichkeit, sich eine <a href=\"https:\/\/www.bankweb.com\/de\/kreditkarten\/\">Kreditkarte<\/a> ausstellen zu lassen und ein Aktiendepot zu er\u00f6ffnen und bietet Zugang zu zahlreichen weiteren Bankdienstleistungen.<br \/>\n&nbsp;<\/p>\n<h4>Wer kann ein Girokonto in Deutschland er\u00f6ffnen?<\/h4>\n<p>Zur Er\u00f6ffnung eines Girokontos muss man in Deutschland mindestens 18 Jahre alt sein oder die Erlaubnis seiner Eltern haben. Au\u00dferdem muss man \u00fcber ein g\u00fcltiges Ausweisdokument verf\u00fcgen und damit einverstanden sein, dass die Bank die Kundendaten Daten an andere Gesch\u00e4ftspartner weitergibt und diese speichert.<br \/>\n&nbsp;<br \/>\nDie meisten Banken verlangen au\u00dferdem, dass man seinen Wohnsitz in Deutschland hat. Manche Banken verlangen auch einen monatlichen Mindestgeldeingang oder haben andere Beschr\u00e4nkungen und Auflagen.<br \/>\n&nbsp;<\/p>\n<h4>Die Kosten eines Girokontos in Deutschland<\/h4>\n<p>Die Preise f\u00fcr ein Girokonto und die Bank zusammenh\u00e4ngenden Bankdienstleistungen sind von Bank zu Bank verschieden. Da die Banken auch unterschiedliche Arten von Geb\u00fchren verlangen, ist ein<br \/>\nPreisvergleich oft nicht einfach. Wer hier Geld sparen m\u00f6chte, sollte sich also sehr genau informieren.<br \/>\n&nbsp;<br \/>\nGenerell ist es jedoch so, dass die Direktbanken in Internet oft g\u00fcnstiger sind, da sie keine Filialen unterhalten und diesen Preisvorteil an ihre Kunden weitergeben.<\/p>\n","protected":false},"excerpt":{"rendered":"<p>Das Girokonto in Deutschland Um am Gesch\u00e4ftsleben in Deutschland teilzunehmen ist es fast unerl\u00e4sslich. Ein Bankkonto bei einer Bank oder Sparkasse ist f\u00fcr die meisten Menschen der Dreh- und Angelpunkt ihrer pers\u00f6nlichen Finanzen. Lohn- und Gehaltszahlungen gehen hier ebenso ein [&hellip;]<\/p>\n","protected":false},"author":4,"featured_media":0,"parent":0,"menu_order":0,"comment_status":"closed","ping_status":"closed","template":"","meta":{"footnotes":""},"class_list":["post-5957","page","type-page","status-publish","hentry"],"yoast_head":"<!-- This site is optimized with the Yoast SEO plugin v22.6 - https:\/\/yoast.com\/wordpress\/plugins\/seo\/ -->\n<title>Girokonto-Vergleich 2021 - Kostenloses Girokonto in Deutschland<\/title>\n<meta name=\"description\" content=\"Komfortabel die besten Girokonten vergleichen - alle kostenlosen Girokonten in Deutschland. Nur dieses Konto ist f\u00fcr alle Kunden 100% geb\u00fchrenfrei. Schneller Onlineantrag.\" \/>\n<meta name=\"robots\" content=\"index, follow, max-snippet:-1, max-image-preview:large, max-video-preview:-1\" \/>\n<link rel=\"canonical\" href=\"https:\/\/www.bankweb.com\/de\/girokonto\/\" \/>\n<meta name=\"twitter:card\" content=\"summary_large_image\" \/>\n<meta name=\"twitter:title\" content=\"Girokonto-Vergleich 2021 - Kostenloses Girokonto in Deutschland\" \/>\n<meta name=\"twitter:description\" content=\"Komfortabel die besten Girokonten vergleichen - alle kostenlosen Girokonten in Deutschland. Nur dieses Konto ist f\u00fcr alle Kunden 100% geb\u00fchrenfrei. Schneller Onlineantrag.\" \/>\n<meta name=\"twitter:image\" content=\"https:\/\/www.financeads.net\/tb.php?t=26741V10710504B&https=1\" \/>\n<meta name=\"twitter:label1\" content=\"Ber\u00e4knad l\u00e4stid\" \/>\n\t<meta name=\"twitter:data1\" content=\"4 minuter\" \/>\n<script type=\"application\/ld+json\" class=\"yoast-schema-graph\">{\"@context\":\"https:\/\/schema.org\",\"@graph\":[{\"@type\":\"WebPage\",\"@id\":\"https:\/\/www.bankweb.com\/de\/girokonto\/\",\"url\":\"https:\/\/www.bankweb.com\/de\/girokonto\/\",\"name\":\"Girokonto-Vergleich 2021 - Kostenloses Girokonto in Deutschland\",\"isPartOf\":{\"@id\":\"https:\/\/www.bankweb.com\/de\/#website\"},\"primaryImageOfPage\":{\"@id\":\"https:\/\/www.bankweb.com\/de\/girokonto\/#primaryimage\"},\"image\":{\"@id\":\"https:\/\/www.bankweb.com\/de\/girokonto\/#primaryimage\"},\"thumbnailUrl\":\"https:\/\/www.financeads.net\/tb.php?t=26741V10710504B&https=1\",\"datePublished\":\"2018-07-06T08:05:43+00:00\",\"dateModified\":\"2021-01-15T10:57:17+00:00\",\"description\":\"Komfortabel die besten Girokonten vergleichen - alle kostenlosen Girokonten in Deutschland. Nur dieses Konto ist f\u00fcr alle Kunden 100% geb\u00fchrenfrei. Schneller Onlineantrag.\",\"breadcrumb\":{\"@id\":\"https:\/\/www.bankweb.com\/de\/girokonto\/#breadcrumb\"},\"inLanguage\":\"sv-SE\",\"potentialAction\":[{\"@type\":\"ReadAction\",\"target\":[\"https:\/\/www.bankweb.com\/de\/girokonto\/\"]}]},{\"@type\":\"ImageObject\",\"inLanguage\":\"sv-SE\",\"@id\":\"https:\/\/www.bankweb.com\/de\/girokonto\/#primaryimage\",\"url\":\"https:\/\/www.financeads.net\/tb.php?t=26741V10710504B&https=1\",\"contentUrl\":\"https:\/\/www.financeads.net\/tb.php?t=26741V10710504B&https=1\"},{\"@type\":\"BreadcrumbList\",\"@id\":\"https:\/\/www.bankweb.com\/de\/girokonto\/#breadcrumb\",\"itemListElement\":[{\"@type\":\"ListItem\",\"position\":1,\"name\":\"Hem\",\"item\":\"https:\/\/www.bankweb.com\/de\/\"},{\"@type\":\"ListItem\",\"position\":2,\"name\":\"Girokonto\"}]},{\"@type\":\"WebSite\",\"@id\":\"https:\/\/www.bankweb.com\/de\/#website\",\"url\":\"https:\/\/www.bankweb.com\/de\/\",\"name\":\"Bankweb.com Germany\",\"description\":\"\",\"publisher\":{\"@id\":\"https:\/\/www.bankweb.com\/de\/#organization\"},\"potentialAction\":[{\"@type\":\"SearchAction\",\"target\":{\"@type\":\"EntryPoint\",\"urlTemplate\":\"https:\/\/www.bankweb.com\/de\/?s={search_term_string}\"},\"query-input\":\"required name=search_term_string\"}],\"inLanguage\":\"sv-SE\"},{\"@type\":\"Organization\",\"@id\":\"https:\/\/www.bankweb.com\/de\/#organization\",\"name\":\"Bankweb.com\",\"url\":\"https:\/\/www.bankweb.com\/de\/\",\"logo\":{\"@type\":\"ImageObject\",\"inLanguage\":\"sv-SE\",\"@id\":\"https:\/\/www.bankweb.com\/de\/#\/schema\/logo\/image\/\",\"url\":\"https:\/\/www.bankweb.com\/de\/wp-content\/uploads\/2019\/11\/245px_bankweb_logo.png\",\"contentUrl\":\"https:\/\/www.bankweb.com\/de\/wp-content\/uploads\/2019\/11\/245px_bankweb_logo.png\",\"width\":245,\"height\":49,\"caption\":\"Bankweb.com\"},\"image\":{\"@id\":\"https:\/\/www.bankweb.com\/de\/#\/schema\/logo\/image\/\"}}]}<\/script>\n<!-- \/ Yoast SEO plugin. -->","yoast_head_json":{"title":"Girokonto-Vergleich 2021 - Kostenloses Girokonto in Deutschland","description":"Komfortabel die besten Girokonten vergleichen - alle kostenlosen Girokonten in Deutschland. Nur dieses Konto ist f\u00fcr alle Kunden 100% geb\u00fchrenfrei. Schneller Onlineantrag.","robots":{"index":"index","follow":"follow","max-snippet":"max-snippet:-1","max-image-preview":"max-image-preview:large","max-video-preview":"max-video-preview:-1"},"canonical":"https:\/\/www.bankweb.com\/de\/girokonto\/","twitter_card":"summary_large_image","twitter_title":"Girokonto-Vergleich 2021 - Kostenloses Girokonto in Deutschland","twitter_description":"Komfortabel die besten Girokonten vergleichen - alle kostenlosen Girokonten in Deutschland. Nur dieses Konto ist f\u00fcr alle Kunden 100% geb\u00fchrenfrei. Schneller Onlineantrag.","twitter_image":"https:\/\/www.financeads.net\/tb.php?t=26741V10710504B&https=1","twitter_misc":{"Ber\u00e4knad l\u00e4stid":"4 minuter"},"schema":{"@context":"https:\/\/schema.org","@graph":[{"@type":"WebPage","@id":"https:\/\/www.bankweb.com\/de\/girokonto\/","url":"https:\/\/www.bankweb.com\/de\/girokonto\/","name":"Girokonto-Vergleich 2021 - Kostenloses Girokonto in Deutschland","isPartOf":{"@id":"https:\/\/www.bankweb.com\/de\/#website"},"primaryImageOfPage":{"@id":"https:\/\/www.bankweb.com\/de\/girokonto\/#primaryimage"},"image":{"@id":"https:\/\/www.bankweb.com\/de\/girokonto\/#primaryimage"},"thumbnailUrl":"https:\/\/www.financeads.net\/tb.php?t=26741V10710504B&https=1","datePublished":"2018-07-06T08:05:43+00:00","dateModified":"2021-01-15T10:57:17+00:00","description":"Komfortabel die besten Girokonten vergleichen - alle kostenlosen Girokonten in Deutschland. Nur dieses Konto ist f\u00fcr alle Kunden 100% geb\u00fchrenfrei. Schneller Onlineantrag.","breadcrumb":{"@id":"https:\/\/www.bankweb.com\/de\/girokonto\/#breadcrumb"},"inLanguage":"sv-SE","potentialAction":[{"@type":"ReadAction","target":["https:\/\/www.bankweb.com\/de\/girokonto\/"]}]},{"@type":"ImageObject","inLanguage":"sv-SE","@id":"https:\/\/www.bankweb.com\/de\/girokonto\/#primaryimage","url":"https:\/\/www.financeads.net\/tb.php?t=26741V10710504B&https=1","contentUrl":"https:\/\/www.financeads.net\/tb.php?t=26741V10710504B&https=1"},{"@type":"BreadcrumbList","@id":"https:\/\/www.bankweb.com\/de\/girokonto\/#breadcrumb","itemListElement":[{"@type":"ListItem","position":1,"name":"Hem","item":"https:\/\/www.bankweb.com\/de\/"},{"@type":"ListItem","position":2,"name":"Girokonto"}]},{"@type":"WebSite","@id":"https:\/\/www.bankweb.com\/de\/#website","url":"https:\/\/www.bankweb.com\/de\/","name":"Bankweb.com Germany","description":"","publisher":{"@id":"https:\/\/www.bankweb.com\/de\/#organization"},"potentialAction":[{"@type":"SearchAction","target":{"@type":"EntryPoint","urlTemplate":"https:\/\/www.bankweb.com\/de\/?s={search_term_string}"},"query-input":"required name=search_term_string"}],"inLanguage":"sv-SE"},{"@type":"Organization","@id":"https:\/\/www.bankweb.com\/de\/#organization","name":"Bankweb.com","url":"https:\/\/www.bankweb.com\/de\/","logo":{"@type":"ImageObject","inLanguage":"sv-SE","@id":"https:\/\/www.bankweb.com\/de\/#\/schema\/logo\/image\/","url":"https:\/\/www.bankweb.com\/de\/wp-content\/uploads\/2019\/11\/245px_bankweb_logo.png","contentUrl":"https:\/\/www.bankweb.com\/de\/wp-content\/uploads\/2019\/11\/245px_bankweb_logo.png","width":245,"height":49,"caption":"Bankweb.com"},"image":{"@id":"https:\/\/www.bankweb.com\/de\/#\/schema\/logo\/image\/"}}]}},"_links":{"self":[{"href":"https:\/\/www.bankweb.com\/de\/wp-json\/wp\/v2\/pages\/5957","targetHints":{"allow":["GET"]}}],"collection":[{"href":"https:\/\/www.bankweb.com\/de\/wp-json\/wp\/v2\/pages"}],"about":[{"href":"https:\/\/www.bankweb.com\/de\/wp-json\/wp\/v2\/types\/page"}],"author":[{"embeddable":true,"href":"https:\/\/www.bankweb.com\/de\/wp-json\/wp\/v2\/users\/4"}],"replies":[{"embeddable":true,"href":"https:\/\/www.bankweb.com\/de\/wp-json\/wp\/v2\/comments?post=5957"}],"version-history":[{"count":1,"href":"https:\/\/www.bankweb.com\/de\/wp-json\/wp\/v2\/pages\/5957\/revisions"}],"predecessor-version":[{"id":6603,"href":"https:\/\/www.bankweb.com\/de\/wp-json\/wp\/v2\/pages\/5957\/revisions\/6603"}],"wp:attachment":[{"href":"https:\/\/www.bankweb.com\/de\/wp-json\/wp\/v2\/media?parent=5957"}],"curies":[{"name":"wp","href":"https:\/\/api.w.org\/{rel}","templated":true}]}}