{"id":5921,"date":"2018-05-30T14:05:54","date_gmt":"2018-05-30T14:05:54","guid":{"rendered":"https:\/\/www.bankweb.com\/de\/?page_id=5921"},"modified":"2020-08-18T12:26:42","modified_gmt":"2020-08-18T12:26:42","slug":"kleinkredit","status":"publish","type":"page","link":"https:\/\/www.bankweb.com\/de\/kleinkredit\/","title":{"rendered":"Kleinkredit"},"content":{"rendered":"<h1 class=\"kredith1\">Online Kleinkredite<\/h1>\n<p>Es kann in der heutigen Zeit die verschiedensten Gr\u00fcnde haben, aus denen sich Menschen f\u00fcr die Aufnahme eines Kredites entscheiden. Oftmals werden Kredite vor allem zu dem Zweck genommen, um ein Auto oder eine Immobilie zu erwerben, Einrichtungsgegenst\u00e4nde f\u00fcr die eigenen 4 W\u00e4nde zu erwerben oder sogar vereinzelt um Schulden zu tilgen.<br \/>\n&nbsp;<\/p>\n<p><iframe loading=\"lazy\" onload=\"fa_iframeresize.do(this);\" src=\"https:\/\/tools.financeads.net\/minikreditrechner.php?tp=dif&#038;wf=26741&#038;ntpl=responsive&#038;h=1\" scrolling=\"no\" width=\"650\" height=\"890\" style=\"padding:0px; margin:0px; border-width:0px;\" frameborder=\"0\"><\/iframe><script type=\"text\/javascript\" src=\"\/\/js.financeads.net\/iframeResizeMe.min.js.gz\"><\/script><\/p>\n<p>&nbsp;<br \/>\n<a href=\"https:\/\/www.smava.de\/partner\/1848602528?utm_source=nem&#038;utm_medium=partner&#038;category=888&#038;data1=general_970x250&amp;ref=3735e2e4&amp;a_bid=d9359e41\" target=\"_top\" rel=\"noopener noreferrer\"><img loading=\"lazy\" decoding=\"async\" src=\"https:\/\/s3-eu-west-1.amazonaws.com\/smavaimage\/Banner+Allgemein\/general_970x250.png\" alt=\"\" title=\"\" width=\"970\" height=\"250\" \/><\/a><img loading=\"lazy\" decoding=\"async\" style=\"border:0\" src=\"https:\/\/smava.postaffiliatepro.com\/scripts\/28inyz79nl?ref=3735e2e4&amp;a_bid=d9359e41\" width=\"1\" height=\"1\" alt=\"\" \/><br \/>\n&nbsp;<br \/>\nDaher bieten die Banken sowie auch die verschiedenen Anbieter im Internet ihrer Kundschaft eine ganze Reihe von Krediten an, mit denen diese sich ihre W\u00fcnsche erf\u00fcllen oder etwaige finanzielle Probleme aus der Welt schaffen k\u00f6nnen.<br \/>\n&nbsp;<\/p>\n<h2>Die richtige Ratenh\u00f6he<\/h2>\n<p>Zumeist ben\u00f6tigen Kreditnehmer, bei der Aufnahme eines Kredits, einen h\u00f6heren Betrag, weshalb Kredite in der Folge oftmals eine recht lange Laufzeit besitzen, in der diese abbezahlt werden. Dies gibt dem Kreditnehmer zwar zum einen die M\u00f6glichkeit seine Vorhaben zu verwirklichen, allerdings muss dieser den Kredit auch im Anschluss daran, in monatlichen Raten, an den Kreditgeber zur\u00fcckzahlen.<br \/>\n&nbsp;<br \/>\nDies verringert jedoch zumeist den Spielraum, welcher dem Kreditnehmer monatlich frei zur Verf\u00fcgung steht. Denn schlie\u00dflich wird ein Teil der finanziellen Mittel in diesem Fall nun monatlich an den Kreditgeber zur\u00fcckgezahlt.<br \/>\n&nbsp;<br \/>\n<img loading=\"lazy\" decoding=\"async\" src=\"https:\/\/www.bankweb.com\/de\/wp-content\/uploads\/2018\/05\/Szybkiepozyczki-1024x571.jpg\" alt=\"Kleinkredit\" width=\"580\" height=\"323\" class=\"alignnone size-large wp-image-5922\" srcset=\"https:\/\/www.bankweb.com\/de\/wp-content\/uploads\/2018\/05\/Szybkiepozyczki-1024x571.jpg 1024w, https:\/\/www.bankweb.com\/de\/wp-content\/uploads\/2018\/05\/Szybkiepozyczki-300x167.jpg 300w, https:\/\/www.bankweb.com\/de\/wp-content\/uploads\/2018\/05\/Szybkiepozyczki-768x428.jpg 768w, https:\/\/www.bankweb.com\/de\/wp-content\/uploads\/2018\/05\/Szybkiepozyczki.jpg 1920w\" sizes=\"auto, (max-width: 580px) 100vw, 580px\" \/><br \/>\n&nbsp;<br \/>\nDamit die finanzielle Belastung, welche einem hierdurch entsteht, nicht zu hoch ausf\u00e4llt, sollten die Raten immer so gew\u00e4hlt werden, dass einem noch genug Geld zum Leben und f\u00fcr sonstige Aktivit\u00e4ten zur Verf\u00fcgung steht. Schlie\u00dflich hat es nur wenig Sinn einen Kredit aufzunehmen, den man in der Folge nur mit gro\u00dfer M\u00fche zur\u00fcckzahlen kann.<br \/>\n&nbsp;<br \/>\nUnd das ist auch nicht erforderlich, so k\u00f6nnen bei den Anbietern im Internet sogar Menschen einen Kredit erhalten, die nur \u00fcber begrenzte finanzielle M\u00f6glichkeiten verf\u00fcgen.<br \/>\n&nbsp;<\/p>\n<h3>Die M\u00f6glichkeit der Kleinkredite<\/h3>\n<p>Die L\u00f6sung nennt sich in diesem Fall Kleinkredit. Auch diese Art von Krediten l\u00e4sst sich heutzutage recht h\u00e4ufig finden und gibt selbst Menschen, die nur \u00fcber ein geringes Einkommen verf\u00fcgen die M\u00f6glichkeit, <a href=\"https:\/\/www.bankweb.com\/de\/kreditvergleich\/\">einen Kredit zu beantragen<\/a>.<br \/>\n&nbsp;<br \/>\nDabei \u00fcberzeugen solche Kredite in der Regel vor allem durch die niedrigen Kredith\u00f6hen, von oftmals nur wenigen hundert Euro, die sich mit einem derartigen Kredit aufnehmen lassen. Die Aufnahme derartiger Summen ist sonst nur bei relativ wenigen Banken m\u00f6glich.<br \/>\n&nbsp;<br \/>\nUnd auch was die Zinsen betrifft, gelten bei den meisten Kreditgebern \u00e4u\u00dferst faire Bedingungen. Allerdings nur solange man den Kredit innerhalb der festgelegten Laufzeit auch wirklich zur\u00fcckbezahlt, andernfalls kann n\u00e4mlich auch ein solcher Kleinkredit zu einer gro\u00dfen Belastung werden.<br \/>\n&nbsp;<br \/>\nDenn sofern es nicht m\u00f6glich ist, die Kreditlaufzeit bei einem Anbieter zu verl\u00e4ngern, fallen in der Regel von dem ersten Tag, an dem sich der Kreditnehmer in Verzug befindet, relativ hohe Verzugszinsen an. Daher sollte man auch bei der Aufnahme eines Kleinkredits immer sicher gehen, dass man dazu in der Lage ist, den Kredit auch fristgerecht zur\u00fcckzubezahlen.<br \/>\n&nbsp;<br \/>\nDies ist auch daher so wichtig, da die Anbieter solcher Kleinkredite diese oftmals deutlich leichtfertiger vergeben, als eine Bank dies tun w\u00fcrde. Denn w\u00e4hrend eine Bank sich stets dar\u00fcber versichert, dass ein Kreditnehmer dazu in der Lage ist, um einen aufgenommenen Betrag zur\u00fcckzuzahlen, ben\u00f6tigt es bei vielen der Kredit-Anbieter im Internet deutlich weniger Angaben und Nachweise, um einen Kredit zu erhalten.<br \/>\n&nbsp;<br \/>\nOftmals reicht hierf\u00fcr bereits die Kopie des Personalausweises sowie eine Kopie des letzten Kontoauszugs oder einer Lohnabrechnung, um den gew\u00fcnschten Kredit ausgezahlt zu bekommen. Das bedeutet jedoch auch, dass sich der Kreditnehmer selbst dar\u00fcber im Klaren sein muss, ob er in der Lage dazu ist den aufgenommenen Kredit zur\u00fcckzubezahlen.<br \/>\n&nbsp;<br \/>\n<img loading=\"lazy\" decoding=\"async\" src=\"https:\/\/www.bankweb.com\/de\/wp-content\/uploads\/2018\/05\/Persoonlijke-leningen-1024x769.png\" alt=\"Kreditnehmer\" width=\"580\" height=\"436\" class=\"alignnone size-large wp-image-5923\" srcset=\"https:\/\/www.bankweb.com\/de\/wp-content\/uploads\/2018\/05\/Persoonlijke-leningen-1024x769.png 1024w, https:\/\/www.bankweb.com\/de\/wp-content\/uploads\/2018\/05\/Persoonlijke-leningen-300x225.png 300w, https:\/\/www.bankweb.com\/de\/wp-content\/uploads\/2018\/05\/Persoonlijke-leningen-768x577.png 768w, https:\/\/www.bankweb.com\/de\/wp-content\/uploads\/2018\/05\/Persoonlijke-leningen.png 1280w\" sizes=\"auto, (max-width: 580px) 100vw, 580px\" \/><br \/>\n&nbsp;<br \/>\nIst man sich bei der Beantwortung dieser Frage unsicher, so sollte man unter Umst\u00e4nden einen geringeren Betrag aufnehmen oder sogar ganz von der Aufnahme eines Kredits Abstand nehmen. Denn schlie\u00dflich soll ein Kredit eine Erleichterung darstellen und keine zus\u00e4tzliche Belastung.<br \/>\n&nbsp;<br \/>\nJedoch k\u00f6nnen sich solche Kleinkredite auch durchaus lohnen, n\u00e4mlich dann, wenn es darum geht, ungeplante Anschaffungen zu t\u00e4tigen, die ein Loch in den eigenen Geldbeutel rei\u00dfen w\u00fcrden. In diesem Fall kann es sich durchaus lohnen, sich die Kosten f\u00fcr eine sofortige Anschaffung im Form eines Kleinkredits zu nehmen und diesen in kleinen monatlichen Raten oder nach Ablauf einer gewissen Frist zur\u00fcckzuzahlen.<br \/>\n&nbsp;<br \/>\nZwar gibt es auch immer diejenigen, die sich strikt gegen die Aufnahme eines Kredits str\u00e4uben und alles erst dann bezahlen m\u00f6chten, wenn sie das Geld auch wirklich haben, doch in manchen F\u00e4llen kann die Aufnahme eines Kleinkredits durchaus eine gute Alternative darstellen.<br \/>\n&nbsp;<br \/>\nDenn wenn es beispielsweise darum geht ein Smartphone zu ersetzen oder ein Auto reparieren zu lassen, dann kommen nicht selten unerwartet hohe Kosten auf einen zu, die man nicht immer einfach mal so leicht aufbringen kann. Weshalb besonders in derartigen F\u00e4llen die Aufnahme eines Kleinkredits eine attraktive M\u00f6glichkeit darstellt.<\/p>\n","protected":false},"excerpt":{"rendered":"<p>Online Kleinkredite Es kann in der heutigen Zeit die verschiedensten Gr\u00fcnde haben, aus denen sich Menschen f\u00fcr die Aufnahme eines Kredites entscheiden. Oftmals werden Kredite vor allem zu dem Zweck genommen, um ein Auto oder eine Immobilie zu erwerben, Einrichtungsgegenst\u00e4nde [&hellip;]<\/p>\n","protected":false},"author":4,"featured_media":0,"parent":0,"menu_order":0,"comment_status":"closed","ping_status":"closed","template":"","meta":{"footnotes":""},"class_list":["post-5921","page","type-page","status-publish","hentry"],"yoast_head":"<!-- This site is optimized with the Yoast SEO plugin v22.6 - https:\/\/yoast.com\/wordpress\/plugins\/seo\/ -->\n<title>Kleinkredit \u2013 online g\u00fcnstige Kleinkredite vergleichen in Deutschland<\/title>\n<meta name=\"description\" content=\"Minikredit gesucht? Jetzt Kleinkredit sofort beantragen - Gr\u00f6\u00dfte \u00dcbersicht aller Minikredit Anbieter in Deutschland - Bankweb.com\" \/>\n<meta name=\"robots\" content=\"index, follow, max-snippet:-1, max-image-preview:large, max-video-preview:-1\" \/>\n<link rel=\"canonical\" href=\"https:\/\/www.bankweb.com\/de\/kleinkredit\/\" \/>\n<meta name=\"twitter:card\" content=\"summary_large_image\" \/>\n<meta name=\"twitter:title\" content=\"Kleinkredit \u2013 online g\u00fcnstige Kleinkredite vergleichen in Deutschland\" \/>\n<meta name=\"twitter:description\" content=\"Minikredit gesucht? Jetzt Kleinkredit sofort beantragen - Gr\u00f6\u00dfte \u00dcbersicht aller Minikredit Anbieter in Deutschland - Bankweb.com\" \/>\n<meta name=\"twitter:image\" content=\"https:\/\/s3-eu-west-1.amazonaws.com\/smavaimage\/Banner+Allgemein\/general_970x250.png\" \/>\n<meta name=\"twitter:label1\" content=\"Ber\u00e4knad l\u00e4stid\" \/>\n\t<meta name=\"twitter:data1\" content=\"4 minuter\" \/>\n<script type=\"application\/ld+json\" class=\"yoast-schema-graph\">{\"@context\":\"https:\/\/schema.org\",\"@graph\":[{\"@type\":\"WebPage\",\"@id\":\"https:\/\/www.bankweb.com\/de\/kleinkredit\/\",\"url\":\"https:\/\/www.bankweb.com\/de\/kleinkredit\/\",\"name\":\"Kleinkredit \u2013 online g\u00fcnstige Kleinkredite vergleichen in Deutschland\",\"isPartOf\":{\"@id\":\"https:\/\/www.bankweb.com\/de\/#website\"},\"primaryImageOfPage\":{\"@id\":\"https:\/\/www.bankweb.com\/de\/kleinkredit\/#primaryimage\"},\"image\":{\"@id\":\"https:\/\/www.bankweb.com\/de\/kleinkredit\/#primaryimage\"},\"thumbnailUrl\":\"https:\/\/s3-eu-west-1.amazonaws.com\/smavaimage\/Banner+Allgemein\/general_970x250.png\",\"datePublished\":\"2018-05-30T14:05:54+00:00\",\"dateModified\":\"2020-08-18T12:26:42+00:00\",\"description\":\"Minikredit gesucht? Jetzt Kleinkredit sofort beantragen - Gr\u00f6\u00dfte \u00dcbersicht aller Minikredit Anbieter in Deutschland - Bankweb.com\",\"breadcrumb\":{\"@id\":\"https:\/\/www.bankweb.com\/de\/kleinkredit\/#breadcrumb\"},\"inLanguage\":\"sv-SE\",\"potentialAction\":[{\"@type\":\"ReadAction\",\"target\":[\"https:\/\/www.bankweb.com\/de\/kleinkredit\/\"]}]},{\"@type\":\"ImageObject\",\"inLanguage\":\"sv-SE\",\"@id\":\"https:\/\/www.bankweb.com\/de\/kleinkredit\/#primaryimage\",\"url\":\"https:\/\/s3-eu-west-1.amazonaws.com\/smavaimage\/Banner+Allgemein\/general_970x250.png\",\"contentUrl\":\"https:\/\/s3-eu-west-1.amazonaws.com\/smavaimage\/Banner+Allgemein\/general_970x250.png\"},{\"@type\":\"BreadcrumbList\",\"@id\":\"https:\/\/www.bankweb.com\/de\/kleinkredit\/#breadcrumb\",\"itemListElement\":[{\"@type\":\"ListItem\",\"position\":1,\"name\":\"Hem\",\"item\":\"https:\/\/www.bankweb.com\/de\/\"},{\"@type\":\"ListItem\",\"position\":2,\"name\":\"Kleinkredit\"}]},{\"@type\":\"WebSite\",\"@id\":\"https:\/\/www.bankweb.com\/de\/#website\",\"url\":\"https:\/\/www.bankweb.com\/de\/\",\"name\":\"Bankweb.com Germany\",\"description\":\"\",\"publisher\":{\"@id\":\"https:\/\/www.bankweb.com\/de\/#organization\"},\"potentialAction\":[{\"@type\":\"SearchAction\",\"target\":{\"@type\":\"EntryPoint\",\"urlTemplate\":\"https:\/\/www.bankweb.com\/de\/?s={search_term_string}\"},\"query-input\":\"required name=search_term_string\"}],\"inLanguage\":\"sv-SE\"},{\"@type\":\"Organization\",\"@id\":\"https:\/\/www.bankweb.com\/de\/#organization\",\"name\":\"Bankweb.com\",\"url\":\"https:\/\/www.bankweb.com\/de\/\",\"logo\":{\"@type\":\"ImageObject\",\"inLanguage\":\"sv-SE\",\"@id\":\"https:\/\/www.bankweb.com\/de\/#\/schema\/logo\/image\/\",\"url\":\"https:\/\/www.bankweb.com\/de\/wp-content\/uploads\/2019\/11\/245px_bankweb_logo.png\",\"contentUrl\":\"https:\/\/www.bankweb.com\/de\/wp-content\/uploads\/2019\/11\/245px_bankweb_logo.png\",\"width\":245,\"height\":49,\"caption\":\"Bankweb.com\"},\"image\":{\"@id\":\"https:\/\/www.bankweb.com\/de\/#\/schema\/logo\/image\/\"}}]}<\/script>\n<!-- \/ Yoast SEO plugin. -->","yoast_head_json":{"title":"Kleinkredit \u2013 online g\u00fcnstige Kleinkredite vergleichen in Deutschland","description":"Minikredit gesucht? Jetzt Kleinkredit sofort beantragen - Gr\u00f6\u00dfte \u00dcbersicht aller Minikredit Anbieter in Deutschland - Bankweb.com","robots":{"index":"index","follow":"follow","max-snippet":"max-snippet:-1","max-image-preview":"max-image-preview:large","max-video-preview":"max-video-preview:-1"},"canonical":"https:\/\/www.bankweb.com\/de\/kleinkredit\/","twitter_card":"summary_large_image","twitter_title":"Kleinkredit \u2013 online g\u00fcnstige Kleinkredite vergleichen in Deutschland","twitter_description":"Minikredit gesucht? Jetzt Kleinkredit sofort beantragen - Gr\u00f6\u00dfte \u00dcbersicht aller Minikredit Anbieter in Deutschland - Bankweb.com","twitter_image":"https:\/\/s3-eu-west-1.amazonaws.com\/smavaimage\/Banner+Allgemein\/general_970x250.png","twitter_misc":{"Ber\u00e4knad l\u00e4stid":"4 minuter"},"schema":{"@context":"https:\/\/schema.org","@graph":[{"@type":"WebPage","@id":"https:\/\/www.bankweb.com\/de\/kleinkredit\/","url":"https:\/\/www.bankweb.com\/de\/kleinkredit\/","name":"Kleinkredit \u2013 online g\u00fcnstige Kleinkredite vergleichen in Deutschland","isPartOf":{"@id":"https:\/\/www.bankweb.com\/de\/#website"},"primaryImageOfPage":{"@id":"https:\/\/www.bankweb.com\/de\/kleinkredit\/#primaryimage"},"image":{"@id":"https:\/\/www.bankweb.com\/de\/kleinkredit\/#primaryimage"},"thumbnailUrl":"https:\/\/s3-eu-west-1.amazonaws.com\/smavaimage\/Banner+Allgemein\/general_970x250.png","datePublished":"2018-05-30T14:05:54+00:00","dateModified":"2020-08-18T12:26:42+00:00","description":"Minikredit gesucht? Jetzt Kleinkredit sofort beantragen - Gr\u00f6\u00dfte \u00dcbersicht aller Minikredit Anbieter in Deutschland - Bankweb.com","breadcrumb":{"@id":"https:\/\/www.bankweb.com\/de\/kleinkredit\/#breadcrumb"},"inLanguage":"sv-SE","potentialAction":[{"@type":"ReadAction","target":["https:\/\/www.bankweb.com\/de\/kleinkredit\/"]}]},{"@type":"ImageObject","inLanguage":"sv-SE","@id":"https:\/\/www.bankweb.com\/de\/kleinkredit\/#primaryimage","url":"https:\/\/s3-eu-west-1.amazonaws.com\/smavaimage\/Banner+Allgemein\/general_970x250.png","contentUrl":"https:\/\/s3-eu-west-1.amazonaws.com\/smavaimage\/Banner+Allgemein\/general_970x250.png"},{"@type":"BreadcrumbList","@id":"https:\/\/www.bankweb.com\/de\/kleinkredit\/#breadcrumb","itemListElement":[{"@type":"ListItem","position":1,"name":"Hem","item":"https:\/\/www.bankweb.com\/de\/"},{"@type":"ListItem","position":2,"name":"Kleinkredit"}]},{"@type":"WebSite","@id":"https:\/\/www.bankweb.com\/de\/#website","url":"https:\/\/www.bankweb.com\/de\/","name":"Bankweb.com Germany","description":"","publisher":{"@id":"https:\/\/www.bankweb.com\/de\/#organization"},"potentialAction":[{"@type":"SearchAction","target":{"@type":"EntryPoint","urlTemplate":"https:\/\/www.bankweb.com\/de\/?s={search_term_string}"},"query-input":"required name=search_term_string"}],"inLanguage":"sv-SE"},{"@type":"Organization","@id":"https:\/\/www.bankweb.com\/de\/#organization","name":"Bankweb.com","url":"https:\/\/www.bankweb.com\/de\/","logo":{"@type":"ImageObject","inLanguage":"sv-SE","@id":"https:\/\/www.bankweb.com\/de\/#\/schema\/logo\/image\/","url":"https:\/\/www.bankweb.com\/de\/wp-content\/uploads\/2019\/11\/245px_bankweb_logo.png","contentUrl":"https:\/\/www.bankweb.com\/de\/wp-content\/uploads\/2019\/11\/245px_bankweb_logo.png","width":245,"height":49,"caption":"Bankweb.com"},"image":{"@id":"https:\/\/www.bankweb.com\/de\/#\/schema\/logo\/image\/"}}]}},"_links":{"self":[{"href":"https:\/\/www.bankweb.com\/de\/wp-json\/wp\/v2\/pages\/5921","targetHints":{"allow":["GET"]}}],"collection":[{"href":"https:\/\/www.bankweb.com\/de\/wp-json\/wp\/v2\/pages"}],"about":[{"href":"https:\/\/www.bankweb.com\/de\/wp-json\/wp\/v2\/types\/page"}],"author":[{"embeddable":true,"href":"https:\/\/www.bankweb.com\/de\/wp-json\/wp\/v2\/users\/4"}],"replies":[{"embeddable":true,"href":"https:\/\/www.bankweb.com\/de\/wp-json\/wp\/v2\/comments?post=5921"}],"version-history":[{"count":0,"href":"https:\/\/www.bankweb.com\/de\/wp-json\/wp\/v2\/pages\/5921\/revisions"}],"wp:attachment":[{"href":"https:\/\/www.bankweb.com\/de\/wp-json\/wp\/v2\/media?parent=5921"}],"curies":[{"name":"wp","href":"https:\/\/api.w.org\/{rel}","templated":true}]}}