{"id":5894,"date":"2018-05-30T07:41:25","date_gmt":"2018-05-30T07:41:25","guid":{"rendered":"https:\/\/www.bankweb.com\/de\/?page_id=5894"},"modified":"2020-02-17T13:10:28","modified_gmt":"2020-02-17T13:10:28","slug":"autokredite","status":"publish","type":"page","link":"https:\/\/www.bankweb.com\/de\/autokredite\/","title":{"rendered":"Autokredite"},"content":{"rendered":"<h1 class=\"kredith1\">Autokredit in Deutschland<\/h1>\n<p>Menschen, die sich mit dem Kauf eines neuen Autos besch\u00e4ftigen, geht es oftmals \u00e4hnlich wie Menschen, die in eine eigene Immobilie investieren m\u00f6chten. Schlie\u00dflich haben diese beiden Vorhaben einen gro\u00dfen Einfluss auf die Finanzen der jeweiligen Person in den kommenden Jahren.<br \/>\n&nbsp;<\/p>\n<div class=\"fullwidthlan\">\n<div class=\"social-col l\">\n<div class=\"imgblanco\"><span style=\"text-align: center; display: block; padding-bottom: 20px; color: black;\"><img loading=\"lazy\" decoding=\"async\" src=\"\/de\/wp-content\/uploads\/2017\/08\/tvlogo-300x19.png\" alt=\"Smava privatkredit\" width=\"300\" height=\"19\" class=\"alignnone size-medium wp-image-5507\" srcset=\"https:\/\/www.bankweb.com\/de\/wp-content\/uploads\/2017\/08\/tvlogo-300x19.png 300w, https:\/\/www.bankweb.com\/de\/wp-content\/uploads\/2017\/08\/tvlogo.png 446w\" sizes=\"auto, (max-width: 300px) 100vw, 300px\" \/><\/span> <img loading=\"lazy\" decoding=\"async\" src=\"\/de\/wp-content\/uploads\/2017\/08\/rsz_1creditplus.png\" alt=\"\" width=\"110\" height=\"42\" class=\"imgblanco\" \/><img loading=\"lazy\" decoding=\"async\" src=\"\/de\/wp-content\/uploads\/2017\/08\/rsz_postbank-1.png\" alt=\"\" width=\"110\" height=\"30\" class=\"imgblanco\" \/><img loading=\"lazy\" decoding=\"async\" src=\"\/de\/wp-content\/uploads\/2017\/08\/rsz_bankofscotland-1.png\" alt=\"\" width=\"110\" height=\"48\" class=\"imgblanco\" \/><img loading=\"lazy\" decoding=\"async\" src=\"\/de\/wp-content\/uploads\/2017\/08\/rsz_ingdiba-1.png\" alt=\"\" width=\"110\" height=\"40\" class=\"alignnone size-large wp-image-5486\" \/><img loading=\"lazy\" decoding=\"async\" src=\"\/de\/wp-content\/uploads\/2017\/08\/rsz_netbank.png\" alt=\"\" width=\"110\" height=\"28\" class=\"imgblanco\" \/><img loading=\"lazy\" decoding=\"async\" src=\"\/de\/wp-content\/uploads\/2017\/08\/rsz_norisbank_logo-1.png\" alt=\"\" width=\"110\" height=\"33\" class=\"imgblanco\" \/><\/div>\n<\/div>\n<div class=\"c\"><\/div>\n<div class=\"social-colfaq\">\n<ol>\n<li class=\"greenfront1\">Jetzt einen kostenlosen Autokredit vergleich starten (in max. 2 Minuten)<\/li>\n<li class=\"greenfront1\">Kreditsumme 500 bis 120.000 Euro<\/li>\n<li class=\"greenfront1\">Ratenkredit mit flexibler Laufzeit zwischen 12 und 144 Monate<\/li>\n<li class=\"greenfront1\">Kostenloses Kreditangebot \u2013 Garantiert!<\/li>\n<\/ol>\n<\/div>\n<\/div>\n<p>&nbsp;<br \/>\n<script defer=\"\" async=\"\" data-affiliateid=\"3735e2e4\" data-placementid=\"783582278\" data-amount=\"20000\" data-category=\"887\" data-duration=\"84\" data-subaffiliateid=\"bankweb_autokredit\" src=\"https:\/\/www.smava.de\/pp\/smava-kreditvergleich\/main.js\"><\/script><\/p>\n<p>&nbsp;<br \/>\n<a href=\"https:\/\/www.smava.de\/partner\/1848602528?utm_source=nem&#038;utm_medium=partner&#038;category=888&#038;data1=autokredit_banner&amp;ref=3735e2e4&amp;a_bid=d9359e41\" target=\"_top\" rel=\"noopener noreferrer\"><img loading=\"lazy\" decoding=\"async\" src=\"https:\/\/s3-eu-west-1.amazonaws.com\/smavaimage\/Banner+Allgemein\/general_970x250.png\" alt=\"\" title=\"\" width=\"970\" height=\"250\" \/><\/a><img loading=\"lazy\" decoding=\"async\" style=\"border:0\" src=\"https:\/\/smava.postaffiliatepro.com\/scripts\/28inyz79nl?ref=3735e2e4&amp;a_bid=d9359e41\" width=\"1\" height=\"1\" alt=\"\" \/><br \/>\n&nbsp;<br \/>\nDer Kauf eines Autos will gut \u00fcberlegt sein, besonders wenn man die Anschaffung eines Neuwagens in Erw\u00e4gung zieht. Denn ein Neuwagen kostet in der Regel je nach Modell zwischen 10.000 und 30.000 Euro oder sogar noch mehr. Andere Modelle sind sogar weitaus teurer und selbst f\u00fcr einen gut erhaltenen Neuwagen muss man meist eine ganze Stange seines hart verdienten Geldes investieren. Aus diesem Grund stehen viele Menschen auch vor gro\u00dfen Problemen, wenn das bisherige Auto beispielsweise den Geist aufgibt.<br \/>\n<br \/>\n<a href=\"https:\/\/www.bankweb.com\/de\/kfz\/\">Suche Autoversicherung hier<\/a><br \/>\n&nbsp;<br \/>\n<img loading=\"lazy\" decoding=\"async\" src=\"https:\/\/www.bankweb.com\/de\/wp-content\/uploads\/2018\/05\/autokredit-1024x681.jpg\" alt=\"Autokredit\" width=\"580\" height=\"386\" class=\"alignnone size-large wp-image-5902\" srcset=\"https:\/\/www.bankweb.com\/de\/wp-content\/uploads\/2018\/05\/autokredit-1024x681.jpg 1024w, https:\/\/www.bankweb.com\/de\/wp-content\/uploads\/2018\/05\/autokredit-300x200.jpg 300w, https:\/\/www.bankweb.com\/de\/wp-content\/uploads\/2018\/05\/autokredit-768x511.jpg 768w, https:\/\/www.bankweb.com\/de\/wp-content\/uploads\/2018\/05\/autokredit.jpg 1920w\" sizes=\"auto, (max-width: 580px) 100vw, 580px\" \/><br \/>\n&nbsp;<br \/>\nMeist wird das Fahrzeug vor allem auch dazu ben\u00f6tigt, um morgens zur Arbeit zu kommen, weshalb das eigene Auto f\u00fcr viele Menschen nahezu unverzichtbar ist. Kommt es dann doch einmal zu einer Situation, in der die Anschaffung eines neuen Autos unumg\u00e4nglich ist, haben nur die wenigsten Leute die ben\u00f6tigten finanziellen Mittel hierf\u00fcr auf der hohen Kante. Es sei denn, der Kauf eines neuen Autos war zuvor \u00fcber einen l\u00e4ngeren Zeitraum geplant, sodass man Zeit hatte, sich ein wenig was zu diesem Zweck anzusparen.<br \/>\n&nbsp;<\/p>\n<h2>Monatliche Raten statt auf einen Schlag bezahlen<\/h2>\n<p>Aufgrund der hohen Kosten, die f\u00fcr den Kauf eines Autos anfallen, w\u00e4re es f\u00fcr eine Reihe von Menschen ein herber Schlag diese Kosten auf einen Schlag begleichen zu m\u00fcssen. Zwar gibt es immer wieder auch Menschen die hierzu in der Lage sind, jedoch geben diese dann h\u00e4ufig ihr bisheriges Auto in Zahlung und\/oder haben \u00fcber einen l\u00e4ngeren Zeitraum darauf hin gespart.<br \/>\n&nbsp;<br \/>\nWer diese M\u00f6glichkeiten nicht hat oder sich f\u00fcr den Kauf eines teureren Modells interessiert, der hat dagegen auch eine andere M\u00f6glichkeit, um die Kosten f\u00fcr das jeweilige Fahrzeug m\u00f6glichst im Rahmen zu halten. Die Rede ist von der Aufnahme eines Kredits, mit dem es vielen Menschen deutlich einfacher m\u00f6glich ist, sich ein Auto in <a href=\"https:\/\/www.bankweb.com\/de\/kleinkredit\/\">kleinen<\/a> monatlichen Raten zu finanzieren.<br \/>\n&nbsp;<br \/>\n<a href=\"https:\/\/www.bankweb.com\/de\/kreditvergleich\/\">Solche Kredite<\/a> werden sowohl von Banken vor Ort als auch von einer Reihe an Anbietern im Internet vergeben. Hierbei reicht die R\u00fcckzahlungsdauer solcher Kredite von einem bis zu zehn Jahren. In diesem Zeitraum ist es den Kreditnehmern m\u00f6glich, ein zuvor gekauftes Auto in monatlichen Raten abzubezahlen.<br \/>\n&nbsp;<br \/>\nDabei richtet sich die Ratenh\u00f6he selbstverst\u00e4ndlich stets nach den pers\u00f6nlichen Einkommensverh\u00e4ltnissen des Kreditnehmers, denn schlie\u00dflich muss dieser auch in der Lage sein, den aufgenommenen Kredit fristgerecht zur\u00fcckzuzahlen. Und dies geht nat\u00fcrlich nicht, wenn es f\u00fcr den Kreditnehmer schwierig ist, \u00fcberhaupt die monatlichen Raten zusammenzubekommen.<\/p>\n<h3>Auf die Zinsen achten<\/h3>\n<p>Ein weiterer Punkt, den man bei der Aufnahme eines Kredites beachten sollte, sind die Zinsen, die f\u00fcr den aufgenommenen Kredit anfallen. Hierbei handelt es sich um zus\u00e4tzliche Kosten, welche f\u00fcr den Kreditnehmer immer dann entstehen, wenn dieser einen Kredit aufnimmt.<br \/>\n&nbsp;<br \/>\n<img loading=\"lazy\" decoding=\"async\" src=\"https:\/\/www.bankweb.com\/de\/wp-content\/uploads\/2018\/05\/onlineautokredit-rechner-1024x678.jpg\" alt=\"autokredit vergleich\" width=\"580\" height=\"384\" class=\"alignnone size-large wp-image-5903\" srcset=\"https:\/\/www.bankweb.com\/de\/wp-content\/uploads\/2018\/05\/onlineautokredit-rechner-1024x678.jpg 1024w, https:\/\/www.bankweb.com\/de\/wp-content\/uploads\/2018\/05\/onlineautokredit-rechner-300x199.jpg 300w, https:\/\/www.bankweb.com\/de\/wp-content\/uploads\/2018\/05\/onlineautokredit-rechner-768x508.jpg 768w, https:\/\/www.bankweb.com\/de\/wp-content\/uploads\/2018\/05\/onlineautokredit-rechner.jpg 1920w\" sizes=\"auto, (max-width: 580px) 100vw, 580px\" \/><br \/>\n&nbsp;<br \/>\nDiese Zinsen richten sich zumeist ebenfalls nach den Einkommensverh\u00e4ltnissen des jeweiligen Kreditnehmers und beziehen zudem das Ausfallrisiko mit ein. Das bedeutet, dass sich die Zinsen auch nach der Zahlungsmoral einer Person bei fr\u00fcher genommenen Krediten richtet, sodass jemand der einmal einen Kredit nicht fristgerecht zur\u00fcckgezahlt hat in der Regel h\u00f6here Zinsen zahlen muss, um einen Kredit zu erhalten.<br \/>\n&nbsp;<br \/>\nDie Zinsh\u00f6he variiert daher auch je nach Kreditgeber recht stark und reicht von etwa 0,69 % bis hin zu 20 %. In der Regel sollten die Zinsen f\u00fcr einen Autokredit jedoch etwa zwischen 3 und 7 % liegen, um einen guten Deal zu erhalten. Der Kredith\u00f6he ist von Kleinbetr\u00e4gen bis hin zu Hunderttausenden von Euro ebenfalls nahezu keine Grenze gesetzt.<br \/>\n&nbsp;<br \/>\nSo kommt die Aufnahme eines Autokredits f\u00fcr Menschen aus jeder Gesellschaftsschicht infrage, von einem Gebrauchtwagenk\u00e4ufer bis hin zum gut betuchten Gesch\u00e4ftsmann, der sich einen Ferrari g\u00f6nnen m\u00f6chten.<br \/>\n&nbsp;<br \/>\nDenn ob arm oder reich, Geld kann man wohl niemals genug haben und so trifft es Menschen aus h\u00f6heren Gesellschaftsschichten ebenso hart wenn der Maybach versagt, wie es einen Gebrauchtwagenfahrer trifft, wenn dieser sich nach einem neuen Fahrzeug umschauen muss.<br \/>\n&nbsp;<br \/>\nDoch die Aufnahme eines Autokredits stellt in jedem Fall eine gute M\u00f6glichkeit dar, damit ein Autokauf die eigenen Finanzen nicht auf einen Schlag derma\u00dfen stark belastet. Denn ganz gleich, ob es sich um einen Neu- oder einen Gebrauchtwagen handelt, ein Auto stellt eben in jedem Fall ein echtes Luxusgut dar.<\/p>\n","protected":false},"excerpt":{"rendered":"<p>Autokredit in Deutschland Menschen, die sich mit dem Kauf eines neuen Autos besch\u00e4ftigen, geht es oftmals \u00e4hnlich wie Menschen, die in eine eigene Immobilie investieren m\u00f6chten. Schlie\u00dflich haben diese beiden Vorhaben einen gro\u00dfen Einfluss auf die Finanzen der jeweiligen Person [&hellip;]<\/p>\n","protected":false},"author":4,"featured_media":0,"parent":0,"menu_order":0,"comment_status":"closed","ping_status":"closed","template":"","meta":{"footnotes":""},"class_list":["post-5894","page","type-page","status-publish","hentry"],"yoast_head":"<!-- This site is optimized with the Yoast SEO plugin v22.6 - https:\/\/yoast.com\/wordpress\/plugins\/seo\/ -->\n<title>Online Autokredit Rechner &amp; Vergleich in Deutschland - Bankweb.com<\/title>\n<meta name=\"description\" content=\"In unserem Autokredit-Vergleich jetzt die beste Autofinanzierung mit Top-Konditionen finden. Niedrige Zinsen - Schnelle Auszahlung - Jetzt vergleichen und g\u00fcnstigen Autokredit online sichern!\" \/>\n<meta name=\"robots\" content=\"index, follow, max-snippet:-1, max-image-preview:large, max-video-preview:-1\" \/>\n<link rel=\"canonical\" href=\"https:\/\/www.bankweb.com\/de\/autokredite\/\" \/>\n<meta name=\"twitter:card\" content=\"summary_large_image\" \/>\n<meta name=\"twitter:title\" content=\"Online Autokredit Rechner &amp; Vergleich in Deutschland - Bankweb.com\" \/>\n<meta name=\"twitter:description\" content=\"In unserem Autokredit-Vergleich jetzt die beste Autofinanzierung mit Top-Konditionen finden. Niedrige Zinsen - Schnelle Auszahlung - Jetzt vergleichen und g\u00fcnstigen Autokredit online sichern!\" \/>\n<meta name=\"twitter:image\" content=\"https:\/\/www.bankweb.com\/de\/wp-content\/uploads\/2017\/08\/tvlogo-300x19.png\" \/>\n<meta name=\"twitter:label1\" content=\"Ber\u00e4knad l\u00e4stid\" \/>\n\t<meta name=\"twitter:data1\" content=\"4 minuter\" \/>\n<script type=\"application\/ld+json\" class=\"yoast-schema-graph\">{\"@context\":\"https:\/\/schema.org\",\"@graph\":[{\"@type\":\"WebPage\",\"@id\":\"https:\/\/www.bankweb.com\/de\/autokredite\/\",\"url\":\"https:\/\/www.bankweb.com\/de\/autokredite\/\",\"name\":\"Online Autokredit Rechner & Vergleich in Deutschland - Bankweb.com\",\"isPartOf\":{\"@id\":\"https:\/\/www.bankweb.com\/de\/#website\"},\"primaryImageOfPage\":{\"@id\":\"https:\/\/www.bankweb.com\/de\/autokredite\/#primaryimage\"},\"image\":{\"@id\":\"https:\/\/www.bankweb.com\/de\/autokredite\/#primaryimage\"},\"thumbnailUrl\":\"https:\/\/s3-eu-west-1.amazonaws.com\/smavaimage\/Banner+Allgemein\/general_970x250.png\",\"datePublished\":\"2018-05-30T07:41:25+00:00\",\"dateModified\":\"2020-02-17T13:10:28+00:00\",\"description\":\"In unserem Autokredit-Vergleich jetzt die beste Autofinanzierung mit Top-Konditionen finden. Niedrige Zinsen - Schnelle Auszahlung - Jetzt vergleichen und g\u00fcnstigen Autokredit online sichern!\",\"breadcrumb\":{\"@id\":\"https:\/\/www.bankweb.com\/de\/autokredite\/#breadcrumb\"},\"inLanguage\":\"sv-SE\",\"potentialAction\":[{\"@type\":\"ReadAction\",\"target\":[\"https:\/\/www.bankweb.com\/de\/autokredite\/\"]}]},{\"@type\":\"ImageObject\",\"inLanguage\":\"sv-SE\",\"@id\":\"https:\/\/www.bankweb.com\/de\/autokredite\/#primaryimage\",\"url\":\"https:\/\/s3-eu-west-1.amazonaws.com\/smavaimage\/Banner+Allgemein\/general_970x250.png\",\"contentUrl\":\"https:\/\/s3-eu-west-1.amazonaws.com\/smavaimage\/Banner+Allgemein\/general_970x250.png\"},{\"@type\":\"BreadcrumbList\",\"@id\":\"https:\/\/www.bankweb.com\/de\/autokredite\/#breadcrumb\",\"itemListElement\":[{\"@type\":\"ListItem\",\"position\":1,\"name\":\"Hem\",\"item\":\"https:\/\/www.bankweb.com\/de\/\"},{\"@type\":\"ListItem\",\"position\":2,\"name\":\"Autokredite\"}]},{\"@type\":\"WebSite\",\"@id\":\"https:\/\/www.bankweb.com\/de\/#website\",\"url\":\"https:\/\/www.bankweb.com\/de\/\",\"name\":\"Bankweb.com Germany\",\"description\":\"\",\"publisher\":{\"@id\":\"https:\/\/www.bankweb.com\/de\/#organization\"},\"potentialAction\":[{\"@type\":\"SearchAction\",\"target\":{\"@type\":\"EntryPoint\",\"urlTemplate\":\"https:\/\/www.bankweb.com\/de\/?s={search_term_string}\"},\"query-input\":\"required name=search_term_string\"}],\"inLanguage\":\"sv-SE\"},{\"@type\":\"Organization\",\"@id\":\"https:\/\/www.bankweb.com\/de\/#organization\",\"name\":\"Bankweb.com\",\"url\":\"https:\/\/www.bankweb.com\/de\/\",\"logo\":{\"@type\":\"ImageObject\",\"inLanguage\":\"sv-SE\",\"@id\":\"https:\/\/www.bankweb.com\/de\/#\/schema\/logo\/image\/\",\"url\":\"https:\/\/www.bankweb.com\/de\/wp-content\/uploads\/2019\/11\/245px_bankweb_logo.png\",\"contentUrl\":\"https:\/\/www.bankweb.com\/de\/wp-content\/uploads\/2019\/11\/245px_bankweb_logo.png\",\"width\":245,\"height\":49,\"caption\":\"Bankweb.com\"},\"image\":{\"@id\":\"https:\/\/www.bankweb.com\/de\/#\/schema\/logo\/image\/\"}}]}<\/script>\n<!-- \/ Yoast SEO plugin. -->","yoast_head_json":{"title":"Online Autokredit Rechner & Vergleich in Deutschland - Bankweb.com","description":"In unserem Autokredit-Vergleich jetzt die beste Autofinanzierung mit Top-Konditionen finden. Niedrige Zinsen - Schnelle Auszahlung - Jetzt vergleichen und g\u00fcnstigen Autokredit online sichern!","robots":{"index":"index","follow":"follow","max-snippet":"max-snippet:-1","max-image-preview":"max-image-preview:large","max-video-preview":"max-video-preview:-1"},"canonical":"https:\/\/www.bankweb.com\/de\/autokredite\/","twitter_card":"summary_large_image","twitter_title":"Online Autokredit Rechner & Vergleich in Deutschland - Bankweb.com","twitter_description":"In unserem Autokredit-Vergleich jetzt die beste Autofinanzierung mit Top-Konditionen finden. Niedrige Zinsen - Schnelle Auszahlung - Jetzt vergleichen und g\u00fcnstigen Autokredit online sichern!","twitter_image":"https:\/\/www.bankweb.com\/de\/wp-content\/uploads\/2017\/08\/tvlogo-300x19.png","twitter_misc":{"Ber\u00e4knad l\u00e4stid":"4 minuter"},"schema":{"@context":"https:\/\/schema.org","@graph":[{"@type":"WebPage","@id":"https:\/\/www.bankweb.com\/de\/autokredite\/","url":"https:\/\/www.bankweb.com\/de\/autokredite\/","name":"Online Autokredit Rechner & Vergleich in Deutschland - Bankweb.com","isPartOf":{"@id":"https:\/\/www.bankweb.com\/de\/#website"},"primaryImageOfPage":{"@id":"https:\/\/www.bankweb.com\/de\/autokredite\/#primaryimage"},"image":{"@id":"https:\/\/www.bankweb.com\/de\/autokredite\/#primaryimage"},"thumbnailUrl":"https:\/\/s3-eu-west-1.amazonaws.com\/smavaimage\/Banner+Allgemein\/general_970x250.png","datePublished":"2018-05-30T07:41:25+00:00","dateModified":"2020-02-17T13:10:28+00:00","description":"In unserem Autokredit-Vergleich jetzt die beste Autofinanzierung mit Top-Konditionen finden. Niedrige Zinsen - Schnelle Auszahlung - Jetzt vergleichen und g\u00fcnstigen Autokredit online sichern!","breadcrumb":{"@id":"https:\/\/www.bankweb.com\/de\/autokredite\/#breadcrumb"},"inLanguage":"sv-SE","potentialAction":[{"@type":"ReadAction","target":["https:\/\/www.bankweb.com\/de\/autokredite\/"]}]},{"@type":"ImageObject","inLanguage":"sv-SE","@id":"https:\/\/www.bankweb.com\/de\/autokredite\/#primaryimage","url":"https:\/\/s3-eu-west-1.amazonaws.com\/smavaimage\/Banner+Allgemein\/general_970x250.png","contentUrl":"https:\/\/s3-eu-west-1.amazonaws.com\/smavaimage\/Banner+Allgemein\/general_970x250.png"},{"@type":"BreadcrumbList","@id":"https:\/\/www.bankweb.com\/de\/autokredite\/#breadcrumb","itemListElement":[{"@type":"ListItem","position":1,"name":"Hem","item":"https:\/\/www.bankweb.com\/de\/"},{"@type":"ListItem","position":2,"name":"Autokredite"}]},{"@type":"WebSite","@id":"https:\/\/www.bankweb.com\/de\/#website","url":"https:\/\/www.bankweb.com\/de\/","name":"Bankweb.com Germany","description":"","publisher":{"@id":"https:\/\/www.bankweb.com\/de\/#organization"},"potentialAction":[{"@type":"SearchAction","target":{"@type":"EntryPoint","urlTemplate":"https:\/\/www.bankweb.com\/de\/?s={search_term_string}"},"query-input":"required name=search_term_string"}],"inLanguage":"sv-SE"},{"@type":"Organization","@id":"https:\/\/www.bankweb.com\/de\/#organization","name":"Bankweb.com","url":"https:\/\/www.bankweb.com\/de\/","logo":{"@type":"ImageObject","inLanguage":"sv-SE","@id":"https:\/\/www.bankweb.com\/de\/#\/schema\/logo\/image\/","url":"https:\/\/www.bankweb.com\/de\/wp-content\/uploads\/2019\/11\/245px_bankweb_logo.png","contentUrl":"https:\/\/www.bankweb.com\/de\/wp-content\/uploads\/2019\/11\/245px_bankweb_logo.png","width":245,"height":49,"caption":"Bankweb.com"},"image":{"@id":"https:\/\/www.bankweb.com\/de\/#\/schema\/logo\/image\/"}}]}},"_links":{"self":[{"href":"https:\/\/www.bankweb.com\/de\/wp-json\/wp\/v2\/pages\/5894","targetHints":{"allow":["GET"]}}],"collection":[{"href":"https:\/\/www.bankweb.com\/de\/wp-json\/wp\/v2\/pages"}],"about":[{"href":"https:\/\/www.bankweb.com\/de\/wp-json\/wp\/v2\/types\/page"}],"author":[{"embeddable":true,"href":"https:\/\/www.bankweb.com\/de\/wp-json\/wp\/v2\/users\/4"}],"replies":[{"embeddable":true,"href":"https:\/\/www.bankweb.com\/de\/wp-json\/wp\/v2\/comments?post=5894"}],"version-history":[{"count":0,"href":"https:\/\/www.bankweb.com\/de\/wp-json\/wp\/v2\/pages\/5894\/revisions"}],"wp:attachment":[{"href":"https:\/\/www.bankweb.com\/de\/wp-json\/wp\/v2\/media?parent=5894"}],"curies":[{"name":"wp","href":"https:\/\/api.w.org\/{rel}","templated":true}]}}