{"id":5610,"date":"2018-02-20T08:37:44","date_gmt":"2018-02-20T08:37:44","guid":{"rendered":"http:\/\/www.bankweb.com\/de\/?page_id=5610"},"modified":"2018-08-29T13:29:34","modified_gmt":"2018-08-29T13:29:34","slug":"kreditkarten","status":"publish","type":"page","link":"https:\/\/www.bankweb.com\/de\/kreditkarten\/","title":{"rendered":"Kreditkarten"},"content":{"rendered":"<h1 class=\"kredith1\">Informationen zu Kreditkarten in Deutschland<\/h1>\n<p>&nbsp;<br \/>\nTop kreditkarten vergleich Deutschland: Visa, MasterCard, American Express und Diners Club<br \/>\n&nbsp;<br \/>\n<iframe onload=\"fa_iframeresize.do(this);\" src=\"https:\/\/tools.financeads.net\/kreditkarterechner.php?tp=dif&#038;h=1&#038;wf=26741&#038;ntpl=responsive&#038;c=80\" scrolling=\"no\" width=\"100%\" style=\"padding:0px;margin:0px;border-width:0px;\" frameborder=\"0\"><\/iframe><script type=\"text\/javascript\" src=\"\/\/js.financeads.net\/iframeResizeMe.min.js.gz\"><\/script><\/p>\n<p>&nbsp;<br \/>\nDeutschland bevorzugt das Bargeld. Der Deutsche mag Schulden generell nicht und ist es nicht gewohnt, etwas zu kaufen und erst sp\u00e4ter daf\u00fcr zu bezahlen. Dies bedeutet, dass generell die Anzahl der Unternehmen, die Kreditkarten akzeptieren, niedriger ist als in anderen L\u00e4ndern wie z.B den U.S.A. oder auch Frankreich.<br \/>\n&nbsp;<br \/>\n<img loading=\"lazy\" decoding=\"async\" src=\"\/de\/wp-content\/uploads\/2018\/02\/money-256315_1920-1024x683.jpg\" alt=\"Kreditkarten\" width=\"580\" height=\"387\" class=\"alignnone size-large wp-image-5616\" srcset=\"https:\/\/www.bankweb.com\/de\/wp-content\/uploads\/2018\/02\/money-256315_1920-1024x683.jpg 1024w, https:\/\/www.bankweb.com\/de\/wp-content\/uploads\/2018\/02\/money-256315_1920-300x200.jpg 300w, https:\/\/www.bankweb.com\/de\/wp-content\/uploads\/2018\/02\/money-256315_1920-768x512.jpg 768w, https:\/\/www.bankweb.com\/de\/wp-content\/uploads\/2018\/02\/money-256315_1920.jpg 1920w\" sizes=\"auto, (max-width: 580px) 100vw, 580px\" \/><br \/>\n&nbsp;<br \/>\nNat\u00fcrlich werden Kreditkarten in allen Ballungsgebieten, bei gro\u00dfen Hotels und Restaurants in Touristengegenden akzeptiert. Auf dem Land wird es durchaus schwieriger. Wenn Sie Ihre Restaurant- oder Barrechnung mit einer Kreditkarte begleichen m\u00f6chten, ist es ratsam, vor der Bestellung zu pr\u00fcfen, ob diese akzeptiert wird. An der T\u00fcr angebrachte Schilder weisen jedoch immer auf die akzeptierte Plastikw\u00e4hrung hin, und ob Visa, MasterCard oder American Express angenommen wird.<br \/>\n&nbsp;<br \/>\nFolgende Themen zu Kreditkarten werden im Folgenden erl\u00e4utert:<br \/>\n&nbsp;<br \/>\nKreditkarte zusammen mit einem Girokonto bei einer Bank<br \/>\ndirekt bei einer Kreditkartengesellschaft<br \/>\nRevolving (mit Ratenzahlung), Prepaid oder Debit<br \/>\ninklusive oder ohne Versicherungspaket<br \/>\nKartenangebote<br \/>\nUnterschiede von Platin, Gold oder Black Card<br \/>\nkostenlose Karten oder anfallende Jahresgeb\u00fchr<br \/>\nVoraussetzungen f\u00fcr eine erfolgreiche Kreditkartenbewerbung: Wohnsitz in Deutschland, ein regelm\u00e4\u00dfiges Einkommen und eine durchschnittliche bis sehr gute Bonit\u00e4t.<br \/>\n&nbsp;<br \/>\nKreditkarte bei einer Bank mit einem angeschlossenen Girokonto<br \/>\nDie Kombination mit einem Girokonto ist die am meisten verbreitete Variante. Dies hat bestimmte Vorteile:<br \/>\n&nbsp;<br \/>\ndie Bank kennt die Bonit\u00e4t des Kunden und stellt eine entsprechende Kreditlinie zur Verf\u00fcgung.<br \/>\nKartenums\u00e4tze werden automatisch nach Rechnungsabschluss mit dem Girokonto abgerechnet. Bis dahin fallen keine Kreditzinsen an. Die Abrechnungsperioden unterscheiden sich jedoch von Bank zu Bank. W\u00e4hrend einige Banken bis zu einem Monat erlauben, um den Betrag zu begleichen, erfordern andere dies innerhalb von einem Tag.<br \/>\n&nbsp;<br \/>\nsollte das Girokonto nicht \u00fcber ausreichende Mittel verf\u00fcgen, fallen nur die g\u00fcnstigeren \u00dcberziehungszinsen und nicht die hohen Kreditkartenzinsen an.<br \/>\nbei einer Kombination aus Girokonto und Kreditkarte gibt es einen einzigen Ansprechpartner f\u00fcr beide <a href=\"https:\/\/www.bankweb.com\/de\/kreditvergleich\/\">Finanzprodukte<\/a>. Diese B\u00fcndelung wird von vielen Deutschen bevorzugt.<\/p>\n<h2>Direkt bei einer Kreditkartengesellschaft<\/h2>\n<p>Direktanbieter von Kreditkartengesellschaften sind oft ausl\u00e4ndische Unternehmen, die eine Lizenz in Deutschland haben. Man bewirbt sich fast immer online f\u00fcr die Kreditkarte. Dann erfolgt eine Kreditpr\u00fcfung (Schufa) durch den Anbieter und man erh\u00e4lt die Kreditkarte per Post mit einer ersten Kreditlinie.<br \/>\n&nbsp;<br \/>\nOft arbeiten ausl\u00e4ndische Kreditkartenunternehmen nach dem US-amerikanischen Modell. Dies bedeutet, dass sich die Kreditlinie automatisch erh\u00f6ht, je nachdem, wie das Limit ausgesch\u00f6pft wird und wie p\u00fcnktlich der Mindestbetrag der monatlichen Kreditkartenabrechnung vom Girokonto per Lastschrift beglichen wird.<br \/>\n&nbsp;<br \/>\n<img loading=\"lazy\" decoding=\"async\" src=\"\/de\/wp-content\/uploads\/2018\/02\/credit-card-1520400_1920-1-1024x683.jpg\" alt=\"Kreditkarten in Deutschland\" width=\"580\" height=\"387\" class=\"alignnone size-large wp-image-5617\" srcset=\"https:\/\/www.bankweb.com\/de\/wp-content\/uploads\/2018\/02\/credit-card-1520400_1920-1-1024x683.jpg 1024w, https:\/\/www.bankweb.com\/de\/wp-content\/uploads\/2018\/02\/credit-card-1520400_1920-1-300x200.jpg 300w, https:\/\/www.bankweb.com\/de\/wp-content\/uploads\/2018\/02\/credit-card-1520400_1920-1-768x512.jpg 768w, https:\/\/www.bankweb.com\/de\/wp-content\/uploads\/2018\/02\/credit-card-1520400_1920-1.jpg 1920w\" sizes=\"auto, (max-width: 580px) 100vw, 580px\" \/><br \/>\n&nbsp;<\/p>\n<h2>Revolving (mit Ratenzahlung) oder Prepaid<\/h2>\n<p>Kreditkartenkonto mit \u201erevolving\u201c Funktion:<br \/>\n&nbsp;<br \/>\nDie Karten funktionieren so, dass alle Kreditkarten-Transaktionen direkt ins Soll gehen. Beim der ersten Verwendung geschieht dies zinsfrei. Wenn man das Kreditkartenkonto p\u00fcnktlich und in voller H\u00f6he begleicht, ist alles f\u00fcr den Kunden kostenlos.<br \/>\n&nbsp;<br \/>\n<strong>Prepaid-Kreditkarten<\/strong><br \/>\nDer Begriff \u201ePrepaid-Kreditkarten\u201c ist eigentlich ein Widerspruch in sich, da eine vorherige Geldeinzahlung auf dem Kreditkartenkonto nichts mit einem Kredit zu tun hat. Die wiederaufladbaren Visa-Kreditkarten und MasterCards werden jedoch in Deutschland umgangssprachlich \u201ePrepaid-Kreditkarte\u201c genannt. Das Service-Angebot von Prepaid-Kreditkarten in Deutschland entspricht dem internationalen Qualit\u00e4tsstandard.<br \/>\n&nbsp;<br \/>\n<strong>Kreditkarte mit und ohne Versicherungspaket<\/strong><br \/>\nViele Kunden sind bereit, f\u00fcr eine Kreditkarte inklusive Versicherung eine h\u00f6here Jahresgeb\u00fchr zu zahlen. Dies gilt f\u00fcr bestimmte Verwendungszwecke:<br \/>\nPannendienst f\u00fcr Mietwagen<br \/>\nReiser\u00fccktrittsversicherung<br \/>\nAuslandsreisekrankenversicherung<br \/>\nBeachten Sie die Versicherungsbedingungen! Reise- und Krankenversicherungen sollten eher durch einen guten Versicherungsmakler abgeschlossen werden. Eine kostenlose Kreditkarte bietet keine Versicherung.<br \/>\n&nbsp;<\/p>\n<h3>Kartenangebote<\/h3>\n<p>Am weitesten verbreitet sind Visa und MasterCard, da diese in Kooperation mit unz\u00e4hligen Banken ausgegeben werden und ihre Akzeptanz in relativ hoch ist. In Deutschland muss der Kunde f\u00fcr fast alle American Express-Kreditkarten einen Aufpreis bezahlen. American Express spielt in Deutschland eher eine untergeordnete Rolle. Am beliebtesten ist die g\u00e4ngige Debit-Karte, die auch als Bankkarte oder Giro-Card bezeichnet wird.<br \/>\n&nbsp;<br \/>\n<strong>Gold, Platin oder Black?<\/strong><br \/>\nWer eine \u00fcberteuerte Jahresgeb\u00fchr f\u00fcr eine Platin-Karte bezahlen m\u00f6chte, der bekommt auch eine. Bei Vorlage einer Gold- oder Platin-Karte wird in Deutschland kein besonderer Status gew\u00e4hrt. Der Kartenleser und der Kassierer achten nicht auf die Farbe der Karte. Eine schwarze Kreditkarte hat in Deutschland nicht die gleiche Bedeutung wie in manchen anderen L\u00e4ndern. Heute sind sogar die Prepaid-Kreditkarten in den vermeintlich begehrten Farben f\u00fcr eine relativ geringe Geb\u00fchr erh\u00e4ltlich.<br \/>\n&nbsp;<\/p>\n<h4>Kostenlose Kreditkarte oder Jahresgeb\u00fchr?<\/h4>\n<p>Die meisten Kundenbanken berechnen eine Jahresgeb\u00fchr f\u00fcr die Bereitstellung einer Kreditkarte. Bei Direktbanken wird die Kreditkarte in fast allen F\u00e4llen zus\u00e4tzlich zum Girokonto kostenlos zur Verf\u00fcgung gestellt. Banken profitieren von jeder Verwendung der Kreditkarte.<\/p>\n","protected":false},"excerpt":{"rendered":"<p>Informationen zu Kreditkarten in Deutschland &nbsp; Top kreditkarten vergleich Deutschland: Visa, MasterCard, American Express und Diners Club &nbsp; &nbsp; Deutschland bevorzugt das Bargeld. Der Deutsche mag Schulden generell nicht und ist es nicht gewohnt, etwas zu kaufen und erst sp\u00e4ter [&hellip;]<\/p>\n","protected":false},"author":4,"featured_media":0,"parent":0,"menu_order":0,"comment_status":"closed","ping_status":"closed","template":"","meta":{"footnotes":""},"class_list":["post-5610","page","type-page","status-publish","hentry"],"yoast_head":"<!-- This site is optimized with the Yoast SEO plugin v22.6 - https:\/\/yoast.com\/wordpress\/plugins\/seo\/ -->\n<title>Kreditkarten Deutschland - Kreditkarten welche ist die beste?<\/title>\n<meta name=\"description\" content=\"Mit unserem Kreditkarten-Vergleich finden Sie aus \u00fcber 30 Kreditkarten mit wenigen Mausklicks die f\u00fcr Sie am besten geeigneten Angebote. ... In unserem Vergleich bieten wir Ihnen derzeit einen \u00dcberblick von mehr als 30 Kreditkarten.\" \/>\n<meta name=\"robots\" content=\"index, follow, max-snippet:-1, max-image-preview:large, max-video-preview:-1\" \/>\n<link rel=\"canonical\" href=\"https:\/\/www.bankweb.com\/de\/kreditkarten\/\" \/>\n<meta name=\"twitter:card\" content=\"summary_large_image\" \/>\n<meta name=\"twitter:title\" content=\"Kreditkarten Deutschland - Kreditkarten welche ist die beste?\" \/>\n<meta name=\"twitter:description\" content=\"Mit unserem Kreditkarten-Vergleich finden Sie aus \u00fcber 30 Kreditkarten mit wenigen Mausklicks die f\u00fcr Sie am besten geeigneten Angebote. ... In unserem Vergleich bieten wir Ihnen derzeit einen \u00dcberblick von mehr als 30 Kreditkarten.\" \/>\n<meta name=\"twitter:image\" content=\"https:\/\/www.bankweb.com\/de\/wp-content\/uploads\/2018\/02\/money-256315_1920-1024x683.jpg\" \/>\n<meta name=\"twitter:label1\" content=\"Ber\u00e4knad l\u00e4stid\" \/>\n\t<meta name=\"twitter:data1\" content=\"4 minuter\" \/>\n<script type=\"application\/ld+json\" class=\"yoast-schema-graph\">{\"@context\":\"https:\/\/schema.org\",\"@graph\":[{\"@type\":\"WebPage\",\"@id\":\"https:\/\/www.bankweb.com\/de\/kreditkarten\/\",\"url\":\"https:\/\/www.bankweb.com\/de\/kreditkarten\/\",\"name\":\"Kreditkarten Deutschland - Kreditkarten welche ist die beste?\",\"isPartOf\":{\"@id\":\"https:\/\/www.bankweb.com\/de\/#website\"},\"datePublished\":\"2018-02-20T08:37:44+00:00\",\"dateModified\":\"2018-08-29T13:29:34+00:00\",\"description\":\"Mit unserem Kreditkarten-Vergleich finden Sie aus \u00fcber 30 Kreditkarten mit wenigen Mausklicks die f\u00fcr Sie am besten geeigneten Angebote. ... In unserem Vergleich bieten wir Ihnen derzeit einen \u00dcberblick von mehr als 30 Kreditkarten.\",\"breadcrumb\":{\"@id\":\"https:\/\/www.bankweb.com\/de\/kreditkarten\/#breadcrumb\"},\"inLanguage\":\"sv-SE\",\"potentialAction\":[{\"@type\":\"ReadAction\",\"target\":[\"https:\/\/www.bankweb.com\/de\/kreditkarten\/\"]}]},{\"@type\":\"BreadcrumbList\",\"@id\":\"https:\/\/www.bankweb.com\/de\/kreditkarten\/#breadcrumb\",\"itemListElement\":[{\"@type\":\"ListItem\",\"position\":1,\"name\":\"Hem\",\"item\":\"https:\/\/www.bankweb.com\/de\/\"},{\"@type\":\"ListItem\",\"position\":2,\"name\":\"Kreditkarten\"}]},{\"@type\":\"WebSite\",\"@id\":\"https:\/\/www.bankweb.com\/de\/#website\",\"url\":\"https:\/\/www.bankweb.com\/de\/\",\"name\":\"Bankweb.com Germany\",\"description\":\"\",\"publisher\":{\"@id\":\"https:\/\/www.bankweb.com\/de\/#organization\"},\"potentialAction\":[{\"@type\":\"SearchAction\",\"target\":{\"@type\":\"EntryPoint\",\"urlTemplate\":\"https:\/\/www.bankweb.com\/de\/?s={search_term_string}\"},\"query-input\":\"required name=search_term_string\"}],\"inLanguage\":\"sv-SE\"},{\"@type\":\"Organization\",\"@id\":\"https:\/\/www.bankweb.com\/de\/#organization\",\"name\":\"Bankweb.com\",\"url\":\"https:\/\/www.bankweb.com\/de\/\",\"logo\":{\"@type\":\"ImageObject\",\"inLanguage\":\"sv-SE\",\"@id\":\"https:\/\/www.bankweb.com\/de\/#\/schema\/logo\/image\/\",\"url\":\"https:\/\/www.bankweb.com\/de\/wp-content\/uploads\/2019\/11\/245px_bankweb_logo.png\",\"contentUrl\":\"https:\/\/www.bankweb.com\/de\/wp-content\/uploads\/2019\/11\/245px_bankweb_logo.png\",\"width\":245,\"height\":49,\"caption\":\"Bankweb.com\"},\"image\":{\"@id\":\"https:\/\/www.bankweb.com\/de\/#\/schema\/logo\/image\/\"}}]}<\/script>\n<!-- \/ Yoast SEO plugin. -->","yoast_head_json":{"title":"Kreditkarten Deutschland - Kreditkarten welche ist die beste?","description":"Mit unserem Kreditkarten-Vergleich finden Sie aus \u00fcber 30 Kreditkarten mit wenigen Mausklicks die f\u00fcr Sie am besten geeigneten Angebote. ... In unserem Vergleich bieten wir Ihnen derzeit einen \u00dcberblick von mehr als 30 Kreditkarten.","robots":{"index":"index","follow":"follow","max-snippet":"max-snippet:-1","max-image-preview":"max-image-preview:large","max-video-preview":"max-video-preview:-1"},"canonical":"https:\/\/www.bankweb.com\/de\/kreditkarten\/","twitter_card":"summary_large_image","twitter_title":"Kreditkarten Deutschland - Kreditkarten welche ist die beste?","twitter_description":"Mit unserem Kreditkarten-Vergleich finden Sie aus \u00fcber 30 Kreditkarten mit wenigen Mausklicks die f\u00fcr Sie am besten geeigneten Angebote. ... In unserem Vergleich bieten wir Ihnen derzeit einen \u00dcberblick von mehr als 30 Kreditkarten.","twitter_image":"https:\/\/www.bankweb.com\/de\/wp-content\/uploads\/2018\/02\/money-256315_1920-1024x683.jpg","twitter_misc":{"Ber\u00e4knad l\u00e4stid":"4 minuter"},"schema":{"@context":"https:\/\/schema.org","@graph":[{"@type":"WebPage","@id":"https:\/\/www.bankweb.com\/de\/kreditkarten\/","url":"https:\/\/www.bankweb.com\/de\/kreditkarten\/","name":"Kreditkarten Deutschland - Kreditkarten welche ist die beste?","isPartOf":{"@id":"https:\/\/www.bankweb.com\/de\/#website"},"datePublished":"2018-02-20T08:37:44+00:00","dateModified":"2018-08-29T13:29:34+00:00","description":"Mit unserem Kreditkarten-Vergleich finden Sie aus \u00fcber 30 Kreditkarten mit wenigen Mausklicks die f\u00fcr Sie am besten geeigneten Angebote. ... In unserem Vergleich bieten wir Ihnen derzeit einen \u00dcberblick von mehr als 30 Kreditkarten.","breadcrumb":{"@id":"https:\/\/www.bankweb.com\/de\/kreditkarten\/#breadcrumb"},"inLanguage":"sv-SE","potentialAction":[{"@type":"ReadAction","target":["https:\/\/www.bankweb.com\/de\/kreditkarten\/"]}]},{"@type":"BreadcrumbList","@id":"https:\/\/www.bankweb.com\/de\/kreditkarten\/#breadcrumb","itemListElement":[{"@type":"ListItem","position":1,"name":"Hem","item":"https:\/\/www.bankweb.com\/de\/"},{"@type":"ListItem","position":2,"name":"Kreditkarten"}]},{"@type":"WebSite","@id":"https:\/\/www.bankweb.com\/de\/#website","url":"https:\/\/www.bankweb.com\/de\/","name":"Bankweb.com Germany","description":"","publisher":{"@id":"https:\/\/www.bankweb.com\/de\/#organization"},"potentialAction":[{"@type":"SearchAction","target":{"@type":"EntryPoint","urlTemplate":"https:\/\/www.bankweb.com\/de\/?s={search_term_string}"},"query-input":"required name=search_term_string"}],"inLanguage":"sv-SE"},{"@type":"Organization","@id":"https:\/\/www.bankweb.com\/de\/#organization","name":"Bankweb.com","url":"https:\/\/www.bankweb.com\/de\/","logo":{"@type":"ImageObject","inLanguage":"sv-SE","@id":"https:\/\/www.bankweb.com\/de\/#\/schema\/logo\/image\/","url":"https:\/\/www.bankweb.com\/de\/wp-content\/uploads\/2019\/11\/245px_bankweb_logo.png","contentUrl":"https:\/\/www.bankweb.com\/de\/wp-content\/uploads\/2019\/11\/245px_bankweb_logo.png","width":245,"height":49,"caption":"Bankweb.com"},"image":{"@id":"https:\/\/www.bankweb.com\/de\/#\/schema\/logo\/image\/"}}]}},"_links":{"self":[{"href":"https:\/\/www.bankweb.com\/de\/wp-json\/wp\/v2\/pages\/5610","targetHints":{"allow":["GET"]}}],"collection":[{"href":"https:\/\/www.bankweb.com\/de\/wp-json\/wp\/v2\/pages"}],"about":[{"href":"https:\/\/www.bankweb.com\/de\/wp-json\/wp\/v2\/types\/page"}],"author":[{"embeddable":true,"href":"https:\/\/www.bankweb.com\/de\/wp-json\/wp\/v2\/users\/4"}],"replies":[{"embeddable":true,"href":"https:\/\/www.bankweb.com\/de\/wp-json\/wp\/v2\/comments?post=5610"}],"version-history":[{"count":0,"href":"https:\/\/www.bankweb.com\/de\/wp-json\/wp\/v2\/pages\/5610\/revisions"}],"wp:attachment":[{"href":"https:\/\/www.bankweb.com\/de\/wp-json\/wp\/v2\/media?parent=5610"}],"curies":[{"name":"wp","href":"https:\/\/api.w.org\/{rel}","templated":true}]}}