{"id":5443,"date":"2017-11-03T10:19:36","date_gmt":"2017-11-03T10:19:36","guid":{"rendered":"http:\/\/www.bankweb.com\/de\/?page_id=5443"},"modified":"2018-05-21T09:54:20","modified_gmt":"2018-05-21T09:54:20","slug":"cookies","status":"publish","type":"page","link":"https:\/\/www.bankweb.com\/de\/cookies\/","title":{"rendered":"Cookies"},"content":{"rendered":"<h1 class=\"kredith1\">Vertraulichkeitsvereinbarung \u2013 Cookies<\/h1>\n<p>Bankweb.com sammelt keine pers\u00f6nlichen Daten von Ihnen. Wir bei Bankweb vergleichen nur Akteure der privaten Finanzbranche und vergeben selbst keine Kredite. Die einzigen Daten von Ihnen, die gespeichert werden, sind Cookies. Cookies sind Informationsdateien, die auf dem verwendeten Computer gespeichert werden. Wenn Sie sich f\u00fcr unseren Newsletter anmelden, wird Ihre E-Mailadresse gespeichert. Wir werden diese Information niemals verkaufen oder weitergeben.<br \/>\n&nbsp;<\/p>\n<p>Bankweb verwendet Cookies, um die Besucheranzahl auf der Webseite und die Konvertierung zu messen, damit wir die Anwendung der Seite verstehen k\u00f6nnen. Cookies identifizieren nur Ihren Computer und nicht Sie als Person. Sie k\u00f6nnen die Verwendung von Cookies in Ihrem Browser abschalten.<\/p>\n<p>Wie dies genau geht, h\u00e4ngt von Ihrem Browser ab. Verwenden Sie die Hilfsfunktion Ihres Browsers in der Kopfzeile um zu sehen, wie Sie Cookies l\u00f6schen. Bitte beachten Sie, dass durch das Abschalten von Cookies verschiedenen Funktionen eventuell nicht mehr einwandfrei funktionieren.<br \/>\n&nbsp;<br \/>\nWenn Sie eine genauere \u00dcbersicht dar\u00fcber w\u00fcnschen, wie Bankweb Cookies verwendet, k\u00f6nnen Sie gern unseren Kundenservice unter info@tw.se kontaktieren.<br \/>\n &nbsp;<br \/>\n<strong>Benutzervereinbarung<\/strong><br \/>\nPers\u00f6nliche Daten<br \/>\nBankweb sammelt oder speichert keine pers\u00f6nlichen Daten wie z.B. Kreditkartenangaben des Besuchers. Das kommt daher, dass Bankweb selbst keine Kreditantr\u00e4ge bearbeitet. Dies geschieht nur durch Dritte, die Kreditgeber.<br \/>\n &nbsp;<br \/>\n<strong>Verantwortlichkeit<\/strong><br \/>\nBankweb \u00fcbernimmt keine Verantwortung f\u00fcr falsche Angaben &#8211; Sch\u00e4den oder \u00f6konomische Verluste durch Gesch\u00e4ftsabschl\u00fcsse mit der dritten Partei, dem Kreditgeber. Daher kann Bankweb auch nicht in Auseinandersetzungen zu Gesch\u00e4ftsabschl\u00fcssen mit Dritten, den Kreditgebern, gezogen werden. Bankweb r\u00e4t keinem, einen Kredit aufzunehmen. Dies ist eine pers\u00f6nliche Entscheidung und wenn man Probleme hat, Schulden und den Alltag zu vereinbaren, sollte man davon absehen, einen Kredit zu beantragen.<br \/>\n &nbsp;<br \/>\n<strong>\u00c4nderungen der Bedingungen<\/strong><br \/>\n\u00c4nderungen unserer allgemeinen Gesch\u00e4ftsbedingungen k\u00f6nnen vorkommen. Bleiben Sie informiert, indem Sie regelm\u00e4\u00dfig diese Seite besuchen.<\/p>\n","protected":false},"excerpt":{"rendered":"<p>Vertraulichkeitsvereinbarung \u2013 Cookies Bankweb.com sammelt keine pers\u00f6nlichen Daten von Ihnen. Wir bei Bankweb vergleichen nur Akteure der privaten Finanzbranche und vergeben selbst keine Kredite. Die einzigen Daten von Ihnen, die gespeichert werden, sind Cookies. Cookies sind Informationsdateien, die auf dem [&hellip;]<\/p>\n","protected":false},"author":4,"featured_media":0,"parent":0,"menu_order":0,"comment_status":"closed","ping_status":"closed","template":"","meta":{"footnotes":""},"class_list":["post-5443","page","type-page","status-publish","hentry"],"yoast_head":"<!-- This site is optimized with the Yoast SEO plugin v22.6 - https:\/\/yoast.com\/wordpress\/plugins\/seo\/ -->\n<title>Vertraulichkeitsvereinbarung \u2013 Cookies - Bankweb.com<\/title>\n<meta name=\"robots\" content=\"index, follow, max-snippet:-1, max-image-preview:large, max-video-preview:-1\" \/>\n<link rel=\"canonical\" href=\"https:\/\/www.bankweb.com\/de\/cookies\/\" \/>\n<meta name=\"twitter:card\" content=\"summary_large_image\" \/>\n<meta name=\"twitter:title\" content=\"Vertraulichkeitsvereinbarung \u2013 Cookies - Bankweb.com\" \/>\n<meta name=\"twitter:description\" content=\"Vertraulichkeitsvereinbarung \u2013 Cookies Bankweb.com sammelt keine pers\u00f6nlichen Daten von Ihnen. Wir bei Bankweb vergleichen nur Akteure der privaten Finanzbranche und vergeben selbst keine Kredite. Die einzigen Daten von Ihnen, die gespeichert werden, sind Cookies. Cookies sind Informationsdateien, die auf dem [&hellip;]\" \/>\n<meta name=\"twitter:label1\" content=\"Ber\u00e4knad l\u00e4stid\" \/>\n\t<meta name=\"twitter:data1\" content=\"2 minuter\" \/>\n<script type=\"application\/ld+json\" class=\"yoast-schema-graph\">{\"@context\":\"https:\/\/schema.org\",\"@graph\":[{\"@type\":\"WebPage\",\"@id\":\"https:\/\/www.bankweb.com\/de\/cookies\/\",\"url\":\"https:\/\/www.bankweb.com\/de\/cookies\/\",\"name\":\"Vertraulichkeitsvereinbarung \u2013 Cookies - Bankweb.com\",\"isPartOf\":{\"@id\":\"https:\/\/www.bankweb.com\/de\/#website\"},\"datePublished\":\"2017-11-03T10:19:36+00:00\",\"dateModified\":\"2018-05-21T09:54:20+00:00\",\"breadcrumb\":{\"@id\":\"https:\/\/www.bankweb.com\/de\/cookies\/#breadcrumb\"},\"inLanguage\":\"sv-SE\",\"potentialAction\":[{\"@type\":\"ReadAction\",\"target\":[\"https:\/\/www.bankweb.com\/de\/cookies\/\"]}]},{\"@type\":\"BreadcrumbList\",\"@id\":\"https:\/\/www.bankweb.com\/de\/cookies\/#breadcrumb\",\"itemListElement\":[{\"@type\":\"ListItem\",\"position\":1,\"name\":\"Hem\",\"item\":\"https:\/\/www.bankweb.com\/de\/\"},{\"@type\":\"ListItem\",\"position\":2,\"name\":\"Cookies\"}]},{\"@type\":\"WebSite\",\"@id\":\"https:\/\/www.bankweb.com\/de\/#website\",\"url\":\"https:\/\/www.bankweb.com\/de\/\",\"name\":\"Bankweb.com Germany\",\"description\":\"\",\"publisher\":{\"@id\":\"https:\/\/www.bankweb.com\/de\/#organization\"},\"potentialAction\":[{\"@type\":\"SearchAction\",\"target\":{\"@type\":\"EntryPoint\",\"urlTemplate\":\"https:\/\/www.bankweb.com\/de\/?s={search_term_string}\"},\"query-input\":\"required name=search_term_string\"}],\"inLanguage\":\"sv-SE\"},{\"@type\":\"Organization\",\"@id\":\"https:\/\/www.bankweb.com\/de\/#organization\",\"name\":\"Bankweb.com\",\"url\":\"https:\/\/www.bankweb.com\/de\/\",\"logo\":{\"@type\":\"ImageObject\",\"inLanguage\":\"sv-SE\",\"@id\":\"https:\/\/www.bankweb.com\/de\/#\/schema\/logo\/image\/\",\"url\":\"https:\/\/www.bankweb.com\/de\/wp-content\/uploads\/2019\/11\/245px_bankweb_logo.png\",\"contentUrl\":\"https:\/\/www.bankweb.com\/de\/wp-content\/uploads\/2019\/11\/245px_bankweb_logo.png\",\"width\":245,\"height\":49,\"caption\":\"Bankweb.com\"},\"image\":{\"@id\":\"https:\/\/www.bankweb.com\/de\/#\/schema\/logo\/image\/\"}}]}<\/script>\n<!-- \/ Yoast SEO plugin. -->","yoast_head_json":{"title":"Vertraulichkeitsvereinbarung \u2013 Cookies - Bankweb.com","robots":{"index":"index","follow":"follow","max-snippet":"max-snippet:-1","max-image-preview":"max-image-preview:large","max-video-preview":"max-video-preview:-1"},"canonical":"https:\/\/www.bankweb.com\/de\/cookies\/","twitter_card":"summary_large_image","twitter_title":"Vertraulichkeitsvereinbarung \u2013 Cookies - Bankweb.com","twitter_description":"Vertraulichkeitsvereinbarung \u2013 Cookies Bankweb.com sammelt keine pers\u00f6nlichen Daten von Ihnen. Wir bei Bankweb vergleichen nur Akteure der privaten Finanzbranche und vergeben selbst keine Kredite. Die einzigen Daten von Ihnen, die gespeichert werden, sind Cookies. Cookies sind Informationsdateien, die auf dem [&hellip;]","twitter_misc":{"Ber\u00e4knad l\u00e4stid":"2 minuter"},"schema":{"@context":"https:\/\/schema.org","@graph":[{"@type":"WebPage","@id":"https:\/\/www.bankweb.com\/de\/cookies\/","url":"https:\/\/www.bankweb.com\/de\/cookies\/","name":"Vertraulichkeitsvereinbarung \u2013 Cookies - Bankweb.com","isPartOf":{"@id":"https:\/\/www.bankweb.com\/de\/#website"},"datePublished":"2017-11-03T10:19:36+00:00","dateModified":"2018-05-21T09:54:20+00:00","breadcrumb":{"@id":"https:\/\/www.bankweb.com\/de\/cookies\/#breadcrumb"},"inLanguage":"sv-SE","potentialAction":[{"@type":"ReadAction","target":["https:\/\/www.bankweb.com\/de\/cookies\/"]}]},{"@type":"BreadcrumbList","@id":"https:\/\/www.bankweb.com\/de\/cookies\/#breadcrumb","itemListElement":[{"@type":"ListItem","position":1,"name":"Hem","item":"https:\/\/www.bankweb.com\/de\/"},{"@type":"ListItem","position":2,"name":"Cookies"}]},{"@type":"WebSite","@id":"https:\/\/www.bankweb.com\/de\/#website","url":"https:\/\/www.bankweb.com\/de\/","name":"Bankweb.com Germany","description":"","publisher":{"@id":"https:\/\/www.bankweb.com\/de\/#organization"},"potentialAction":[{"@type":"SearchAction","target":{"@type":"EntryPoint","urlTemplate":"https:\/\/www.bankweb.com\/de\/?s={search_term_string}"},"query-input":"required name=search_term_string"}],"inLanguage":"sv-SE"},{"@type":"Organization","@id":"https:\/\/www.bankweb.com\/de\/#organization","name":"Bankweb.com","url":"https:\/\/www.bankweb.com\/de\/","logo":{"@type":"ImageObject","inLanguage":"sv-SE","@id":"https:\/\/www.bankweb.com\/de\/#\/schema\/logo\/image\/","url":"https:\/\/www.bankweb.com\/de\/wp-content\/uploads\/2019\/11\/245px_bankweb_logo.png","contentUrl":"https:\/\/www.bankweb.com\/de\/wp-content\/uploads\/2019\/11\/245px_bankweb_logo.png","width":245,"height":49,"caption":"Bankweb.com"},"image":{"@id":"https:\/\/www.bankweb.com\/de\/#\/schema\/logo\/image\/"}}]}},"_links":{"self":[{"href":"https:\/\/www.bankweb.com\/de\/wp-json\/wp\/v2\/pages\/5443","targetHints":{"allow":["GET"]}}],"collection":[{"href":"https:\/\/www.bankweb.com\/de\/wp-json\/wp\/v2\/pages"}],"about":[{"href":"https:\/\/www.bankweb.com\/de\/wp-json\/wp\/v2\/types\/page"}],"author":[{"embeddable":true,"href":"https:\/\/www.bankweb.com\/de\/wp-json\/wp\/v2\/users\/4"}],"replies":[{"embeddable":true,"href":"https:\/\/www.bankweb.com\/de\/wp-json\/wp\/v2\/comments?post=5443"}],"version-history":[{"count":0,"href":"https:\/\/www.bankweb.com\/de\/wp-json\/wp\/v2\/pages\/5443\/revisions"}],"wp:attachment":[{"href":"https:\/\/www.bankweb.com\/de\/wp-json\/wp\/v2\/media?parent=5443"}],"curies":[{"name":"wp","href":"https:\/\/api.w.org\/{rel}","templated":true}]}}