{"id":5203,"date":"2017-08-31T11:30:52","date_gmt":"2017-08-31T11:30:52","guid":{"rendered":"http:\/\/www.bankweb.com\/de\/?page_id=5203"},"modified":"2019-03-14T13:31:54","modified_gmt":"2019-03-14T13:31:54","slug":"start","status":"publish","type":"page","link":"https:\/\/www.bankweb.com\/de\/","title":{"rendered":"Start"},"content":{"rendered":"<div class=\"entryfullfront\">\n<p>    <!--------Slides------>    <\/p>\n<div class=\"carousel slide carousel-fade\" data-ride=\"carousel\">\n\t\t<!-- Wrapper for slides --><\/p>\n<div class=\"carousel-inner\" role=\"listbox\">\n<div class=\"item active\" style=\" background: url(\/de\/images\/slide.jpg) no-repeat top center ;\">\n<div class=\"overlay\">\n<div class=\"ittembold\">\n<div class=\"caption\">Bankweb.com &#8211; <br \/>Wir vergleichen &#8211; Sie w\u00e4hlen!<\/div>\n<p><a href=\"\" class=\"bluebtn\">Geld leihen vergleich<\/a><\/div>\n<\/div><\/div>\n<div class=\"item\" style=\" background: url(\/de\/images\/slide.jpg) no-repeat top center ;\">\n<div class=\"overlay\">\n<div class=\"ittembold\">\n<div class=\"caption\">Bankweb.com &#8211; <br \/>Wir vergleichen &#8211; Sie w\u00e4hlen!<\/div>\n<p><a href=\"\"  class=\"bluebtn\">Vergleichen<\/a><\/div>\n<\/div><\/div>\n<\/p><\/div>\n<p>        <a class=\"left carouselbtn\" href=\".carousel\" role=\"button\" data-slide=\"prev\"><<\/a><br \/>\n        <a class=\"right carouselbtn\" href=\".carousel\" role=\"button\" data-slide=\"next\">><\/a><\/p><\/div>\n<\/div>\n<p>    <!---- below Image Blocks----><\/p>\n<div class=\"container\">\n<div class=\" homeblocks row\">\n<div class=\"col5\">\n<div class=\"inner\" style=\"background-color:#03508e;\">\n<div class=\"border\">\n<div class=\"image\" style=\"background: url(\/de\/images\/cards.png) no-repeat center center ;\"><\/div>\n<h3><a class=\"whitefront\" href=\"https:\/\/www.bankweb.com\/de\/kreditkarten\/\">Kreditkarten<\/a><\/h3>\n<\/p><\/div>\n<\/p><\/div>\n<\/p><\/div>\n<div class=\"col5\">\n<div class=\"inner\" style=\"background-color:#1ebee4;\">\n<div class=\"border\">\n<div class=\"image\" style=\"background: url(\/de\/images\/personal_loan.png) no-repeat center center ;\"><\/div>\n<h3><a class=\"whitefront\" href=\"https:\/\/www.bankweb.com\/de\/kreditvergleich\/\">Kreditvergleich<\/a><\/h3>\n<\/p><\/div>\n<\/p><\/div>\n<\/p><\/div>\n<div class=\"col5\">\n<div class=\"inner\" style=\"background-color:#1ebee4;\">\n<div class=\"border\">\n<div class=\"image\" style=\"background: url(\/de\/images\/personal_loan.png) no-repeat center center ;\"><\/div>\n<h3><a class=\"whitefront\" href=\"https:\/\/www.bankweb.com\/de\/sofortkredit\/\">Sofortkredit<\/a><\/h3>\n<\/p><\/div>\n<\/p><\/div>\n<\/p><\/div>\n<div class=\"col5\" >\n<div class=\"inner\" style=\"background-color:#729836;\">\n<div class=\"border\">\n<div class=\"image\" style=\"background: url(images\/buiseness_loan.png) no-repeat center center ;\"><\/div>\n<h3><a class=\"whitefront\" href=\"https:\/\/www.bankweb.com\/de\/firmenkredite\/\">Firmenkredite<\/a><\/h3>\n<\/p><\/div>\n<\/p><\/div>\n<\/p><\/div>\n<div class=\"col5\">\n<div class=\"inner\" style=\"background-color:#9a51b9;\">\n<div class=\"border\">\n<div class=\"image\" style=\"background: url(images\/car_loan.png) no-repeat center center ;\"><\/div>\n<h3><a class=\"whitefront\" href=\"https:\/\/www.bankweb.com\/de\/autokredite\/\">Autokredit vergleich<\/a><\/h3>\n<\/p><\/div>\n<\/p><\/div>\n<\/p><\/div>\n<div class=\"col5\">\n<div class=\"inner\" style=\"background-color:#1ebee4;\">\n<div class=\"border\">\n<div class=\"image\" style=\"background: url(images\/quickloan.png) no-repeat center center ;\"><\/div>\n<h3><a class=\"whitefront\" href=\"https:\/\/www.bankweb.com\/de\/schufa\/\">Kredit ohne Schufa vergleich<\/a><\/h3>\n<\/p><\/div>\n<\/p><\/div>\n<\/p><\/div>\n<div class=\"col5\">\n<div class=\"inner\" style=\"background-color:#1ebee4;\">\n<div class=\"border\">\n<div class=\"image\" style=\"background: url(images\/quickloan.png) no-repeat center center ;\"><\/div>\n<h3><a class=\"whitefront\" href=\"https:\/\/www.bankweb.com\/de\/kleinkredit\/\">Kleinkredit vergleich<\/a><\/h3>\n<\/p><\/div>\n<\/p><\/div>\n<\/p><\/div>\n<div class=\"col5\" >\n<div class=\"inner\" style=\"background-color:#a5439a;\">\n<div class=\"border\">\n<div class=\"image\" style=\"background: url(images\/forex_trading.png) no-repeat center center ;\"><\/div>\n<h3><a class=\"whitefront\" href=\"https:\/\/www.bankweb.com\/de\/forex-trading\/\">Forex trading<\/a><\/h3>\n<\/p><\/div>\n<\/p><\/div>\n<\/p><\/div>\n<div class=\"col5\">\n<div class=\"inner\"  style=\"background-color:#009ee0;\">\n<div class=\"border\">\n<div class=\"image\" style=\"background: url(images\/savings.png) no-repeat center center ;\"><\/div>\n<h3><a class=\"whitefront\" href=\"https:\/\/www.bankweb.com\/de\/girokonto\/\">Girokonto<\/a><\/h3>\n<\/p><\/div>\n<\/p><\/div>\n<\/p><\/div>\n<div class=\"col5\">\n<div class=\"inner\"  style=\"background-color:#009ee0;\">\n<div class=\"border\">\n<div class=\"image\" style=\"background: url(images\/savings.png) no-repeat center center ;\"><\/div>\n<h3><a class=\"whitefront\" href=\"https:\/\/www.bankweb.com\/de\/geschaftskonto\/\">Gesch\u00e4ftskonto<\/a><\/h3>\n<\/p><\/div>\n<\/p><\/div>\n<\/p><\/div>\n<div class=\"col5\">\n<div class=\"inner\"  style=\"background-color:#009ee0;\">\n<div class=\"border\">\n<div class=\"image\" style=\"background: url(images\/savings.png) no-repeat center center ;\"><\/div>\n<h3><a class=\"whitefront\" href=\"https:\/\/www.bankweb.com\/de\/factoring\/\">Factoring vergleich<\/a><\/h3>\n<\/p><\/div>\n<\/p><\/div>\n<\/p><\/div>\n<div class=\"col5\">\n<div class=\"inner\"  style=\"background-color:#009ee0;\">\n<div class=\"border\">\n<div class=\"image\" style=\"background: url(images\/savings.png) no-repeat center center ;\"><\/div>\n<h3><a class=\"whitefront\" href=\"https:\/\/www.bankweb.com\/de\/tagesgeld\/\">Tagesgeld<\/a><\/h3>\n<\/p><\/div>\n<\/p><\/div>\n<\/p><\/div>\n<div class=\"col5\">\n<div class=\"inner\"  style=\"background-color:#009ee0;\">\n<div class=\"border\">\n<div class=\"image\" style=\"background: url(images\/savings.png) no-repeat center center ;\"><\/div>\n<h3><a class=\"whitefront\" href=\"https:\/\/www.bankweb.com\/de\/festgeldanlage\/\">Festgeld<\/a><\/h3>\n<\/p><\/div>\n<\/p><\/div>\n<\/p><\/div>\n<div class=\"col5\">\n<div class=\"inner\"  style=\"background-color:#009ee0;\">\n<div class=\"border\">\n<div class=\"image\" style=\"background: url(images\/savings.png) no-repeat center center ;\"><\/div>\n<h3><a class=\"whitefront\" href=\"https:\/\/www.bankweb.com\/de\/crowdfunding-vergleich\/\">Crowdfunding<\/a><\/h3>\n<\/p><\/div>\n<\/p><\/div>\n<\/p><\/div>\n<div class=\"col5\">\n<div class=\"inner\" style=\"background-color:#c0aa32;\">\n<div class=\"border\">\n<div class=\"image\" style=\"background: url(images\/savings.png) no-repeat center center ;\"><\/div>\n<h3><a class=\"whitefront\" href=\"https:\/\/www.bankweb.com\/de\/robo-advisor\/\">Robo-Advisor<\/a><\/h3>\n<\/p><\/div>\n<\/p><\/div>\n<\/p><\/div>\n<div class=\"col5\">\n<div class=\"inner\"  style=\"background-color:#009ee0;\">\n<div class=\"border\">\n<div class=\"image\" style=\"background: url(images\/savings.png) no-repeat center center ;\"><\/div>\n<h3><a class=\"whitefront\" href=\"https:\/\/www.bankweb.com\/de\/aktien\/\">Aktiendepot vergleich<\/a><\/h3>\n<\/p><\/div>\n<\/p><\/div>\n<\/p><\/div>\n<div class=\"col5\">\n<div class=\"inner\" style=\"background-color:#c0aa32;\">\n<div class=\"border\">\n<div class=\"image\" style=\"background: url(images\/mortage.png) no-repeat center center ;\"><\/div>\n<h3><a class=\"whitefront\" href=\"https:\/\/www.bankweb.com\/de\/krankenversicherung\/\">Kranken<br \/>versicherung<\/a><\/h3>\n<\/p><\/div>\n<\/p><\/div>\n<\/p><\/div>\n<div class=\"col5\">\n<div class=\"inner\" style=\"background-color:#c0aa32;\">\n<div class=\"border\">\n<div class=\"image\" style=\"background: url(images\/mortage.png) no-repeat center center ;\"><\/div>\n<h3><a class=\"whitefront\" href=\"https:\/\/www.bankweb.com\/de\/kfz\/\">Auto-versicherungen<\/a><\/h3>\n<\/p><\/div>\n<\/p><\/div>\n<\/p><\/div>\n<div class=\"col5\">\n<div class=\"inner\" style=\"background-color:#c0aa32;\">\n<div class=\"border\">\n<div class=\"image\" style=\"background: url(images\/mortage.png) no-repeat center center ;\"><\/div>\n<h3><a class=\"whitefront\" href=\"https:\/\/www.bankweb.com\/de\/rechtsschutzversicherung\/\">Rechtsschutz<br \/>versicherung<\/a><\/h3>\n<\/p><\/div>\n<\/p><\/div>\n<\/p><\/div>\n<div class=\"col5\">\n<div class=\"inner\" style=\"background-color:#c0aa32;\">\n<div class=\"border\">\n<div class=\"image\" style=\"background: url(images\/mortage.png) no-repeat center center ;\"><\/div>\n<h3><a class=\"whitefront\" href=\"https:\/\/www.bankweb.com\/de\/hausratversicherung\/\">Hausrat<br \/>versicherung<\/a><\/h3>\n<\/p><\/div>\n<\/p><\/div>\n<\/p><\/div>\n<div class=\"col5\">\n<div class=\"inner\" style=\"background-color:#c0aa32;\">\n<div class=\"border\">\n<div class=\"image\" style=\"background: url(images\/mortage.png) no-repeat center center ;\"><\/div>\n<h3><a class=\"whitefront\" href=\"https:\/\/www.bankweb.com\/de\/risikolebensversicherung\/\">Risikolebens<br \/>versicherung<\/a><\/h3>\n<\/p><\/div>\n<\/p><\/div>\n<\/p><\/div>\n<div class=\"col5\">\n<div class=\"inner\" style=\"background-color:#c0aa32;\">\n<div class=\"border\">\n<div class=\"image\" style=\"background: url(images\/mortage.png) no-repeat center center ;\"><\/div>\n<h3><a class=\"whitefront\" href=\"https:\/\/www.bankweb.com\/de\/zahnzusatzversicherung\/\">Zahnzusatzversicherung<\/a><\/h3>\n<\/p><\/div>\n<\/p><\/div>\n<\/p><\/div>\n<div class=\"col5\">\n<div class=\"inner\" style=\"background-color:#c0aa32;\">\n<div class=\"border\">\n<div class=\"image\" style=\"background: url(images\/mortage.png) no-repeat center center ;\"><\/div>\n<h3><a class=\"whitefront\" href=\"https:\/\/www.bankweb.com\/de\/privathaftpflichtversicherung\/\">Private<br \/>haftpflichtversicherung<\/a><\/h3>\n<\/p><\/div>\n<\/p><\/div>\n<\/p><\/div>\n<\/p><\/div>\n<\/p><\/div>\n<\/p><\/div>\n<\/div>\n<h2>Pers\u00f6nliche Darlehen<\/h2>\n<p>Es gibt viele Gr\u00fcnde, einen pers\u00f6nlichen Kredit nachzufragen und aufzunehmen. Der klassische Weg zu einem solchen Kredit f\u00fchrt immer noch zu einer Bank. Dies kann entweder die Filiale der eigenen Hausbank sein oder man startet eine Kreditanfrage via Internet. Viele Banken bieten dies inzwischen an. Voraussetzungen um einen <a href=\"https:\/\/www.bankweb.com\/de\/kreditvergleich\/\">Privatkredit<\/a>, <a href=\"https:\/\/www.bankweb.com\/de\/autokredite\/\">autokredit<\/a> oder Privatdarlehen zu bekommen ist eine gute Bonit\u00e4t. Die Bank m\u00f6chte sichergehen, dass der Kreditnehmer den Kredit auch zur\u00fcckzahlen kann.<br \/>\n&nbsp;<br \/>\nDazu muss man der Bank normalerweise ein regelm\u00e4\u00dfiges Einkommen nachweisen und die Bank \u00fcberpr\u00fcft dazu bei einer oder mehrerer Wirtschaftsauskunfteien die Kreditw\u00fcrdigkeit des Kreditnehmers. Bei Privatkrediten stellen die Banken dazu normalerweise eine Anfrage bei der Schutzgemeinschaft f\u00fcr allgemeine Kreditsicherung, die im Volksmund Schufa genannt wird.<br \/>\n&nbsp;<br \/>\nSollten von dort keine negativen Ausk\u00fcnfte \u00fcber den angehenden Kreditnehmer gemeldet werden und der Kreditnehmer kann ein geregeltes Einkommen nachweisen, kann die Bank einen Kreditantrag f\u00fcr einen Privatkredit normalerweise innerhalb von wenigen Tagen bearbeiten, genehmigen und die gew\u00fcnschte Kreditsumme dem Bankkonto des Kunden gutschreiben.<br \/>\n&nbsp;<br \/>\n<img loading=\"lazy\" decoding=\"async\" src=\"https:\/\/www.bankweb.com\/de\/wp-content\/uploads\/2018\/05\/Bankweb-Germany-1024x678.jpg\" alt=\"Bankweb Germany\" width=\"580\" height=\"384\" class=\"alignnone size-large wp-image-5847\" srcset=\"https:\/\/www.bankweb.com\/de\/wp-content\/uploads\/2018\/05\/Bankweb-Germany-1024x678.jpg 1024w, https:\/\/www.bankweb.com\/de\/wp-content\/uploads\/2018\/05\/Bankweb-Germany-300x199.jpg 300w, https:\/\/www.bankweb.com\/de\/wp-content\/uploads\/2018\/05\/Bankweb-Germany-768x508.jpg 768w, https:\/\/www.bankweb.com\/de\/wp-content\/uploads\/2018\/05\/Bankweb-Germany.jpg 1920w\" sizes=\"auto, (max-width: 580px) 100vw, 580px\" \/><br \/>\n&nbsp;<\/p>\n<h3>Schnelle Kredite<\/h3>\n<p>Oft sind bei Verbrauchern schnelle Kredite gefragt. Entweder f\u00fcr Dinge, die wirklich eilig sind, oder weil der Kreditnehmer nicht \u00fcber eine ausreichende Bonit\u00e4t verf\u00fcgt, einen Kredit von der Bank zu erhalten, oder weil er einfach den damit verbundenen Papierkram mit der Bank vermeiden m\u00f6chte.<br \/>\n&nbsp;<br \/>\nZahlreiche Anbieter haben sich auf den Markt der schnellen Kredite spezialisiert, verlangen daf\u00fcr aber auch h\u00f6here Kreditzinsen als eine normale Bank. Alternativ k\u00f6nnen Verbraucher auch \u00fcber einen Pfandleiher einen schnellen Kredit erhalten, wenn sie ein verwertbares Pfandobjekt besitzen, das sie dort als Pfand f\u00fcr den Kredit abgeben.<br \/>\n&nbsp;<br \/>\nEinzelne Banken und spezielle Kreditportale im Internet, auf denen mehrere Banken vertreten sind, haben den Trend zu schnellen Krediten erkannt und bieten nun auch online einen entsprechenden Dienst an. Hier kann der Kreditnehmer die gesamte Kreditanfrage online stellen, geforderte Nachweise \u00fcber den Verdienst hochladen und online eine Anfrage bei der <a href=\"https:\/\/www.bankweb.com\/de\/schufa\/\">Schufa<\/a> stellen lassen, und erh\u00e4lt f\u00fcr <a href=\"https:\/\/www.bankweb.com\/de\/kleinkredit\/\">kleinere Kreditsummen<\/a> eine sofortige Entscheidung.<br \/>\n&nbsp;<br \/>\nBei einer Sofortzusage ist der Kreditbetrag dann innerhalb von 48 Stunden auf seinem Bankkonto. Dieser Dienst erfreut sich immer gr\u00f6\u00dferer Beliebtheit, da sich damit auch sehr einfach die Kreditangebote von mehreren Kreditgebern, bzw. Banken vergleichen lassen<br \/>\n&nbsp;<\/p>\n<h3>Kreditkarten und Prepaid-Karten<\/h3>\n<p>Eine Kreditkarte ist eine Plastikkarte, die zum Bezahlen von Dienstleistungen und Waren eingesetzt wird. Die auf der Karte gespeicherten Kundendaten werden dann vom Verk\u00e4ufer an die Bank weitergeleitet, die den Rechnungsbetrag auf das Konto des Verk\u00e4ufers gutschreibt.<br \/>\n&nbsp;<br \/>\nDer Kreditkarteninhaber erh\u00e4lt von seiner Bank oder Kreditkartengesellschaft einmal im Monat eine Abrechnung mit allen get\u00e4tigten K\u00e4ufen und bezahlt dann diesen Betrag vollst\u00e4ndig oder in Raten zur\u00fcck. Kreditkarten k\u00f6nnen unabh\u00e4ngig von der W\u00e4hrung der Rechnung eingesetzt werden und Zahlungen dar\u00fcber k\u00f6nnen auch ohne das Vorliegen der eigentlichen Kreditkarte, zum Beispiel im Internet, in Auftrag gegeben werden. Da die Zahlungen bei Kreditkarten also einmal im Monat abgerechnet werden, handelt es sich um einen echten Kredit.<br \/>\n&nbsp;<br \/>\nDaher sind Kreditkarten nicht allen Kunden zug\u00e4nglich, da Kreditkartengesellschaften und Banken Personen mit schlechter Bonit\u00e4t, oder bereits nicht zur\u00fcckgezahlten anderen Krediten, ausschlie\u00dfen. Da sich Kreditkarten aber auf der anderen Seite in vielen Bereichen des Wirtschaftslebens als wichtiges Zahlungsmittel etabliert haben, musste f\u00fcr diese Personen eine L\u00f6sung gefunden werden.<br \/>\n&nbsp;<br \/>\nDiese L\u00f6sung kommt in Form von Prepaidkarten daher. Diese Plastikkarten funktionieren genau wie Kreditkarten, verf\u00fcgen jedoch \u00fcber keinen Kreditrahmen, sondern mit ihnen kann nur Geld ausgegeben werden, welches vorher auf das <a href=\"https:\/\/www.bankweb.com\/de\/kreditkarten\/\">Kreditkartenkonto der Prepaidkarte<\/a> eingezahlt wurde. Prepaidkarten funktionieren also wie Kreditkarten, sind jedoch auf Guthaben basiert.<br \/>\n&nbsp;<br \/>\n<img loading=\"lazy\" decoding=\"async\" src=\"https:\/\/www.bankweb.com\/de\/wp-content\/uploads\/2018\/05\/leihen-1024x680.jpg\" alt=\"Leihen\" width=\"580\" height=\"385\" class=\"alignnone size-large wp-image-5848\" srcset=\"https:\/\/www.bankweb.com\/de\/wp-content\/uploads\/2018\/05\/leihen-1024x680.jpg 1024w, https:\/\/www.bankweb.com\/de\/wp-content\/uploads\/2018\/05\/leihen-300x199.jpg 300w, https:\/\/www.bankweb.com\/de\/wp-content\/uploads\/2018\/05\/leihen-768x510.jpg 768w, https:\/\/www.bankweb.com\/de\/wp-content\/uploads\/2018\/05\/leihen.jpg 1920w\" sizes=\"auto, (max-width: 580px) 100vw, 580px\" \/><br \/>\n&nbsp;<\/p>\n<h4>Gesch\u00e4ftskredite<\/h4>\n<p>Kredite f\u00fcr sein Gesch\u00e4ft oder seine Firma zu bekommen ist deutlich schwieriger, als ein Privatdarlehen aufzunehmen. <a href=\"https:\/\/www.bankweb.com\/de\/firmenkredite\/\">Gesch\u00e4ftskredite<\/a> unterscheiden sich in Investitionskredite und Kredite, die den laufenden Gesch\u00e4ftsbetrieb zwischenfinanzieren. Als Kreditgeber f\u00fcr Investitionskredite kommen Banken und spezielle Kreditdienstleister f\u00fcr Firmenkunden in Frage.<br \/>\n&nbsp;<br \/>\nBei der Kreditaufnahme durch ein Gesch\u00e4ft sind umfangreiche Papiere vorzulegen und der Kreditgeber wird Sicherheiten in Form von Waren, B\u00fcrgschaften oder anderen verwertbaren Kapitalwerten verlangen. Bei einem Investitionskredit werden dabei alle Papiere gepr\u00fcft, die die Rechtsform des Gesch\u00e4fts best\u00e4tigen, der Gesch\u00e4ftsplan, sowie alle Gesellschaftervertr\u00e4ge die die Haftungsfragen des jeweiligen Unternehmens betreffend.<br \/>\n&nbsp;<br \/>\nOft werden auch die zeichnungsberechtigten Personen \u00fcberpr\u00fcft, die einen solchen Kredit f\u00fcr das Gesch\u00e4ft beantragen. Auf Grundlage dieser Informationen wird der Kreditgeber dann nicht nur entscheiden, ob er den gew\u00fcnschten Gesch\u00e4ftskredit vergibt, sondern auch welchen Zinssatz er daf\u00fcr verlangt.<br \/>\n&nbsp;<br \/>\nEinfacher ist es f\u00fcr Firmen und Gesch\u00e4fte oft einen Kredit zur Zwischenfinanzierung im laufenden Gesch\u00e4ftsbetrieb zu erhalten. Neben Banken kommen hier insbesondere andere Gesch\u00e4fte infrage, die am jeweiligen zwischenfinanzierten Gesch\u00e4ft beteiligt sind.<br \/>\n&nbsp;<br \/>\nLieferanten k\u00f6nnen zum Beispiel einen Kredit f\u00fcr ihre eigenen Waren vergeben und sich mit dem Kreditnehmer einigen, das dieser Kredit zur\u00fcckbezahlt wird, sobald der Kreditnehmer die mit dem Kredit erworbenen Waren weiterverkauft hat.<\/p>\n","protected":false},"excerpt":{"rendered":"<p>Bankweb.com &#8211; Wir vergleichen &#8211; Sie w\u00e4hlen! Geld leihen vergleich Bankweb.com &#8211; Wir vergleichen &#8211; Sie w\u00e4hlen! Vergleichen Kreditkarten Kreditvergleich Sofortkredit Firmenkredite Autokredit vergleich Kredit ohne Schufa vergleich Kleinkredit vergleich Forex trading Girokonto Gesch\u00e4ftskonto Factoring vergleich Tagesgeld Festgeld Crowdfunding Robo-Advisor [&hellip;]<\/p>\n","protected":false},"author":4,"featured_media":0,"parent":0,"menu_order":0,"comment_status":"closed","ping_status":"closed","template":"","meta":{"footnotes":""},"class_list":["post-5203","page","type-page","status-publish","hentry"],"yoast_head":"<!-- This site is optimized with the Yoast SEO plugin v22.6 - https:\/\/yoast.com\/wordpress\/plugins\/seo\/ -->\n<title>Bankweb Deutschland \u2013 Umfassender Kreditvergleich der besten Banken<\/title>\n<meta name=\"description\" content=\"Mit dem Kreditvergleich finden private Verbraucher und Gesch\u00e4ftskunden die g\u00fcnstigsten Angebote der f\u00fchrenden Banken sowie von privaten.\" \/>\n<meta name=\"robots\" content=\"index, follow, max-snippet:-1, max-image-preview:large, max-video-preview:-1\" \/>\n<link rel=\"canonical\" href=\"https:\/\/www.bankweb.com\/de\/\" \/>\n<meta name=\"twitter:card\" content=\"summary_large_image\" \/>\n<meta name=\"twitter:title\" content=\"Bankweb Deutschland \u2013 Umfassender Kreditvergleich der besten Banken\" \/>\n<meta name=\"twitter:description\" content=\"Mit dem Kreditvergleich finden private Verbraucher und Gesch\u00e4ftskunden die g\u00fcnstigsten Angebote der f\u00fchrenden Banken sowie von privaten.\" \/>\n<meta name=\"twitter:image\" content=\"https:\/\/www.bankweb.com\/de\/wp-content\/uploads\/2018\/05\/Bankweb-Germany.jpg\" \/>\n<meta name=\"twitter:label1\" content=\"Ber\u00e4knad l\u00e4stid\" \/>\n\t<meta name=\"twitter:data1\" content=\"4 minuter\" \/>\n<script type=\"application\/ld+json\" class=\"yoast-schema-graph\">{\"@context\":\"https:\/\/schema.org\",\"@graph\":[{\"@type\":\"WebPage\",\"@id\":\"https:\/\/www.bankweb.com\/de\/\",\"url\":\"https:\/\/www.bankweb.com\/de\/\",\"name\":\"Bankweb Deutschland \u2013 Umfassender Kreditvergleich der besten Banken\",\"isPartOf\":{\"@id\":\"https:\/\/www.bankweb.com\/de\/#website\"},\"primaryImageOfPage\":{\"@id\":\"https:\/\/www.bankweb.com\/de\/#primaryimage\"},\"image\":{\"@id\":\"https:\/\/www.bankweb.com\/de\/#primaryimage\"},\"thumbnailUrl\":\"https:\/\/www.bankweb.com\/de\/wp-content\/uploads\/2018\/05\/Bankweb-Germany-1024x678.jpg\",\"datePublished\":\"2017-08-31T11:30:52+00:00\",\"dateModified\":\"2019-03-14T13:31:54+00:00\",\"description\":\"Mit dem Kreditvergleich finden private Verbraucher und Gesch\u00e4ftskunden die g\u00fcnstigsten Angebote der f\u00fchrenden Banken sowie von privaten.\",\"breadcrumb\":{\"@id\":\"https:\/\/www.bankweb.com\/de\/#breadcrumb\"},\"inLanguage\":\"sv-SE\",\"potentialAction\":[{\"@type\":\"ReadAction\",\"target\":[\"https:\/\/www.bankweb.com\/de\/\"]}]},{\"@type\":\"ImageObject\",\"inLanguage\":\"sv-SE\",\"@id\":\"https:\/\/www.bankweb.com\/de\/#primaryimage\",\"url\":\"https:\/\/www.bankweb.com\/de\/wp-content\/uploads\/2018\/05\/Bankweb-Germany.jpg\",\"contentUrl\":\"https:\/\/www.bankweb.com\/de\/wp-content\/uploads\/2018\/05\/Bankweb-Germany.jpg\",\"width\":1920,\"height\":1271,\"caption\":\"Bankweb Germany\"},{\"@type\":\"BreadcrumbList\",\"@id\":\"https:\/\/www.bankweb.com\/de\/#breadcrumb\",\"itemListElement\":[{\"@type\":\"ListItem\",\"position\":1,\"name\":\"Hem\",\"item\":\"https:\/\/www.bankweb.com\/de\/\"},{\"@type\":\"ListItem\",\"position\":2,\"name\":\"Start\"}]},{\"@type\":\"WebSite\",\"@id\":\"https:\/\/www.bankweb.com\/de\/#website\",\"url\":\"https:\/\/www.bankweb.com\/de\/\",\"name\":\"Bankweb.com Germany\",\"description\":\"\",\"publisher\":{\"@id\":\"https:\/\/www.bankweb.com\/de\/#organization\"},\"potentialAction\":[{\"@type\":\"SearchAction\",\"target\":{\"@type\":\"EntryPoint\",\"urlTemplate\":\"https:\/\/www.bankweb.com\/de\/?s={search_term_string}\"},\"query-input\":\"required name=search_term_string\"}],\"inLanguage\":\"sv-SE\"},{\"@type\":\"Organization\",\"@id\":\"https:\/\/www.bankweb.com\/de\/#organization\",\"name\":\"Bankweb.com\",\"url\":\"https:\/\/www.bankweb.com\/de\/\",\"logo\":{\"@type\":\"ImageObject\",\"inLanguage\":\"sv-SE\",\"@id\":\"https:\/\/www.bankweb.com\/de\/#\/schema\/logo\/image\/\",\"url\":\"https:\/\/www.bankweb.com\/de\/wp-content\/uploads\/2019\/11\/245px_bankweb_logo.png\",\"contentUrl\":\"https:\/\/www.bankweb.com\/de\/wp-content\/uploads\/2019\/11\/245px_bankweb_logo.png\",\"width\":245,\"height\":49,\"caption\":\"Bankweb.com\"},\"image\":{\"@id\":\"https:\/\/www.bankweb.com\/de\/#\/schema\/logo\/image\/\"}}]}<\/script>\n<!-- \/ Yoast SEO plugin. -->","yoast_head_json":{"title":"Bankweb Deutschland \u2013 Umfassender Kreditvergleich der besten Banken","description":"Mit dem Kreditvergleich finden private Verbraucher und Gesch\u00e4ftskunden die g\u00fcnstigsten Angebote der f\u00fchrenden Banken sowie von privaten.","robots":{"index":"index","follow":"follow","max-snippet":"max-snippet:-1","max-image-preview":"max-image-preview:large","max-video-preview":"max-video-preview:-1"},"canonical":"https:\/\/www.bankweb.com\/de\/","twitter_card":"summary_large_image","twitter_title":"Bankweb Deutschland \u2013 Umfassender Kreditvergleich der besten Banken","twitter_description":"Mit dem Kreditvergleich finden private Verbraucher und Gesch\u00e4ftskunden die g\u00fcnstigsten Angebote der f\u00fchrenden Banken sowie von privaten.","twitter_image":"https:\/\/www.bankweb.com\/de\/wp-content\/uploads\/2018\/05\/Bankweb-Germany.jpg","twitter_misc":{"Ber\u00e4knad l\u00e4stid":"4 minuter"},"schema":{"@context":"https:\/\/schema.org","@graph":[{"@type":"WebPage","@id":"https:\/\/www.bankweb.com\/de\/","url":"https:\/\/www.bankweb.com\/de\/","name":"Bankweb Deutschland \u2013 Umfassender Kreditvergleich der besten Banken","isPartOf":{"@id":"https:\/\/www.bankweb.com\/de\/#website"},"primaryImageOfPage":{"@id":"https:\/\/www.bankweb.com\/de\/#primaryimage"},"image":{"@id":"https:\/\/www.bankweb.com\/de\/#primaryimage"},"thumbnailUrl":"https:\/\/www.bankweb.com\/de\/wp-content\/uploads\/2018\/05\/Bankweb-Germany-1024x678.jpg","datePublished":"2017-08-31T11:30:52+00:00","dateModified":"2019-03-14T13:31:54+00:00","description":"Mit dem Kreditvergleich finden private Verbraucher und Gesch\u00e4ftskunden die g\u00fcnstigsten Angebote der f\u00fchrenden Banken sowie von privaten.","breadcrumb":{"@id":"https:\/\/www.bankweb.com\/de\/#breadcrumb"},"inLanguage":"sv-SE","potentialAction":[{"@type":"ReadAction","target":["https:\/\/www.bankweb.com\/de\/"]}]},{"@type":"ImageObject","inLanguage":"sv-SE","@id":"https:\/\/www.bankweb.com\/de\/#primaryimage","url":"https:\/\/www.bankweb.com\/de\/wp-content\/uploads\/2018\/05\/Bankweb-Germany.jpg","contentUrl":"https:\/\/www.bankweb.com\/de\/wp-content\/uploads\/2018\/05\/Bankweb-Germany.jpg","width":1920,"height":1271,"caption":"Bankweb Germany"},{"@type":"BreadcrumbList","@id":"https:\/\/www.bankweb.com\/de\/#breadcrumb","itemListElement":[{"@type":"ListItem","position":1,"name":"Hem","item":"https:\/\/www.bankweb.com\/de\/"},{"@type":"ListItem","position":2,"name":"Start"}]},{"@type":"WebSite","@id":"https:\/\/www.bankweb.com\/de\/#website","url":"https:\/\/www.bankweb.com\/de\/","name":"Bankweb.com Germany","description":"","publisher":{"@id":"https:\/\/www.bankweb.com\/de\/#organization"},"potentialAction":[{"@type":"SearchAction","target":{"@type":"EntryPoint","urlTemplate":"https:\/\/www.bankweb.com\/de\/?s={search_term_string}"},"query-input":"required name=search_term_string"}],"inLanguage":"sv-SE"},{"@type":"Organization","@id":"https:\/\/www.bankweb.com\/de\/#organization","name":"Bankweb.com","url":"https:\/\/www.bankweb.com\/de\/","logo":{"@type":"ImageObject","inLanguage":"sv-SE","@id":"https:\/\/www.bankweb.com\/de\/#\/schema\/logo\/image\/","url":"https:\/\/www.bankweb.com\/de\/wp-content\/uploads\/2019\/11\/245px_bankweb_logo.png","contentUrl":"https:\/\/www.bankweb.com\/de\/wp-content\/uploads\/2019\/11\/245px_bankweb_logo.png","width":245,"height":49,"caption":"Bankweb.com"},"image":{"@id":"https:\/\/www.bankweb.com\/de\/#\/schema\/logo\/image\/"}}]}},"_links":{"self":[{"href":"https:\/\/www.bankweb.com\/de\/wp-json\/wp\/v2\/pages\/5203","targetHints":{"allow":["GET"]}}],"collection":[{"href":"https:\/\/www.bankweb.com\/de\/wp-json\/wp\/v2\/pages"}],"about":[{"href":"https:\/\/www.bankweb.com\/de\/wp-json\/wp\/v2\/types\/page"}],"author":[{"embeddable":true,"href":"https:\/\/www.bankweb.com\/de\/wp-json\/wp\/v2\/users\/4"}],"replies":[{"embeddable":true,"href":"https:\/\/www.bankweb.com\/de\/wp-json\/wp\/v2\/comments?post=5203"}],"version-history":[{"count":0,"href":"https:\/\/www.bankweb.com\/de\/wp-json\/wp\/v2\/pages\/5203\/revisions"}],"wp:attachment":[{"href":"https:\/\/www.bankweb.com\/de\/wp-json\/wp\/v2\/media?parent=5203"}],"curies":[{"name":"wp","href":"https:\/\/api.w.org\/{rel}","templated":true}]}}