{"id":5203,"date":"2017-08-31T11:30:52","date_gmt":"2017-08-31T11:30:52","guid":{"rendered":"http:\/\/www.bankweb.com\/cz\/?page_id=5203"},"modified":"2018-05-25T11:04:01","modified_gmt":"2018-05-25T11:04:01","slug":"start","status":"publish","type":"page","link":"https:\/\/www.bankweb.com\/cz\/","title":{"rendered":"Start"},"content":{"rendered":"<div class=\"entryfullfront\">\n<p>    <!--------Slides------>    <\/p>\n<div class=\"carousel slide carousel-fade\" data-ride=\"carousel\">\n\t\t<!-- Wrapper for slides --><\/p>\n<div class=\"carousel-inner\" role=\"listbox\">\n<div class=\"item active\" style=\" background: url(\/cz\/images\/slide.jpg) no-repeat top center ;\">\n<div class=\"overlay\">\n<div class=\"ittembold\">\n<div class=\"caption\">Bankweb.com &#8211; <br \/>Jak v\u00e1m m\u016f\u017eeme pomoci?<\/div>\n<p><a href=\"\" class=\"bluebtn\">Chcete si p\u016fj\u010dit pen\u00edze zcela bez \u00farok\u016f a poplatk\u016f?<\/a><\/div>\n<\/div><\/div>\n<div class=\"item\" style=\" background: url(\/cz\/images\/slide.jpg) no-repeat top center ;\">\n<div class=\"overlay\">\n<div class=\"ittembold\">\n<div class=\"caption\">Bankweb.com &#8211; <br \/>Z\u00edskejte lep\u0161\u00ed produkt d\u00edky p\u0159ehledn\u00e9mu srovn\u00e1n\u00ed ji\u017e dnes<\/div>\n<p><a href=\"\"  class=\"bluebtn\">Chcete si p\u016fj\u010dit pen\u00edze zcela bez \u00farok\u016f a poplatk\u016f?<\/a><\/div>\n<\/div><\/div>\n<\/p><\/div>\n<p>        <a class=\"left carouselbtn\" href=\".carousel\" role=\"button\" data-slide=\"prev\"><<\/a><br \/>\n        <a class=\"right carouselbtn\" href=\".carousel\" role=\"button\" data-slide=\"next\">><\/a><\/p><\/div>\n<\/div>\n<p>    <!---- below Image Blocks----><\/p>\n<div class=\"container\">\n<div class=\" homeblocks row\">\n<div class=\"col5\">\n<div class=\"inner\" style=\"background-color:#1ebee4;\">\n<div class=\"border\">\n<div class=\"image\" style=\"background: url(\/cz\/images\/personal_loan.png) no-repeat center center ;\"><\/div>\n<h3><a class=\"whitefront\" href=\"https:\/\/www.bankweb.com\/cz\/pujcka-online\/\">P\u016fj\u010dka online<\/a><\/h3>\n<\/p><\/div>\n<\/p><\/div>\n<\/p><\/div>\n<\/p><\/div>\n<\/p><\/div>\n<\/p><\/div>\n<\/div>\n<h1>Osobn\u00ed p\u016fj\u010dky a rychlo\u00fav\u011bry<\/h1>\n<p>Osobn\u00ed p\u016fj\u010dky jsou praktick\u00e9 finan\u010dn\u00ed n\u00e1stroje, kter\u00e9 mohou pomoci p\u0159i zotaven\u00ed z finan\u010dn\u00ed krize \u010di v p\u0159\u00edpad\u011b ne\u010dekan\u00fdch velk\u00fdch v\u00fddaj\u016f. U n\u00e1kup\u016f, kter\u00e9 nejsou kryty jin\u00fdmi typy \u00fav\u011br\u016f, mohou jednotlivci vyu\u017e\u00edt osobn\u00ed <a href=\"https:\/\/www.bankweb.com\/cz\/pujcka-online\/\">p\u016fj\u010dky<\/a> na pokryt\u00ed takov\u00fdch v\u00fddaj\u016f, jako jsou n\u00e1klady na svatbu, rekonstrukci bydlen\u00ed, opravu automobil\u016f nebo dokonce luxusn\u00ed dovolenou. Spl\u00e1cen\u00ed se obvykle prov\u00e1d\u00ed prost\u0159ednictv\u00edm pevn\u011b stanoven\u00fdch spl\u00e1tek v p\u0159edem ur\u010den\u00e9 lh\u016ft\u011b. Osobn\u00ed p\u016fj\u010dky pat\u0159\u00ed do kategorie nezaji\u0161t\u011bn\u00fdch p\u016fj\u010dek.<br \/>\n&nbsp;<br \/>\nTo znamen\u00e1, \u017ee nevy\u017eaduj\u00ed \u017e\u00e1dn\u00fd druh zaji\u0161t\u011bn\u00ed v podob\u011b nemovitosti \u010di jin\u00fdch aktiv. V\u00fdsledkem je v\u0161ak i m\u00edrn\u011b vy\u0161\u0161\u00ed \u00farokov\u00e1 sazba ve srovn\u00e1n\u00ed se zaji\u0161t\u011bn\u00fdmi \u00fav\u011bry.<br \/>\n&nbsp;<br \/>\nO osobn\u00ed p\u016fj\u010dku m\u016f\u017eete za\u017e\u00e1dat ve v\u0161ech bank\u00e1ch nebo u vyhl\u00e1\u0161en\u00fdch finan\u010dn\u00edch spole\u010dnost\u00ed. Novinkou modern\u00ed doby jsou i online osobn\u00ed p\u016fj\u010dky, kter\u00e9 m\u016f\u017eete snadno vy\u0159\u00eddit z pohodl\u00ed domova. K vy\u0159\u00edzen\u00ed online p\u016fj\u010dky v\u00e1m posta\u010d\u00ed vypln\u011bn\u00ed online \u017e\u00e1dosti, dolo\u017een\u00ed pot\u0159ebn\u00fdch doklad\u016f a potvrzen\u00ed v naskenovan\u00e9 podob\u011b. O schv\u00e1len\u00ed p\u016fj\u010dky budete n\u00e1sledn\u011b informov\u00e1ni e-mailem, pen\u00edze pak do n\u011bkolika pracovn\u00edch dn\u016f obdr\u017e\u00edte na v\u00e1\u0161 bankovn\u00ed \u00fa\u010det.<br \/>\n&nbsp;<br \/>\n<img loading=\"lazy\" decoding=\"async\" src=\"https:\/\/www.bankweb.com\/cz\/wp-content\/uploads\/2018\/05\/Osobni-pujcky-1024x683.jpg\" alt=\"Osobn\u00ed p\u016fj\u010dky\" width=\"580\" height=\"387\" class=\"alignnone size-large wp-image-5545\" srcset=\"https:\/\/www.bankweb.com\/cz\/wp-content\/uploads\/2018\/05\/Osobni-pujcky-1024x683.jpg 1024w, https:\/\/www.bankweb.com\/cz\/wp-content\/uploads\/2018\/05\/Osobni-pujcky-300x200.jpg 300w, https:\/\/www.bankweb.com\/cz\/wp-content\/uploads\/2018\/05\/Osobni-pujcky-768x512.jpg 768w, https:\/\/www.bankweb.com\/cz\/wp-content\/uploads\/2018\/05\/Osobni-pujcky.jpg 1920w\" sizes=\"auto, (max-width: 580px) 100vw, 580px\" \/><br \/>\n&nbsp;<\/p>\n<h2>\u017d\u00e1dost o osobn\u00ed p\u016fj\u010dku<\/h2>\n<p>Pod\u00e1n\u00ed \u017e\u00e1dosti o osobn\u00ed p\u016fj\u010dku je pom\u011brn\u011b jednoduch\u00fd proces, ale schv\u00e1len\u00ed \u017e\u00e1dosti o p\u016fj\u010dku m\u016f\u017ee b\u00fdt u\u017e pon\u011bkud slo\u017eit\u011bj\u0161\u00ed z\u00e1le\u017eitost\u00ed. Podle na\u0159\u00edzen\u00ed konkr\u00e9tn\u00ed banky byste museli p\u0159edlo\u017eit dokumenty, jako jsou doklady KYC (Know Your Customer &#8211; poznej sv\u00e9ho z\u00e1kazn\u00edka), ned\u00e1vn\u00e9 v\u00fdplatn\u00ed pasky, smlouva o zam\u011bstn\u00e1n\u00ed nebo potvrzen\u00ed o zdroj\u00edch p\u0159\u00edjmu, apod.<br \/>\n&nbsp;<br \/>\nPo p\u0159edlo\u017een\u00ed v\u0161ech po\u017eadovan\u00fdch doklad\u016f mus\u00ed b\u00fdt \u017e\u00e1dost uchaze\u010de prov\u011b\u0159en\u00e1 v souladu s kreditn\u00ed histori\u00ed. Tyto n\u00e1le\u017eitosti pom\u00e1haj\u00ed bank\u00e1m ur\u010dit va\u0161i schopnost spl\u00e1cet \u00fav\u011br, a tak\u00e9 zkontrolovat po\u010det aktivn\u00edch p\u016fj\u010dek, kter\u00e9 m\u00e1te v sou\u010dasn\u00e9 dob\u011b.<br \/>\n&nbsp;<\/p>\n<h3>Rychl\u00e9 p\u016fj\u010dky<\/h3>\n<p>N\u011bkdy m\u016f\u017ee nastat situace, \u017ee rychle pot\u0159ebujete v\u011bt\u0161\u00ed \u010d\u00e1stku v hotovosti, a\u0165 u\u017e se jedn\u00e1 o opravu po\u0161kozen\u00e9ho auta \u010di \u00fahradu nedoplatku za slu\u017eby. Pokud na to zrovna nem\u00e1te prost\u0159edky, nezbude v\u00e1m nic jin\u00e9ho, ne\u017e si pot\u0159ebn\u00fd pen\u011b\u017en\u00ed obnos p\u016fj\u010dit. Jedinou mo\u017enost\u00ed je <a href=\"https:\/\/www.bankweb.com\/cz\/pujcka-online\/\">online osobn\u00ed p\u016fj\u010dka<\/a>, kter\u00e1 v\u00e1m zajist\u00ed pen\u00edze b\u011bhem 1-2 dn\u016f. Oproti osobn\u00ed p\u016fj\u010dce, vy\u0159\u00edzen\u00ed bankovn\u00edho \u00fav\u011bru m\u016f\u017ee trvat i n\u011bkolik t\u00fddn\u016f. Rychl\u00e9 p\u016fj\u010dky maj\u00ed jen jedinou nev\u00fdhodu: vysokou m\u00edru ro\u010dn\u00ed \u00farokov\u00e9 sazby. Proto rad\u011bji d\u00e1vejte pozor, ne\u017e se odhodl\u00e1te podepsat smlouvu o p\u016fj\u010dce.<br \/>\n&nbsp;<\/p>\n<h4>Kreditn\u00ed karty<\/h4>\n<p>Kdy\u017e pot\u0159ebujete p\u016fj\u010dit, m\u016f\u017eete zv\u00e1\u017eit osobn\u00ed p\u016fj\u010dku nebo kreditn\u00ed kartu. Kreditn\u00ed karty jsou ide\u00e1ln\u00ed pro kr\u00e1tkodob\u00e9 v\u00fddaje, kter\u00e9 m\u016f\u017eete splatit za m\u011bs\u00edc, zat\u00edmco osobn\u00ed p\u016fj\u010dky jdou nejl\u00e9pe vyu\u017e\u00edt na dlouhodob\u00e9 v\u00fddaje, financov\u00e1n\u00ed velk\u00e9ho n\u00e1kupu nebo konsolidaci v\u00edce pohled\u00e1vek dohromady. Va\u0161e rozhodnut\u00ed, zda-li pou\u017e\u00edt kreditn\u00ed kartu nebo osobn\u00ed p\u016fj\u010dku bude z\u00e1viset na va\u0161\u00ed kreditn\u00ed historii, \u010d\u00e1stce, o n\u00ed\u017e chcete po\u017e\u00e1dat a tak\u00e9 na tom, jak dlouho p\u016fj\u010dku budete spl\u00e1cet.<br \/>\n&nbsp;<br \/>\nKreditn\u00ed karty pat\u0159\u00ed mezi jedny z nejdra\u017e\u0161\u00edch forem financov\u00e1n\u00ed s vysok\u00fdmi \u00farokov\u00fdmi sazbami. P\u0159i spl\u00e1cen\u00ed kreditn\u00ed karty m\u00e1te povinnost prov\u00e9st minim\u00e1ln\u00ed m\u011bs\u00ed\u010dn\u00ed platbu &#8211; obecn\u011b kolem 1% a\u017e 3% z\u016fstatku &#8211; ale mus\u00edte ji zaplatit v pln\u00e9 v\u00fd\u0161i, abyste p\u0159ede\u0161li vzniku \u00farok\u016f. \u00darok se vypo\u010d\u00edt\u00e1 na z\u00e1klad\u011b pr\u016fm\u011brn\u00e9ho denn\u00edho z\u016fstatku v pr\u016fb\u011bhu m\u011bs\u00edce, nikoli kone\u010dn\u00e9ho z\u016fstatku.<br \/>\n&nbsp;<br \/>\n<img loading=\"lazy\" decoding=\"async\" src=\"https:\/\/www.bankweb.com\/cz\/wp-content\/uploads\/2018\/05\/pujcky-1024x683.jpg\" alt=\"Kreditn\u00ed karty\" width=\"580\" height=\"387\" class=\"alignnone size-large wp-image-5546\" srcset=\"https:\/\/www.bankweb.com\/cz\/wp-content\/uploads\/2018\/05\/pujcky-1024x683.jpg 1024w, https:\/\/www.bankweb.com\/cz\/wp-content\/uploads\/2018\/05\/pujcky-300x200.jpg 300w, https:\/\/www.bankweb.com\/cz\/wp-content\/uploads\/2018\/05\/pujcky-768x512.jpg 768w, https:\/\/www.bankweb.com\/cz\/wp-content\/uploads\/2018\/05\/pujcky.jpg 1920w\" sizes=\"auto, (max-width: 580px) 100vw, 580px\" \/><br \/>\n&nbsp;<br \/>\nKreditn\u00ed karta m\u00e1 nastaven\u00fd limit na v\u00fd\u0161i dluhu, kter\u00fd m\u016f\u017eete m\u00edt na kart\u011b. V\u00fd\u0161e \u00fav\u011bru, kter\u00fd m\u00e1te m\u011bs\u00ed\u010dn\u011b k dispozici z\u00e1vis\u00ed na tom, kolik utrat\u00edte a kolik spl\u00e1c\u00edte. Kreditn\u00ed karty jsou zpravidla nezabezpe\u010den\u00e9, tedy nejsou zaji\u0161t\u011bny z\u00e1stavn\u00edm pr\u00e1vem.<br \/>\n&nbsp;<br \/>\nKv\u016fli vysok\u00fdm \u00farokov\u00fdm sazb\u00e1m jsou kreditn\u00ed karty nejl\u00e9pe vyhrazeny pro kr\u00e1tkodob\u00e9 financov\u00e1n\u00ed. Pou\u017eijte kreditn\u00ed kartu pouze pro n\u00e1kupy, kter\u00e9 budete moci vyplatit do data splatnosti, jako jsou denn\u00ed n\u00e1klady nebo m\u011bs\u00ed\u010dn\u00ed \u00fa\u010dty. M\u016f\u017eete pou\u017e\u00edt hotovost nebo debetn\u00ed kartu pro tyt\u00e9\u017e n\u00e1kupy, ale kreditn\u00ed karty maj\u00ed v\u00fdhody mimo kr\u00e1tkodob\u00e9 bezplatn\u00e9 financov\u00e1n\u00ed. Mnoho karet p\u0159ich\u00e1z\u00ed s hotovostn\u00edmi nebo cestovn\u00edmi odm\u011bnami, obvykle v rozmez\u00ed 1% a\u017e 2% z toho, co utrat\u00edte, prodlou\u017eenou dobou z\u00e1ruky, \u010di poji\u0161t\u011bn\u00edm na cesty.<br \/>\n&nbsp;<\/p>\n<h4>Podnikatelsk\u00e9 \u00fav\u011bry<\/h4>\n<p>V p\u0159\u00edpad\u011b, \u017ee nejste fyzick\u00e1 osoba, ale podnikatel, m\u016f\u017eete vyu\u017eit v\u00fdhod podnikatelsk\u00e9ho \u00fav\u011bru. Podnikatelsk\u00e9 \u00fav\u011bry jsou vytvo\u0159eny tak, aby odpov\u00eddaly pot\u0159eb\u00e1m podnik\u00e1n\u00ed, nehled\u011b na objem va\u0161ich tr\u017eeb. Stejn\u011b jako u v\u0161ech p\u016fj\u010dek, podnikatelsk\u00fd \u00fav\u011br je spojen se vznikem dluhu, kter\u00fd bude spl\u00e1cen s nav\u00fd\u0161en\u00edm o \u00farok.<br \/>\n&nbsp;<br \/>\nExistuje \u0159ada r\u016fzn\u00fdch typ\u016f podnikatelsk\u00fdch \u00fav\u011br\u016f, \u00fav\u011bry zaji\u0161t\u011bn\u00e9 dal\u0161\u00edmi movit\u00fdmi \u010di nemovit\u00fdmi aktivy, nebo \u00fav\u011bry bez zaji\u0161t\u011bn\u00ed.<br \/>\n&nbsp;<br \/>\nPodnikatelsk\u00fd \u00fav\u011br m\u016f\u017ee zachr\u00e1nit va\u0161e podnik\u00e1n\u00ed b\u011bhem slab\u0161\u00edch m\u011bs\u00edc\u016f nebo s jeho pomoc\u00ed m\u016f\u017eete financovat pl\u00e1novan\u00e9 roz\u0161\u00ed\u0159en\u00ed podnik\u00e1n\u00ed. \u00dav\u011br m\u016f\u017eete vyu\u017eit k n\u00e1kupu surovin, vybaven\u00ed \u010di zaplacen\u00ed n\u00e1jmu. N\u011bkte\u0159\u00ed podnikatel\u00e9 vyu\u017e\u00edvaj\u00ed podnikatelsk\u00e9 \u00fav\u011bry, aby pokryli v\u00fddaje za zam\u011bstnaneck\u00e9 platy a mzdy, dokud se jejich nov\u00e1 firma nepostav\u00ed na vlastn\u00ed nohy, zat\u00edmco jin\u00e9 spole\u010dnosti p\u016fj\u010duj\u00ed prost\u0159edky na kancel\u00e1\u0159sk\u00e9 pot\u0159eby, invent\u00e1\u0159 nebo obchodn\u00ed projekty.<br \/>\n&nbsp;<br \/>\nV\u011b\u0159itel\u00e9 obvykle cht\u011bj\u00ed v\u011bd\u011bt, za jak\u00fdm \u00fa\u010delem podnikatel pl\u00e1nuje vyu\u017e\u00edt vyp\u016fj\u010den\u00e9 pen\u00edze, tak\u017ee majitel\u00e9 firem mus\u00ed zajistit, aby m\u011bli p\u0159ehled o tom, jak bude s pen\u011bzi nakl\u00e1d\u00e1no.<\/p>\n","protected":false},"excerpt":{"rendered":"<p>Bankweb.com &#8211; Jak v\u00e1m m\u016f\u017eeme pomoci? Chcete si p\u016fj\u010dit pen\u00edze zcela bez \u00farok\u016f a poplatk\u016f? Bankweb.com &#8211; Z\u00edskejte lep\u0161\u00ed produkt d\u00edky p\u0159ehledn\u00e9mu srovn\u00e1n\u00ed ji\u017e dnes Chcete si p\u016fj\u010dit pen\u00edze zcela bez \u00farok\u016f a poplatk\u016f? P\u016fj\u010dka online Osobn\u00ed p\u016fj\u010dky a rychlo\u00fav\u011bry [&hellip;]<\/p>\n","protected":false},"author":1,"featured_media":0,"parent":0,"menu_order":0,"comment_status":"closed","ping_status":"closed","template":"","meta":{"footnotes":""},"class_list":["post-5203","page","type-page","status-publish","hentry"],"yoast_head":"<!-- This site is optimized with the Yoast SEO plugin v19.3 - https:\/\/yoast.com\/wordpress\/plugins\/seo\/ -->\n<title>Osobn\u00ed p\u016fj\u010dky a rychlo\u00fav\u011bry- \u010cesk\u00fd porovn\u00e1va\u010d cen - Bankweb.com<\/title>\n<meta name=\"description\" content=\"Pom\u00e1h\u00e1me v\u00e1m u\u0161et\u0159it podstatn\u00e9 \u010d\u00e1stky okam\u017eit\u00fdm zobrazen\u00edm nastaviteln\u00fdch seznam\u016f. Tis\u00edciprocentn\u00ed \u00farok i nebankovn\u00ed spole\u010dnost zaj\u00edmav\u011bj\u0161\u00ed ne\u017e banka - v\u0161e vid\u00edte okam\u017eit\u011b.\" \/>\n<meta name=\"robots\" content=\"index, follow, max-snippet:-1, max-image-preview:large, max-video-preview:-1\" \/>\n<link rel=\"canonical\" href=\"https:\/\/www.bankweb.com\/cz\/\" \/>\n<meta name=\"twitter:card\" content=\"summary\" \/>\n<meta name=\"twitter:title\" content=\"Osobn\u00ed p\u016fj\u010dky a rychlo\u00fav\u011bry- \u010cesk\u00fd porovn\u00e1va\u010d cen - Bankweb.com\" \/>\n<meta name=\"twitter:description\" content=\"Pom\u00e1h\u00e1me v\u00e1m u\u0161et\u0159it podstatn\u00e9 \u010d\u00e1stky okam\u017eit\u00fdm zobrazen\u00edm nastaviteln\u00fdch seznam\u016f. Tis\u00edciprocentn\u00ed \u00farok i nebankovn\u00ed spole\u010dnost zaj\u00edmav\u011bj\u0161\u00ed ne\u017e banka - v\u0161e vid\u00edte okam\u017eit\u011b.\" \/>\n<meta name=\"twitter:image\" content=\"https:\/\/www.bankweb.com\/cz\/wp-content\/uploads\/2018\/05\/Osobni-pujcky.jpg\" \/>\n<meta name=\"twitter:label1\" content=\"Ber\u00e4knad l\u00e4stid\" \/>\n\t<meta name=\"twitter:data1\" content=\"6 minuter\" \/>\n<script type=\"application\/ld+json\" class=\"yoast-schema-graph\">{\"@context\":\"https:\/\/schema.org\",\"@graph\":[{\"@type\":\"WebSite\",\"@id\":\"https:\/\/www.bankweb.com\/cz\/#website\",\"url\":\"https:\/\/www.bankweb.com\/cz\/\",\"name\":\"Bankweb.com Tjeckien\",\"description\":\"\",\"potentialAction\":[{\"@type\":\"SearchAction\",\"target\":{\"@type\":\"EntryPoint\",\"urlTemplate\":\"https:\/\/www.bankweb.com\/cz\/?s={search_term_string}\"},\"query-input\":\"required name=search_term_string\"}],\"inLanguage\":\"sv-SE\"},{\"@type\":\"ImageObject\",\"inLanguage\":\"sv-SE\",\"@id\":\"https:\/\/www.bankweb.com\/cz\/#primaryimage\",\"url\":\"https:\/\/www.bankweb.com\/cz\/wp-content\/uploads\/2018\/05\/Osobni-pujcky.jpg\",\"contentUrl\":\"https:\/\/www.bankweb.com\/cz\/wp-content\/uploads\/2018\/05\/Osobni-pujcky.jpg\",\"width\":1920,\"height\":1280,\"caption\":\"Osobn\u00ed p\u016fj\u010dky\"},{\"@type\":\"WebPage\",\"@id\":\"https:\/\/www.bankweb.com\/cz\/\",\"url\":\"https:\/\/www.bankweb.com\/cz\/\",\"name\":\"Osobn\u00ed p\u016fj\u010dky a rychlo\u00fav\u011bry- \u010cesk\u00fd porovn\u00e1va\u010d cen - Bankweb.com\",\"isPartOf\":{\"@id\":\"https:\/\/www.bankweb.com\/cz\/#website\"},\"primaryImageOfPage\":{\"@id\":\"https:\/\/www.bankweb.com\/cz\/#primaryimage\"},\"datePublished\":\"2017-08-31T11:30:52+00:00\",\"dateModified\":\"2018-05-25T11:04:01+00:00\",\"description\":\"Pom\u00e1h\u00e1me v\u00e1m u\u0161et\u0159it podstatn\u00e9 \u010d\u00e1stky okam\u017eit\u00fdm zobrazen\u00edm nastaviteln\u00fdch seznam\u016f. Tis\u00edciprocentn\u00ed \u00farok i nebankovn\u00ed spole\u010dnost zaj\u00edmav\u011bj\u0161\u00ed ne\u017e banka - v\u0161e vid\u00edte okam\u017eit\u011b.\",\"breadcrumb\":{\"@id\":\"https:\/\/www.bankweb.com\/cz\/#breadcrumb\"},\"inLanguage\":\"sv-SE\",\"potentialAction\":[{\"@type\":\"ReadAction\",\"target\":[\"https:\/\/www.bankweb.com\/cz\/\"]}]},{\"@type\":\"BreadcrumbList\",\"@id\":\"https:\/\/www.bankweb.com\/cz\/#breadcrumb\",\"itemListElement\":[{\"@type\":\"ListItem\",\"position\":1,\"name\":\"Hem\",\"item\":\"https:\/\/www.bankweb.com\/cz\/\"},{\"@type\":\"ListItem\",\"position\":2,\"name\":\"Start\"}]}]}<\/script>\n<!-- \/ Yoast SEO plugin. -->","yoast_head_json":{"title":"Osobn\u00ed p\u016fj\u010dky a rychlo\u00fav\u011bry- \u010cesk\u00fd porovn\u00e1va\u010d cen - Bankweb.com","description":"Pom\u00e1h\u00e1me v\u00e1m u\u0161et\u0159it podstatn\u00e9 \u010d\u00e1stky okam\u017eit\u00fdm zobrazen\u00edm nastaviteln\u00fdch seznam\u016f. Tis\u00edciprocentn\u00ed \u00farok i nebankovn\u00ed spole\u010dnost zaj\u00edmav\u011bj\u0161\u00ed ne\u017e banka - v\u0161e vid\u00edte okam\u017eit\u011b.","robots":{"index":"index","follow":"follow","max-snippet":"max-snippet:-1","max-image-preview":"max-image-preview:large","max-video-preview":"max-video-preview:-1"},"canonical":"https:\/\/www.bankweb.com\/cz\/","twitter_card":"summary","twitter_title":"Osobn\u00ed p\u016fj\u010dky a rychlo\u00fav\u011bry- \u010cesk\u00fd porovn\u00e1va\u010d cen - Bankweb.com","twitter_description":"Pom\u00e1h\u00e1me v\u00e1m u\u0161et\u0159it podstatn\u00e9 \u010d\u00e1stky okam\u017eit\u00fdm zobrazen\u00edm nastaviteln\u00fdch seznam\u016f. Tis\u00edciprocentn\u00ed \u00farok i nebankovn\u00ed spole\u010dnost zaj\u00edmav\u011bj\u0161\u00ed ne\u017e banka - v\u0161e vid\u00edte okam\u017eit\u011b.","twitter_image":"https:\/\/www.bankweb.com\/cz\/wp-content\/uploads\/2018\/05\/Osobni-pujcky.jpg","twitter_misc":{"Ber\u00e4knad l\u00e4stid":"6 minuter"},"schema":{"@context":"https:\/\/schema.org","@graph":[{"@type":"WebSite","@id":"https:\/\/www.bankweb.com\/cz\/#website","url":"https:\/\/www.bankweb.com\/cz\/","name":"Bankweb.com Tjeckien","description":"","potentialAction":[{"@type":"SearchAction","target":{"@type":"EntryPoint","urlTemplate":"https:\/\/www.bankweb.com\/cz\/?s={search_term_string}"},"query-input":"required name=search_term_string"}],"inLanguage":"sv-SE"},{"@type":"ImageObject","inLanguage":"sv-SE","@id":"https:\/\/www.bankweb.com\/cz\/#primaryimage","url":"https:\/\/www.bankweb.com\/cz\/wp-content\/uploads\/2018\/05\/Osobni-pujcky.jpg","contentUrl":"https:\/\/www.bankweb.com\/cz\/wp-content\/uploads\/2018\/05\/Osobni-pujcky.jpg","width":1920,"height":1280,"caption":"Osobn\u00ed p\u016fj\u010dky"},{"@type":"WebPage","@id":"https:\/\/www.bankweb.com\/cz\/","url":"https:\/\/www.bankweb.com\/cz\/","name":"Osobn\u00ed p\u016fj\u010dky a rychlo\u00fav\u011bry- \u010cesk\u00fd porovn\u00e1va\u010d cen - Bankweb.com","isPartOf":{"@id":"https:\/\/www.bankweb.com\/cz\/#website"},"primaryImageOfPage":{"@id":"https:\/\/www.bankweb.com\/cz\/#primaryimage"},"datePublished":"2017-08-31T11:30:52+00:00","dateModified":"2018-05-25T11:04:01+00:00","description":"Pom\u00e1h\u00e1me v\u00e1m u\u0161et\u0159it podstatn\u00e9 \u010d\u00e1stky okam\u017eit\u00fdm zobrazen\u00edm nastaviteln\u00fdch seznam\u016f. Tis\u00edciprocentn\u00ed \u00farok i nebankovn\u00ed spole\u010dnost zaj\u00edmav\u011bj\u0161\u00ed ne\u017e banka - v\u0161e vid\u00edte okam\u017eit\u011b.","breadcrumb":{"@id":"https:\/\/www.bankweb.com\/cz\/#breadcrumb"},"inLanguage":"sv-SE","potentialAction":[{"@type":"ReadAction","target":["https:\/\/www.bankweb.com\/cz\/"]}]},{"@type":"BreadcrumbList","@id":"https:\/\/www.bankweb.com\/cz\/#breadcrumb","itemListElement":[{"@type":"ListItem","position":1,"name":"Hem","item":"https:\/\/www.bankweb.com\/cz\/"},{"@type":"ListItem","position":2,"name":"Start"}]}]}},"_links":{"self":[{"href":"https:\/\/www.bankweb.com\/cz\/wp-json\/wp\/v2\/pages\/5203","targetHints":{"allow":["GET"]}}],"collection":[{"href":"https:\/\/www.bankweb.com\/cz\/wp-json\/wp\/v2\/pages"}],"about":[{"href":"https:\/\/www.bankweb.com\/cz\/wp-json\/wp\/v2\/types\/page"}],"author":[{"embeddable":true,"href":"https:\/\/www.bankweb.com\/cz\/wp-json\/wp\/v2\/users\/1"}],"replies":[{"embeddable":true,"href":"https:\/\/www.bankweb.com\/cz\/wp-json\/wp\/v2\/comments?post=5203"}],"version-history":[{"count":26,"href":"https:\/\/www.bankweb.com\/cz\/wp-json\/wp\/v2\/pages\/5203\/revisions"}],"predecessor-version":[{"id":5548,"href":"https:\/\/www.bankweb.com\/cz\/wp-json\/wp\/v2\/pages\/5203\/revisions\/5548"}],"wp:attachment":[{"href":"https:\/\/www.bankweb.com\/cz\/wp-json\/wp\/v2\/media?parent=5203"}],"curies":[{"name":"wp","href":"https:\/\/api.w.org\/{rel}","templated":true}]}}